{"id":107,"date":"2025-01-13T14:34:01","date_gmt":"2025-01-13T13:34:01","guid":{"rendered":"http:\/\/www.enw-ltd.net\/?page_id=107"},"modified":"2025-02-10T17:58:01","modified_gmt":"2025-02-10T16:58:01","slug":"tv-sat-per-imbarcazioni","status":"publish","type":"page","link":"https:\/\/www.enw-ltd.net\/index.php\/tv-sat-per-imbarcazioni\/","title":{"rendered":"TV Sat per imbarcazioni"},"content":{"rendered":"\n<figure class=\"wp-block-image size-full\"><img loading=\"lazy\" decoding=\"async\" width=\"185\" height=\"185\" src=\"https:\/\/www.enw-ltd.net\/wp-content\/uploads\/2025\/01\/tvsat.png\" alt=\"\" class=\"wp-image-713\" srcset=\"https:\/\/www.enw-ltd.net\/wp-content\/uploads\/2025\/01\/tvsat.png 185w, https:\/\/www.enw-ltd.net\/wp-content\/uploads\/2025\/01\/tvsat-150x150.png 150w\" sizes=\"auto, (max-width: 185px) 100vw, 185px\" \/><\/figure>\n\n\n\n<p>Un sistema satellitare per la ricezione TV in digitale, \u00e8 di estrema importanza a bordo di navi, ma anche di yacht. I nostri sistemi sono ottimizzati per un uso marino ed hanno tutte le peculiarit\u00e0 di un impianto fisso.<\/p>\n\n\n\n<figure class=\"wp-block-image size-full\"><img loading=\"lazy\" decoding=\"async\" width=\"217\" height=\"158\" src=\"https:\/\/www.enw-ltd.net\/wp-content\/uploads\/2025\/01\/tvsat2.png\" alt=\"\" class=\"wp-image-714\"\/><\/figure>\n\n\n\n<p>Siamo rivenditori di prodotti VDO. Le antenne satellitari VDO offrono semplicit\u00e0 di installazione grazie ad un unico cavo di collegamento per l&#8217; alimentazione e il segnale, massima qualit\u00e0 di ricezione ed estrema silenziosit\u00e0 durante il funzionamento. Basta premere un tasto per godersi in totale relax il proprio programma televisivo preferito o ascoltare le stazioni radio. Ovunque. Troverete inoltre tutti i tipi di apparati, sia portatili che fissi, per utilizzo su navi, imbarcazioni ed aeromobili, sia per chiamate voce, che per trasmissione dati.<\/p>\n\n\n\n<figure class=\"wp-block-image size-full\"><img loading=\"lazy\" decoding=\"async\" width=\"253\" height=\"128\" src=\"https:\/\/www.enw-ltd.net\/wp-content\/uploads\/2025\/01\/tvsat3.png\" alt=\"\" class=\"wp-image-715\"\/><\/figure>\n\n\n\n<p>La gamma di antenne satellitari motorizzate VDO Ocean Line comprende quattro misure: cm 32, 37, 45 e 60. Tutti i modelli hanno tre uscite, tranne quello da 32 cm che ne ha una. Le versioni da 45 e 60 cm sono disponibili anche con quattro uscite e sono dotate di GPS e della funzione automatic skew per migliorare la ricezione anche nelle zone marginali di copertura satellitare.<\/p>\n\n\n\n<figure class=\"wp-block-image size-full\"><img loading=\"lazy\" decoding=\"async\" width=\"244\" height=\"165\" src=\"https:\/\/www.enw-ltd.net\/wp-content\/uploads\/2025\/01\/tvsat4.png\" alt=\"\" class=\"wp-image-717\"\/><\/figure>\n\n\n\n<p>Tutti i modelli sono dotati di control box e possono essere collegati a qualsiasi decoder digitale Richiedici soluzioni personalizzate per il tuo impianto televisivo satellitare di bordo<\/p>\n\n\n\n<p><strong>Per info e preventivi<\/strong>:<\/p>\n\n\n\n<div class=\"wp-block-buttons has-white-background-color has-background is-layout-flex wp-block-buttons-is-layout-flex\">\n<div class=\"wp-block-button\"><a class=\"wp-block-button__link wp-element-button\" href=\"https:\/\/www.enw-ltd.net\/index.php\/contattaci\/\">Contattaci<\/a><\/div>\n<\/div>\n","protected":false},"excerpt":{"rendered":"<p>Un sistema satellitare per la ricezione TV in digitale, \u00e8 di estrema importanza a bordo di navi, ma anche di yacht. I nostri sistemi sono ottimizzati per un uso marino ed hanno tutte le peculiarit\u00e0 di un impianto fisso. Siamo rivenditori di prodotti VDO. Le antenne satellitari VDO offrono semplicit\u00e0 di installazione grazie ad un&hellip; <br \/> <a class=\"read-more\" href=\"https:\/\/www.enw-ltd.net\/index.php\/tv-sat-per-imbarcazioni\/\">Leggi tutto<\/a><\/p>\n","protected":false},"author":1,"featured_media":0,"parent":0,"menu_order":0,"comment_status":"closed","ping_status":"closed","template":"","meta":{"ngg_post_thumbnail":0,"footnotes":""},"class_list":["post-107","page","type-page","status-publish","hentry"],"yoast_head":"<!-- This site is optimized with the Yoast SEO plugin v27.0 - https:\/\/yoast.com\/product\/yoast-seo-wordpress\/ -->\n<title>TV Sat per imbarcazioni - E.N.W. Ltd<\/title>\n<meta name=\"description\" content=\"Un sistema satellitare per la ricezione TV in digitale, e di estrema importanza a bordo di navi, ma anche di yacht\" \/>\n<meta name=\"robots\" content=\"index, follow, max-snippet:-1, max-image-preview:large, max-video-preview:-1\" \/>\n<link rel=\"canonical\" href=\"https:\/\/www.enw-ltd.net\/index.php\/tv-sat-per-imbarcazioni\/\" \/>\n<meta property=\"og:locale\" content=\"it_IT\" \/>\n<meta property=\"og:type\" content=\"article\" \/>\n<meta property=\"og:title\" content=\"TV Sat per imbarcazioni - E.N.W. Ltd\" \/>\n<meta property=\"og:description\" content=\"Un sistema satellitare per la ricezione TV in digitale, e di estrema importanza a bordo di navi, ma anche di yacht\" \/>\n<meta property=\"og:url\" content=\"https:\/\/www.enw-ltd.net\/index.php\/tv-sat-per-imbarcazioni\/\" \/>\n<meta property=\"og:site_name\" content=\"E.N.W. Ltd\" \/>\n<meta property=\"article:publisher\" content=\"https:\/\/www.facebook.com\/groups\/126257133631\" \/>\n<meta property=\"article:modified_time\" content=\"2025-02-10T16:58:01+00:00\" \/>\n<meta property=\"og:image\" content=\"https:\/\/www.enw-ltd.net\/wp-content\/uploads\/2025\/01\/tvsat.png\" \/>\n<meta name=\"twitter:card\" content=\"summary_large_image\" \/>\n<meta name=\"twitter:label1\" content=\"Tempo di lettura stimato\" \/>\n\t<meta name=\"twitter:data1\" content=\"2 minuti\" \/>\n<script type=\"application\/ld+json\" class=\"yoast-schema-graph\">{\"@context\":\"https:\/\/schema.org\",\"@graph\":[{\"@type\":\"WebPage\",\"@id\":\"https:\/\/www.enw-ltd.net\/index.php\/tv-sat-per-imbarcazioni\/\",\"url\":\"https:\/\/www.enw-ltd.net\/index.php\/tv-sat-per-imbarcazioni\/\",\"name\":\"TV Sat per imbarcazioni - E.N.W. Ltd\",\"isPartOf\":{\"@id\":\"https:\/\/www.enw-ltd.net\/#website\"},\"primaryImageOfPage\":{\"@id\":\"https:\/\/www.enw-ltd.net\/index.php\/tv-sat-per-imbarcazioni\/#primaryimage\"},\"image\":{\"@id\":\"https:\/\/www.enw-ltd.net\/index.php\/tv-sat-per-imbarcazioni\/#primaryimage\"},\"thumbnailUrl\":\"https:\/\/www.enw-ltd.net\/wp-content\/uploads\/2025\/01\/tvsat.png\",\"datePublished\":\"2025-01-13T13:34:01+00:00\",\"dateModified\":\"2025-02-10T16:58:01+00:00\",\"description\":\"Un sistema satellitare per la ricezione TV in digitale, e di estrema importanza a bordo di navi, ma anche di yacht\",\"breadcrumb\":{\"@id\":\"https:\/\/www.enw-ltd.net\/index.php\/tv-sat-per-imbarcazioni\/#breadcrumb\"},\"inLanguage\":\"it-IT\",\"potentialAction\":[{\"@type\":\"ReadAction\",\"target\":[\"https:\/\/www.enw-ltd.net\/index.php\/tv-sat-per-imbarcazioni\/\"]}]},{\"@type\":\"ImageObject\",\"inLanguage\":\"it-IT\",\"@id\":\"https:\/\/www.enw-ltd.net\/index.php\/tv-sat-per-imbarcazioni\/#primaryimage\",\"url\":\"https:\/\/www.enw-ltd.net\/wp-content\/uploads\/2025\/01\/tvsat.png\",\"contentUrl\":\"https:\/\/www.enw-ltd.net\/wp-content\/uploads\/2025\/01\/tvsat.png\",\"width\":185,\"height\":185},{\"@type\":\"BreadcrumbList\",\"@id\":\"https:\/\/www.enw-ltd.net\/index.php\/tv-sat-per-imbarcazioni\/#breadcrumb\",\"itemListElement\":[{\"@type\":\"ListItem\",\"position\":1,\"name\":\"Home\",\"item\":\"https:\/\/www.enw-ltd.net\/\"},{\"@type\":\"ListItem\",\"position\":2,\"name\":\"TV Sat per imbarcazioni\"}]},{\"@type\":\"WebSite\",\"@id\":\"https:\/\/www.enw-ltd.net\/#website\",\"url\":\"https:\/\/www.enw-ltd.net\/\",\"name\":\"www.enw-ltd.net\",\"description\":\"Aspire, Build, Achieve\",\"publisher\":{\"@id\":\"https:\/\/www.enw-ltd.net\/#organization\"},\"potentialAction\":[{\"@type\":\"SearchAction\",\"target\":{\"@type\":\"EntryPoint\",\"urlTemplate\":\"https:\/\/www.enw-ltd.net\/?s={search_term_string}\"},\"query-input\":{\"@type\":\"PropertyValueSpecification\",\"valueRequired\":true,\"valueName\":\"search_term_string\"}}],\"inLanguage\":\"it-IT\"},{\"@type\":\"Organization\",\"@id\":\"https:\/\/www.enw-ltd.net\/#organization\",\"name\":\"E.N.W. Ltd\",\"url\":\"https:\/\/www.enw-ltd.net\/\",\"logo\":{\"@type\":\"ImageObject\",\"inLanguage\":\"it-IT\",\"@id\":\"https:\/\/www.enw-ltd.net\/#\/schema\/logo\/image\/\",\"url\":\"https:\/\/www.enw-ltd.net\/wp-content\/uploads\/2025\/01\/logo-ENW-bianco.png\",\"contentUrl\":\"https:\/\/www.enw-ltd.net\/wp-content\/uploads\/2025\/01\/logo-ENW-bianco.png\",\"width\":992,\"height\":974,\"caption\":\"E.N.W. Ltd\"},\"image\":{\"@id\":\"https:\/\/www.enw-ltd.net\/#\/schema\/logo\/image\/\"},\"sameAs\":[\"https:\/\/www.facebook.com\/groups\/126257133631\"]}]}<\/script>\n<!-- \/ Yoast SEO plugin. -->","yoast_head_json":{"title":"TV Sat per imbarcazioni - E.N.W. Ltd","description":"Un sistema satellitare per la ricezione TV in digitale, e di estrema importanza a bordo di navi, ma anche di yacht","robots":{"index":"index","follow":"follow","max-snippet":"max-snippet:-1","max-image-preview":"max-image-preview:large","max-video-preview":"max-video-preview:-1"},"canonical":"https:\/\/www.enw-ltd.net\/index.php\/tv-sat-per-imbarcazioni\/","og_locale":"it_IT","og_type":"article","og_title":"TV Sat per imbarcazioni - E.N.W. Ltd","og_description":"Un sistema satellitare per la ricezione TV in digitale, e di estrema importanza a bordo di navi, ma anche di yacht","og_url":"https:\/\/www.enw-ltd.net\/index.php\/tv-sat-per-imbarcazioni\/","og_site_name":"E.N.W. Ltd","article_publisher":"https:\/\/www.facebook.com\/groups\/126257133631","article_modified_time":"2025-02-10T16:58:01+00:00","og_image":[{"url":"https:\/\/www.enw-ltd.net\/wp-content\/uploads\/2025\/01\/tvsat.png","type":"","width":"","height":""}],"twitter_card":"summary_large_image","twitter_misc":{"Tempo di lettura stimato":"2 minuti"},"schema":{"@context":"https:\/\/schema.org","@graph":[{"@type":"WebPage","@id":"https:\/\/www.enw-ltd.net\/index.php\/tv-sat-per-imbarcazioni\/","url":"https:\/\/www.enw-ltd.net\/index.php\/tv-sat-per-imbarcazioni\/","name":"TV Sat per imbarcazioni - E.N.W. Ltd","isPartOf":{"@id":"https:\/\/www.enw-ltd.net\/#website"},"primaryImageOfPage":{"@id":"https:\/\/www.enw-ltd.net\/index.php\/tv-sat-per-imbarcazioni\/#primaryimage"},"image":{"@id":"https:\/\/www.enw-ltd.net\/index.php\/tv-sat-per-imbarcazioni\/#primaryimage"},"thumbnailUrl":"https:\/\/www.enw-ltd.net\/wp-content\/uploads\/2025\/01\/tvsat.png","datePublished":"2025-01-13T13:34:01+00:00","dateModified":"2025-02-10T16:58:01+00:00","description":"Un sistema satellitare per la ricezione TV in digitale, e di estrema importanza a bordo di navi, ma anche di yacht","breadcrumb":{"@id":"https:\/\/www.enw-ltd.net\/index.php\/tv-sat-per-imbarcazioni\/#breadcrumb"},"inLanguage":"it-IT","potentialAction":[{"@type":"ReadAction","target":["https:\/\/www.enw-ltd.net\/index.php\/tv-sat-per-imbarcazioni\/"]}]},{"@type":"ImageObject","inLanguage":"it-IT","@id":"https:\/\/www.enw-ltd.net\/index.php\/tv-sat-per-imbarcazioni\/#primaryimage","url":"https:\/\/www.enw-ltd.net\/wp-content\/uploads\/2025\/01\/tvsat.png","contentUrl":"https:\/\/www.enw-ltd.net\/wp-content\/uploads\/2025\/01\/tvsat.png","width":185,"height":185},{"@type":"BreadcrumbList","@id":"https:\/\/www.enw-ltd.net\/index.php\/tv-sat-per-imbarcazioni\/#breadcrumb","itemListElement":[{"@type":"ListItem","position":1,"name":"Home","item":"https:\/\/www.enw-ltd.net\/"},{"@type":"ListItem","position":2,"name":"TV Sat per imbarcazioni"}]},{"@type":"WebSite","@id":"https:\/\/www.enw-ltd.net\/#website","url":"https:\/\/www.enw-ltd.net\/","name":"www.enw-ltd.net","description":"Aspire, Build, Achieve","publisher":{"@id":"https:\/\/www.enw-ltd.net\/#organization"},"potentialAction":[{"@type":"SearchAction","target":{"@type":"EntryPoint","urlTemplate":"https:\/\/www.enw-ltd.net\/?s={search_term_string}"},"query-input":{"@type":"PropertyValueSpecification","valueRequired":true,"valueName":"search_term_string"}}],"inLanguage":"it-IT"},{"@type":"Organization","@id":"https:\/\/www.enw-ltd.net\/#organization","name":"E.N.W. Ltd","url":"https:\/\/www.enw-ltd.net\/","logo":{"@type":"ImageObject","inLanguage":"it-IT","@id":"https:\/\/www.enw-ltd.net\/#\/schema\/logo\/image\/","url":"https:\/\/www.enw-ltd.net\/wp-content\/uploads\/2025\/01\/logo-ENW-bianco.png","contentUrl":"https:\/\/www.enw-ltd.net\/wp-content\/uploads\/2025\/01\/logo-ENW-bianco.png","width":992,"height":974,"caption":"E.N.W. Ltd"},"image":{"@id":"https:\/\/www.enw-ltd.net\/#\/schema\/logo\/image\/"},"sameAs":["https:\/\/www.facebook.com\/groups\/126257133631"]}]}},"jetpack_sharing_enabled":true,"_links":{"self":[{"href":"https:\/\/www.enw-ltd.net\/index.php\/wp-json\/wp\/v2\/pages\/107","targetHints":{"allow":["GET"]}}],"collection":[{"href":"https:\/\/www.enw-ltd.net\/index.php\/wp-json\/wp\/v2\/pages"}],"about":[{"href":"https:\/\/www.enw-ltd.net\/index.php\/wp-json\/wp\/v2\/types\/page"}],"author":[{"embeddable":true,"href":"https:\/\/www.enw-ltd.net\/index.php\/wp-json\/wp\/v2\/users\/1"}],"replies":[{"embeddable":true,"href":"https:\/\/www.enw-ltd.net\/index.php\/wp-json\/wp\/v2\/comments?post=107"}],"version-history":[{"count":4,"href":"https:\/\/www.enw-ltd.net\/index.php\/wp-json\/wp\/v2\/pages\/107\/revisions"}],"predecessor-version":[{"id":905,"href":"https:\/\/www.enw-ltd.net\/index.php\/wp-json\/wp\/v2\/pages\/107\/revisions\/905"}],"wp:attachment":[{"href":"https:\/\/www.enw-ltd.net\/index.php\/wp-json\/wp\/v2\/media?parent=107"}],"curies":[{"name":"wp","href":"https:\/\/api.w.org\/{rel}","templated":true}]}}