{"id":108,"date":"2025-01-13T14:34:01","date_gmt":"2025-01-13T13:34:01","guid":{"rendered":"http:\/\/www.enw-ltd.net\/?page_id=108"},"modified":"2025-02-10T16:49:55","modified_gmt":"2025-02-10T15:49:55","slug":"software-e-commerce","status":"publish","type":"page","link":"https:\/\/www.enw-ltd.net\/index.php\/software-e-commerce\/","title":{"rendered":"Software E-Commerce"},"content":{"rendered":"\n<figure class=\"wp-block-image size-large\"><img loading=\"lazy\" decoding=\"async\" width=\"1024\" height=\"325\" src=\"https:\/\/www.enw-ltd.net\/wp-content\/uploads\/2025\/01\/pngegg-4-1024x325.png\" alt=\"\" class=\"wp-image-573\" srcset=\"https:\/\/www.enw-ltd.net\/wp-content\/uploads\/2025\/01\/pngegg-4-1024x325.png 1024w, https:\/\/www.enw-ltd.net\/wp-content\/uploads\/2025\/01\/pngegg-4-300x95.png 300w, https:\/\/www.enw-ltd.net\/wp-content\/uploads\/2025\/01\/pngegg-4-768x244.png 768w, https:\/\/www.enw-ltd.net\/wp-content\/uploads\/2025\/01\/pngegg-4-1320x419.png 1320w, https:\/\/www.enw-ltd.net\/wp-content\/uploads\/2025\/01\/pngegg-4.png 1438w\" sizes=\"auto, (max-width: 1024px) 100vw, 1024px\" \/><\/figure>\n\n\n\n<p><br>Se comunque qualche perplessit\u00e0 si pu\u00f2 avere per determinate categorie nelle quali il contatto fisico con l&#8217;oggetto da comprare \u00e8 indispensabile, certamente non si pu\u00f2 rinunciare ai vantaggi che Internet offre in tutti gli altri numerosissimi casi.<br><strong>E.N.W. Ltd<\/strong>&nbsp;\u00e8 a tua disposizione per progettare un negozio on-line adatto ai prodotti che vuoi mettere in vendita, i nostri progetti sono fatti su misura per ogni tipo di attivit\u00e0, e personalizzabili in base alle richieste che tu stesso vorrai farci pervenire.<br>Richiedi un preventivo gratuito, vedrai che la qualit\u00e0 dei servizi di E.N.W. Ltd costa meno di quello che ti aspetti.<br>Abbiamo preparato un software ad hoc per il commercio elettronico,&nbsp;<strong><em>ad un costo irrisorio.<\/em><\/strong><br><strong>Completo:<\/strong><\/p>\n\n\n\n<ul class=\"wp-block-list\">\n<li><strong>carrello<\/strong>&nbsp;della spesa;<\/li>\n\n\n\n<li>stato degli&nbsp;<strong>ordini<\/strong><\/li>\n\n\n\n<li><strong>illimitato<\/strong>&nbsp;numero di prodotti;<\/li>\n\n\n\n<li><strong>illimitato<\/strong>&nbsp;numero di&nbsp;<strong>variant<\/strong>i e di&nbsp;<strong>opzioni<\/strong>&nbsp;per ogni prodotto;<\/li>\n\n\n\n<li><strong>illimitato<\/strong>&nbsp;numero di&nbsp;<strong>categorie<\/strong>&nbsp;e livelli di&nbsp;<strong>sottocategorie<\/strong>;<\/li>\n\n\n\n<li>calcolo delle spese di&nbsp;<strong>trasporto<\/strong>&nbsp;tenendo conto del corriere, della distanza, del peso e dell&#8217;importo della spesa;<\/li>\n\n\n\n<li style=\"font-style:normal;font-weight:700\"><strong>qualsiasi tipo di pagamento<\/strong>: sono compresi i moduli per il collegamento con i server sicuri di&nbsp;<strong>Banca Sella<\/strong>, MyPos con&nbsp;<strong>TELEpay Light<\/strong>&nbsp;(offre i servizi di pagamento con carta di credito con oltre 50 banche) e con i pagamenti rateali di&nbsp;<strong>Consel<\/strong>.<\/li>\n<\/ul>\n\n\n\n<p><br><strong>Immediato:<\/strong><\/p>\n\n\n\n<ul class=\"wp-block-list\">\n<li>avviene tutto in&nbsp;<strong>tempo reale<\/strong>, appena inserito un nuovo prodotto \u00e8 subito in linea.<\/li>\n<\/ul>\n\n\n\n<p><br><strong>Unico:<\/strong><\/p>\n\n\n\n<ul class=\"wp-block-list\">\n<li>offre la possibilit\u00e0 al visitatore del negozio di&nbsp;<strong>personalizzare<\/strong>&nbsp;l&#8217;interfaccia grafica.<\/li>\n<\/ul>\n\n\n\n<p><br><strong>Ideale:<\/strong><\/p>\n\n\n\n<ul class=\"wp-block-list\">\n<li>per chi vuole realizzare personalmente&nbsp;<strong>il proprio negozio<\/strong>&nbsp;senza dover scrivere nessuna riga di codice.<\/li>\n<\/ul>\n\n\n\n<p><br><strong>Indispensabile:<\/strong><\/p>\n\n\n\n<ul class=\"wp-block-list\">\n<li>per gli studi grafici che costruiscono negozi per i propri clienti, con questo programma si possono occupare solo della parte grafica, senza dover addentrarsi nella&nbsp;<strong>programmazione<\/strong>; il programma non ha .dll o .exe che riscrivono tutto ad ogni inserimento. E&#8217; costruito completamente in PHP&nbsp;ed in&nbsp;<strong>ASP<\/strong>&nbsp;ed il tutto \u00e8 collegato ad un&nbsp;<strong>database<\/strong>&nbsp;in formato&nbsp;MySql, la parte amministrativa pu\u00f2 restare uguale per tutti i negozi, per la parte che vede il cliente finale vengono fornite tutte le informazioni necessarie per adattare il tutto a qualsiasi grafica.<\/li>\n<\/ul>\n\n\n\n<p><br><strong>Multilingua:<\/strong><\/p>\n\n\n\n<ul class=\"wp-block-list\">\n<li>Pronto per creare negozi in&nbsp;<strong>italiano<\/strong>,&nbsp;<strong>inglese<\/strong>,&nbsp;<strong>francese<\/strong>,&nbsp;<strong>tedesco<\/strong>&nbsp;e&nbsp;<strong>spagnolo<\/strong>.<\/li>\n<\/ul>\n\n\n\n<p><br><strong>Economico:<\/strong><\/p>\n\n\n\n<ul class=\"wp-block-list\">\n<li>Il costo sar\u00e0 una tantum, ed il prodotto sar\u00e0 completamente di vostra propriet\u00e0, senza alcun canone mensile per l&#8217;utilizzo<\/li>\n<\/ul>\n\n\n\n<p><br><strong>Requisiti dello spazio web per il programma:<\/strong><\/p>\n\n\n\n<ul class=\"wp-block-list\">\n<li>servizio di hosting Microsoft Windows Server 2019 o Ubuntu Linux Server.<\/li>\n\n\n\n<li>una cartella che permetta al programma di scrivere, viene usata per caricare sul sito le foto dei prodotti direttamente dal programma, senza dover ricorrere a programmi esterni.<\/li>\n\n\n\n<li>una cartella con le stesse caratteristiche della precedente, ma il suo contenuto non pu\u00f2 essere scaricato. E&#8217; adatta a contenere il database in formato MySql sul quale lavora tutto il programma.<\/li>\n\n\n\n<li>non \u00e8 necessario\u00a0acquistare lo spazio web da noi, se gi\u00e0 disponete di uno spazio con tali requisiti.<\/li>\n<\/ul>\n\n\n\n<p><br><strong>Per info e preventivi<\/strong>:<\/p>\n\n\n\n<div class=\"wp-block-buttons has-white-background-color has-background is-layout-flex wp-block-buttons-is-layout-flex\">\n<div class=\"wp-block-button\"><a class=\"wp-block-button__link wp-element-button\" href=\"https:\/\/www.enw-ltd.net\/index.php\/contattaci\/\">Contattaci<\/a><\/div>\n<\/div>\n","protected":false},"excerpt":{"rendered":"<p>Se comunque qualche perplessit\u00e0 si pu\u00f2 avere per determinate categorie nelle quali il contatto fisico con l&#8217;oggetto da comprare \u00e8 indispensabile, certamente non si pu\u00f2 rinunciare ai vantaggi che Internet offre in tutti gli altri numerosissimi casi.E.N.W. Ltd&nbsp;\u00e8 a tua disposizione per progettare un negozio on-line adatto ai prodotti che vuoi mettere in vendita, i&hellip; <br \/> <a class=\"read-more\" href=\"https:\/\/www.enw-ltd.net\/index.php\/software-e-commerce\/\">Leggi tutto<\/a><\/p>\n","protected":false},"author":1,"featured_media":0,"parent":0,"menu_order":0,"comment_status":"closed","ping_status":"closed","template":"","meta":{"ngg_post_thumbnail":0,"footnotes":""},"class_list":["post-108","page","type-page","status-publish","hentry"],"yoast_head":"<!-- This site is optimized with the Yoast SEO plugin v27.0 - https:\/\/yoast.com\/product\/yoast-seo-wordpress\/ -->\n<title>Software E-Commerce - E.N.W. Ltd<\/title>\n<meta name=\"description\" content=\"Software per la creazione di e-commerce su misura ed adatto per ogni esigenza. Totalmente personalizzabile\" \/>\n<meta name=\"robots\" content=\"index, follow, max-snippet:-1, max-image-preview:large, max-video-preview:-1\" \/>\n<link rel=\"canonical\" href=\"https:\/\/www.enw-ltd.net\/index.php\/software-e-commerce\/\" \/>\n<meta property=\"og:locale\" content=\"it_IT\" \/>\n<meta property=\"og:type\" content=\"article\" \/>\n<meta property=\"og:title\" content=\"Software E-Commerce - E.N.W. Ltd\" \/>\n<meta property=\"og:description\" content=\"Software per la creazione di e-commerce su misura ed adatto per ogni esigenza. Totalmente personalizzabile\" \/>\n<meta property=\"og:url\" content=\"https:\/\/www.enw-ltd.net\/index.php\/software-e-commerce\/\" \/>\n<meta property=\"og:site_name\" content=\"E.N.W. Ltd\" \/>\n<meta property=\"article:publisher\" content=\"https:\/\/www.facebook.com\/groups\/126257133631\" \/>\n<meta property=\"article:modified_time\" content=\"2025-02-10T15:49:55+00:00\" \/>\n<meta property=\"og:image\" content=\"https:\/\/www.enw-ltd.net\/wp-content\/uploads\/2025\/01\/pngegg-4-1024x325.png\" \/>\n<meta name=\"twitter:card\" content=\"summary_large_image\" \/>\n<meta name=\"twitter:label1\" content=\"Tempo di lettura stimato\" \/>\n\t<meta name=\"twitter:data1\" content=\"3 minuti\" \/>\n<script type=\"application\/ld+json\" class=\"yoast-schema-graph\">{\"@context\":\"https:\/\/schema.org\",\"@graph\":[{\"@type\":\"WebPage\",\"@id\":\"https:\/\/www.enw-ltd.net\/index.php\/software-e-commerce\/\",\"url\":\"https:\/\/www.enw-ltd.net\/index.php\/software-e-commerce\/\",\"name\":\"Software E-Commerce - E.N.W. Ltd\",\"isPartOf\":{\"@id\":\"https:\/\/www.enw-ltd.net\/#website\"},\"primaryImageOfPage\":{\"@id\":\"https:\/\/www.enw-ltd.net\/index.php\/software-e-commerce\/#primaryimage\"},\"image\":{\"@id\":\"https:\/\/www.enw-ltd.net\/index.php\/software-e-commerce\/#primaryimage\"},\"thumbnailUrl\":\"https:\/\/www.enw-ltd.net\/wp-content\/uploads\/2025\/01\/pngegg-4-1024x325.png\",\"datePublished\":\"2025-01-13T13:34:01+00:00\",\"dateModified\":\"2025-02-10T15:49:55+00:00\",\"description\":\"Software per la creazione di e-commerce su misura ed adatto per ogni esigenza. Totalmente personalizzabile\",\"breadcrumb\":{\"@id\":\"https:\/\/www.enw-ltd.net\/index.php\/software-e-commerce\/#breadcrumb\"},\"inLanguage\":\"it-IT\",\"potentialAction\":[{\"@type\":\"ReadAction\",\"target\":[\"https:\/\/www.enw-ltd.net\/index.php\/software-e-commerce\/\"]}]},{\"@type\":\"ImageObject\",\"inLanguage\":\"it-IT\",\"@id\":\"https:\/\/www.enw-ltd.net\/index.php\/software-e-commerce\/#primaryimage\",\"url\":\"https:\/\/www.enw-ltd.net\/wp-content\/uploads\/2025\/01\/pngegg-4.png\",\"contentUrl\":\"https:\/\/www.enw-ltd.net\/wp-content\/uploads\/2025\/01\/pngegg-4.png\",\"width\":1438,\"height\":457},{\"@type\":\"BreadcrumbList\",\"@id\":\"https:\/\/www.enw-ltd.net\/index.php\/software-e-commerce\/#breadcrumb\",\"itemListElement\":[{\"@type\":\"ListItem\",\"position\":1,\"name\":\"Home\",\"item\":\"https:\/\/www.enw-ltd.net\/\"},{\"@type\":\"ListItem\",\"position\":2,\"name\":\"Software E-Commerce\"}]},{\"@type\":\"WebSite\",\"@id\":\"https:\/\/www.enw-ltd.net\/#website\",\"url\":\"https:\/\/www.enw-ltd.net\/\",\"name\":\"www.enw-ltd.net\",\"description\":\"Aspire, Build, Achieve\",\"publisher\":{\"@id\":\"https:\/\/www.enw-ltd.net\/#organization\"},\"potentialAction\":[{\"@type\":\"SearchAction\",\"target\":{\"@type\":\"EntryPoint\",\"urlTemplate\":\"https:\/\/www.enw-ltd.net\/?s={search_term_string}\"},\"query-input\":{\"@type\":\"PropertyValueSpecification\",\"valueRequired\":true,\"valueName\":\"search_term_string\"}}],\"inLanguage\":\"it-IT\"},{\"@type\":\"Organization\",\"@id\":\"https:\/\/www.enw-ltd.net\/#organization\",\"name\":\"E.N.W. Ltd\",\"url\":\"https:\/\/www.enw-ltd.net\/\",\"logo\":{\"@type\":\"ImageObject\",\"inLanguage\":\"it-IT\",\"@id\":\"https:\/\/www.enw-ltd.net\/#\/schema\/logo\/image\/\",\"url\":\"https:\/\/www.enw-ltd.net\/wp-content\/uploads\/2025\/01\/logo-ENW-bianco.png\",\"contentUrl\":\"https:\/\/www.enw-ltd.net\/wp-content\/uploads\/2025\/01\/logo-ENW-bianco.png\",\"width\":992,\"height\":974,\"caption\":\"E.N.W. Ltd\"},\"image\":{\"@id\":\"https:\/\/www.enw-ltd.net\/#\/schema\/logo\/image\/\"},\"sameAs\":[\"https:\/\/www.facebook.com\/groups\/126257133631\"]}]}<\/script>\n<!-- \/ Yoast SEO plugin. -->","yoast_head_json":{"title":"Software E-Commerce - E.N.W. Ltd","description":"Software per la creazione di e-commerce su misura ed adatto per ogni esigenza. Totalmente personalizzabile","robots":{"index":"index","follow":"follow","max-snippet":"max-snippet:-1","max-image-preview":"max-image-preview:large","max-video-preview":"max-video-preview:-1"},"canonical":"https:\/\/www.enw-ltd.net\/index.php\/software-e-commerce\/","og_locale":"it_IT","og_type":"article","og_title":"Software E-Commerce - E.N.W. Ltd","og_description":"Software per la creazione di e-commerce su misura ed adatto per ogni esigenza. Totalmente personalizzabile","og_url":"https:\/\/www.enw-ltd.net\/index.php\/software-e-commerce\/","og_site_name":"E.N.W. Ltd","article_publisher":"https:\/\/www.facebook.com\/groups\/126257133631","article_modified_time":"2025-02-10T15:49:55+00:00","og_image":[{"url":"https:\/\/www.enw-ltd.net\/wp-content\/uploads\/2025\/01\/pngegg-4-1024x325.png","type":"","width":"","height":""}],"twitter_card":"summary_large_image","twitter_misc":{"Tempo di lettura stimato":"3 minuti"},"schema":{"@context":"https:\/\/schema.org","@graph":[{"@type":"WebPage","@id":"https:\/\/www.enw-ltd.net\/index.php\/software-e-commerce\/","url":"https:\/\/www.enw-ltd.net\/index.php\/software-e-commerce\/","name":"Software E-Commerce - E.N.W. Ltd","isPartOf":{"@id":"https:\/\/www.enw-ltd.net\/#website"},"primaryImageOfPage":{"@id":"https:\/\/www.enw-ltd.net\/index.php\/software-e-commerce\/#primaryimage"},"image":{"@id":"https:\/\/www.enw-ltd.net\/index.php\/software-e-commerce\/#primaryimage"},"thumbnailUrl":"https:\/\/www.enw-ltd.net\/wp-content\/uploads\/2025\/01\/pngegg-4-1024x325.png","datePublished":"2025-01-13T13:34:01+00:00","dateModified":"2025-02-10T15:49:55+00:00","description":"Software per la creazione di e-commerce su misura ed adatto per ogni esigenza. Totalmente personalizzabile","breadcrumb":{"@id":"https:\/\/www.enw-ltd.net\/index.php\/software-e-commerce\/#breadcrumb"},"inLanguage":"it-IT","potentialAction":[{"@type":"ReadAction","target":["https:\/\/www.enw-ltd.net\/index.php\/software-e-commerce\/"]}]},{"@type":"ImageObject","inLanguage":"it-IT","@id":"https:\/\/www.enw-ltd.net\/index.php\/software-e-commerce\/#primaryimage","url":"https:\/\/www.enw-ltd.net\/wp-content\/uploads\/2025\/01\/pngegg-4.png","contentUrl":"https:\/\/www.enw-ltd.net\/wp-content\/uploads\/2025\/01\/pngegg-4.png","width":1438,"height":457},{"@type":"BreadcrumbList","@id":"https:\/\/www.enw-ltd.net\/index.php\/software-e-commerce\/#breadcrumb","itemListElement":[{"@type":"ListItem","position":1,"name":"Home","item":"https:\/\/www.enw-ltd.net\/"},{"@type":"ListItem","position":2,"name":"Software E-Commerce"}]},{"@type":"WebSite","@id":"https:\/\/www.enw-ltd.net\/#website","url":"https:\/\/www.enw-ltd.net\/","name":"www.enw-ltd.net","description":"Aspire, Build, Achieve","publisher":{"@id":"https:\/\/www.enw-ltd.net\/#organization"},"potentialAction":[{"@type":"SearchAction","target":{"@type":"EntryPoint","urlTemplate":"https:\/\/www.enw-ltd.net\/?s={search_term_string}"},"query-input":{"@type":"PropertyValueSpecification","valueRequired":true,"valueName":"search_term_string"}}],"inLanguage":"it-IT"},{"@type":"Organization","@id":"https:\/\/www.enw-ltd.net\/#organization","name":"E.N.W. Ltd","url":"https:\/\/www.enw-ltd.net\/","logo":{"@type":"ImageObject","inLanguage":"it-IT","@id":"https:\/\/www.enw-ltd.net\/#\/schema\/logo\/image\/","url":"https:\/\/www.enw-ltd.net\/wp-content\/uploads\/2025\/01\/logo-ENW-bianco.png","contentUrl":"https:\/\/www.enw-ltd.net\/wp-content\/uploads\/2025\/01\/logo-ENW-bianco.png","width":992,"height":974,"caption":"E.N.W. Ltd"},"image":{"@id":"https:\/\/www.enw-ltd.net\/#\/schema\/logo\/image\/"},"sameAs":["https:\/\/www.facebook.com\/groups\/126257133631"]}]}},"jetpack_sharing_enabled":true,"_links":{"self":[{"href":"https:\/\/www.enw-ltd.net\/index.php\/wp-json\/wp\/v2\/pages\/108","targetHints":{"allow":["GET"]}}],"collection":[{"href":"https:\/\/www.enw-ltd.net\/index.php\/wp-json\/wp\/v2\/pages"}],"about":[{"href":"https:\/\/www.enw-ltd.net\/index.php\/wp-json\/wp\/v2\/types\/page"}],"author":[{"embeddable":true,"href":"https:\/\/www.enw-ltd.net\/index.php\/wp-json\/wp\/v2\/users\/1"}],"replies":[{"embeddable":true,"href":"https:\/\/www.enw-ltd.net\/index.php\/wp-json\/wp\/v2\/comments?post=108"}],"version-history":[{"count":9,"href":"https:\/\/www.enw-ltd.net\/index.php\/wp-json\/wp\/v2\/pages\/108\/revisions"}],"predecessor-version":[{"id":892,"href":"https:\/\/www.enw-ltd.net\/index.php\/wp-json\/wp\/v2\/pages\/108\/revisions\/892"}],"wp:attachment":[{"href":"https:\/\/www.enw-ltd.net\/index.php\/wp-json\/wp\/v2\/media?parent=108"}],"curies":[{"name":"wp","href":"https:\/\/api.w.org\/{rel}","templated":true}]}}