{"id":110,"date":"2025-01-13T14:34:01","date_gmt":"2025-01-13T13:34:01","guid":{"rendered":"http:\/\/www.enw-ltd.net\/?page_id=110"},"modified":"2025-02-12T14:40:54","modified_gmt":"2025-02-12T13:40:54","slug":"software-aziendale","status":"publish","type":"page","link":"https:\/\/www.enw-ltd.net\/index.php\/software-aziendale\/","title":{"rendered":"Software Aziendale"},"content":{"rendered":"\n<figure class=\"wp-block-image size-full is-resized\"><img loading=\"lazy\" decoding=\"async\" width=\"200\" height=\"187\" src=\"https:\/\/www.enw-ltd.net\/wp-content\/uploads\/2025\/01\/sia.jpg\" alt=\"\" class=\"wp-image-579\" style=\"width:201px;height:auto\"\/><\/figure>\n\n\n\n<div class=\"wp-block-group is-nowrap is-layout-flex wp-container-core-group-is-layout-ad2f72ca wp-block-group-is-layout-flex\">\n<p>la E.N.W. Ltd propone un software per la gestione aziendale, semplice ed innovativo:&nbsp;<strong>Sia III<\/strong>&nbsp;\u00e8 il potente software gestionale realizzato dalla Sicilware Informatica, con la quale, la E.N.W. \u00e8 partner, che ti consente di gestire la tua attivit\u00e0 commerciale in modo semplice e affidabile.<br><br>Il programma ti garantisce una straordinaria velocit\u00e0, facilit\u00e0 d&#8217;uso e flessibilit\u00e0 con cui puoi svolgere e controllare anche le funzioni pi\u00f9 complesse. Ti permette la tenuta della contabilit\u00e0 e del magazzino, la fatturazione, l&#8217;interfacciamento con misuratori fiscali, lettori di codici a barre e computer palmari.<br><br>Inoltre puoi facilmente gestire il tuo sito di e-commerce e persino inviare sms promozionali ai tuoi clienti.<br><br>Con SIA III ci sar\u00e0 sempre una soluzione su misura per ogni problematica gestionale della tua azienda.<br><br>Sia III nasce come prodotto \u201cmultiutente\u201d quindi pi\u00f9 utenti di una rete possono lavorare in parallelo; pu\u00f2 anche lavorare in \u201cTerminal Server\u201d se si necessita di un accesso remoto ai dati, oppure come semplice \u201cmonoutenza\u201d.<br><br>Ovviamente Sia III \u00e8 modulare: dal listino si possono scegliere solo i moduli che servono alla propria attivit\u00e0, ma mantenendo \u201caperta\u201d la possibilit\u00e0 di espansione futura.<br><br>Proprio per rispondere alle differenti esigenze gestionali, Sia III \u00e8 estremamente flessibile: la presenza di numerosi parametri ed opzioni, permettono ad ogni azienda di lavorare secondo le proprie abitudini e necessit\u00e0.<br><br>L\u2019evoluzione delle tecnologie e delle normative fiscali e l\u2019introduzione di nuove funzioni ci spingono a tenere il gestionale continuamente aggiornato.<br><br>L\u2019abbonamento annuale consente, con un investimento contenuto e proporzionato alla configurazione in uso, di ricevere tramite Internet tutti gli aggiornamenti nonch\u00e9 l\u2019assistenza anche attraverso il servizio espletato direttamente da Sia III.<br><br>Oggi affermare la propria presenza in Internet \u00e8 sempre pi\u00f9 importante, e in questo senso Sia III rappresenta il classico \u201cUovo di Colombo\u201d: il modulo di Web Marketing consente infatti di esportare tutto o parte del magazzino sul proprio sito web che si aggiorner\u00e0 dinamicamente con tutte le informazioni richieste: descrizione, disponibilit\u00e0, immagine, prezzo, ecc.<br><br>Il cliente finale potr\u00e0 effettuare gli ordini tramite il classico carrello, inoltrando in automatico al gestore del sito una mail di conferma.<br><br>Infine Con SiaIII Potrete mandare sms a tutti i vostri clienti, tenendoli sempre aggiornati sui nuovi prodotti e sulle promozioni in corso.<br><br>Sia III adotta la tecnologia Microsoft pi\u00f9 consolidata: il codice \u00e8 scritto in Visual.Net, gli archivi possono essere generati in Access oppure in Sql Server, asseconda della dimensione aziendale. Tutte le stampe vengono invece generate da Crystal Report.<br><br>Inoltre, per rendere al cliente il miglior servizio possibile, siamo in grado di fornire \u201cTeleassistenza\u201d in modo da replicare la postazione dell\u2019utente come se fossimo davanti al suo pc.<br><br><br>Richiedeteci il dimostrativo, saremo lieti di inviarvelo, e saremo disponibili a spiegare nel dettaglio le possibilit\u00e0 di questo ottimo software.<\/p>\n<\/div>\n\n\n\n<p><strong>Per info e preventivi<\/strong>:<\/p>\n\n\n\n<div class=\"wp-block-buttons has-white-background-color has-background is-layout-flex wp-block-buttons-is-layout-flex\">\n<div class=\"wp-block-button\"><a class=\"wp-block-button__link wp-element-button\" href=\"https:\/\/www.enw-ltd.net\/index.php\/contattaci\/\">Contattaci<\/a><\/div>\n<\/div>\n","protected":false},"excerpt":{"rendered":"<p>la E.N.W. Ltd propone un software per la gestione aziendale, semplice ed innovativo:&nbsp;Sia III&nbsp;\u00e8 il potente software gestionale realizzato dalla Sicilware Informatica, con la quale, la E.N.W. \u00e8 partner, che ti consente di gestire la tua attivit\u00e0 commerciale in modo semplice e affidabile. Il programma ti garantisce una straordinaria velocit\u00e0, facilit\u00e0 d&#8217;uso e flessibilit\u00e0 con&hellip; <br \/> <a class=\"read-more\" href=\"https:\/\/www.enw-ltd.net\/index.php\/software-aziendale\/\">Leggi tutto<\/a><\/p>\n","protected":false},"author":1,"featured_media":0,"parent":0,"menu_order":0,"comment_status":"closed","ping_status":"closed","template":"","meta":{"ngg_post_thumbnail":0,"footnotes":""},"class_list":["post-110","page","type-page","status-publish","hentry"],"yoast_head":"<!-- This site is optimized with the Yoast SEO plugin v27.0 - https:\/\/yoast.com\/product\/yoast-seo-wordpress\/ -->\n<title>Software Aziendale - E.N.W. Ltd<\/title>\n<meta name=\"description\" content=\"software per la gestione aziendale, semplice ed innovativo:\u00a0Sia III\u00a0\u00e8 il potente software gestionale realizzato dalla Sicilware Informatica.\" \/>\n<meta name=\"robots\" content=\"index, follow, max-snippet:-1, max-image-preview:large, max-video-preview:-1\" \/>\n<link rel=\"canonical\" href=\"https:\/\/www.enw-ltd.net\/index.php\/software-aziendale\/\" \/>\n<meta property=\"og:locale\" content=\"it_IT\" \/>\n<meta property=\"og:type\" content=\"article\" \/>\n<meta property=\"og:title\" content=\"Software Aziendale - E.N.W. Ltd\" \/>\n<meta property=\"og:description\" content=\"software per la gestione aziendale, semplice ed innovativo:\u00a0Sia III\u00a0\u00e8 il potente software gestionale realizzato dalla Sicilware Informatica.\" \/>\n<meta property=\"og:url\" content=\"https:\/\/www.enw-ltd.net\/index.php\/software-aziendale\/\" \/>\n<meta property=\"og:site_name\" content=\"E.N.W. Ltd\" \/>\n<meta property=\"article:publisher\" content=\"https:\/\/www.facebook.com\/groups\/126257133631\" \/>\n<meta property=\"article:modified_time\" content=\"2025-02-12T13:40:54+00:00\" \/>\n<meta property=\"og:image\" content=\"https:\/\/www.enw-ltd.net\/wp-content\/uploads\/2025\/01\/sia.jpg\" \/>\n<meta name=\"twitter:card\" content=\"summary_large_image\" \/>\n<meta name=\"twitter:label1\" content=\"Tempo di lettura stimato\" \/>\n\t<meta name=\"twitter:data1\" content=\"3 minuti\" \/>\n<script type=\"application\/ld+json\" class=\"yoast-schema-graph\">{\"@context\":\"https:\/\/schema.org\",\"@graph\":[{\"@type\":\"WebPage\",\"@id\":\"https:\/\/www.enw-ltd.net\/index.php\/software-aziendale\/\",\"url\":\"https:\/\/www.enw-ltd.net\/index.php\/software-aziendale\/\",\"name\":\"Software Aziendale - E.N.W. Ltd\",\"isPartOf\":{\"@id\":\"https:\/\/www.enw-ltd.net\/#website\"},\"primaryImageOfPage\":{\"@id\":\"https:\/\/www.enw-ltd.net\/index.php\/software-aziendale\/#primaryimage\"},\"image\":{\"@id\":\"https:\/\/www.enw-ltd.net\/index.php\/software-aziendale\/#primaryimage\"},\"thumbnailUrl\":\"https:\/\/www.enw-ltd.net\/wp-content\/uploads\/2025\/01\/sia.jpg\",\"datePublished\":\"2025-01-13T13:34:01+00:00\",\"dateModified\":\"2025-02-12T13:40:54+00:00\",\"description\":\"software per la gestione aziendale, semplice ed innovativo:\u00a0Sia III\u00a0\u00e8 il potente software gestionale realizzato dalla Sicilware Informatica.\",\"breadcrumb\":{\"@id\":\"https:\/\/www.enw-ltd.net\/index.php\/software-aziendale\/#breadcrumb\"},\"inLanguage\":\"it-IT\",\"potentialAction\":[{\"@type\":\"ReadAction\",\"target\":[\"https:\/\/www.enw-ltd.net\/index.php\/software-aziendale\/\"]}]},{\"@type\":\"ImageObject\",\"inLanguage\":\"it-IT\",\"@id\":\"https:\/\/www.enw-ltd.net\/index.php\/software-aziendale\/#primaryimage\",\"url\":\"https:\/\/www.enw-ltd.net\/wp-content\/uploads\/2025\/01\/sia.jpg\",\"contentUrl\":\"https:\/\/www.enw-ltd.net\/wp-content\/uploads\/2025\/01\/sia.jpg\",\"width\":200,\"height\":187},{\"@type\":\"BreadcrumbList\",\"@id\":\"https:\/\/www.enw-ltd.net\/index.php\/software-aziendale\/#breadcrumb\",\"itemListElement\":[{\"@type\":\"ListItem\",\"position\":1,\"name\":\"Home\",\"item\":\"https:\/\/www.enw-ltd.net\/\"},{\"@type\":\"ListItem\",\"position\":2,\"name\":\"Software Aziendale\"}]},{\"@type\":\"WebSite\",\"@id\":\"https:\/\/www.enw-ltd.net\/#website\",\"url\":\"https:\/\/www.enw-ltd.net\/\",\"name\":\"www.enw-ltd.net\",\"description\":\"Aspire, Build, Achieve\",\"publisher\":{\"@id\":\"https:\/\/www.enw-ltd.net\/#organization\"},\"potentialAction\":[{\"@type\":\"SearchAction\",\"target\":{\"@type\":\"EntryPoint\",\"urlTemplate\":\"https:\/\/www.enw-ltd.net\/?s={search_term_string}\"},\"query-input\":{\"@type\":\"PropertyValueSpecification\",\"valueRequired\":true,\"valueName\":\"search_term_string\"}}],\"inLanguage\":\"it-IT\"},{\"@type\":\"Organization\",\"@id\":\"https:\/\/www.enw-ltd.net\/#organization\",\"name\":\"E.N.W. Ltd\",\"url\":\"https:\/\/www.enw-ltd.net\/\",\"logo\":{\"@type\":\"ImageObject\",\"inLanguage\":\"it-IT\",\"@id\":\"https:\/\/www.enw-ltd.net\/#\/schema\/logo\/image\/\",\"url\":\"https:\/\/www.enw-ltd.net\/wp-content\/uploads\/2025\/01\/logo-ENW-bianco.png\",\"contentUrl\":\"https:\/\/www.enw-ltd.net\/wp-content\/uploads\/2025\/01\/logo-ENW-bianco.png\",\"width\":992,\"height\":974,\"caption\":\"E.N.W. Ltd\"},\"image\":{\"@id\":\"https:\/\/www.enw-ltd.net\/#\/schema\/logo\/image\/\"},\"sameAs\":[\"https:\/\/www.facebook.com\/groups\/126257133631\"]}]}<\/script>\n<!-- \/ Yoast SEO plugin. -->","yoast_head_json":{"title":"Software Aziendale - E.N.W. Ltd","description":"software per la gestione aziendale, semplice ed innovativo:\u00a0Sia III\u00a0\u00e8 il potente software gestionale realizzato dalla Sicilware Informatica.","robots":{"index":"index","follow":"follow","max-snippet":"max-snippet:-1","max-image-preview":"max-image-preview:large","max-video-preview":"max-video-preview:-1"},"canonical":"https:\/\/www.enw-ltd.net\/index.php\/software-aziendale\/","og_locale":"it_IT","og_type":"article","og_title":"Software Aziendale - E.N.W. Ltd","og_description":"software per la gestione aziendale, semplice ed innovativo:\u00a0Sia III\u00a0\u00e8 il potente software gestionale realizzato dalla Sicilware Informatica.","og_url":"https:\/\/www.enw-ltd.net\/index.php\/software-aziendale\/","og_site_name":"E.N.W. Ltd","article_publisher":"https:\/\/www.facebook.com\/groups\/126257133631","article_modified_time":"2025-02-12T13:40:54+00:00","og_image":[{"url":"https:\/\/www.enw-ltd.net\/wp-content\/uploads\/2025\/01\/sia.jpg","type":"","width":"","height":""}],"twitter_card":"summary_large_image","twitter_misc":{"Tempo di lettura stimato":"3 minuti"},"schema":{"@context":"https:\/\/schema.org","@graph":[{"@type":"WebPage","@id":"https:\/\/www.enw-ltd.net\/index.php\/software-aziendale\/","url":"https:\/\/www.enw-ltd.net\/index.php\/software-aziendale\/","name":"Software Aziendale - E.N.W. Ltd","isPartOf":{"@id":"https:\/\/www.enw-ltd.net\/#website"},"primaryImageOfPage":{"@id":"https:\/\/www.enw-ltd.net\/index.php\/software-aziendale\/#primaryimage"},"image":{"@id":"https:\/\/www.enw-ltd.net\/index.php\/software-aziendale\/#primaryimage"},"thumbnailUrl":"https:\/\/www.enw-ltd.net\/wp-content\/uploads\/2025\/01\/sia.jpg","datePublished":"2025-01-13T13:34:01+00:00","dateModified":"2025-02-12T13:40:54+00:00","description":"software per la gestione aziendale, semplice ed innovativo:\u00a0Sia III\u00a0\u00e8 il potente software gestionale realizzato dalla Sicilware Informatica.","breadcrumb":{"@id":"https:\/\/www.enw-ltd.net\/index.php\/software-aziendale\/#breadcrumb"},"inLanguage":"it-IT","potentialAction":[{"@type":"ReadAction","target":["https:\/\/www.enw-ltd.net\/index.php\/software-aziendale\/"]}]},{"@type":"ImageObject","inLanguage":"it-IT","@id":"https:\/\/www.enw-ltd.net\/index.php\/software-aziendale\/#primaryimage","url":"https:\/\/www.enw-ltd.net\/wp-content\/uploads\/2025\/01\/sia.jpg","contentUrl":"https:\/\/www.enw-ltd.net\/wp-content\/uploads\/2025\/01\/sia.jpg","width":200,"height":187},{"@type":"BreadcrumbList","@id":"https:\/\/www.enw-ltd.net\/index.php\/software-aziendale\/#breadcrumb","itemListElement":[{"@type":"ListItem","position":1,"name":"Home","item":"https:\/\/www.enw-ltd.net\/"},{"@type":"ListItem","position":2,"name":"Software Aziendale"}]},{"@type":"WebSite","@id":"https:\/\/www.enw-ltd.net\/#website","url":"https:\/\/www.enw-ltd.net\/","name":"www.enw-ltd.net","description":"Aspire, Build, Achieve","publisher":{"@id":"https:\/\/www.enw-ltd.net\/#organization"},"potentialAction":[{"@type":"SearchAction","target":{"@type":"EntryPoint","urlTemplate":"https:\/\/www.enw-ltd.net\/?s={search_term_string}"},"query-input":{"@type":"PropertyValueSpecification","valueRequired":true,"valueName":"search_term_string"}}],"inLanguage":"it-IT"},{"@type":"Organization","@id":"https:\/\/www.enw-ltd.net\/#organization","name":"E.N.W. Ltd","url":"https:\/\/www.enw-ltd.net\/","logo":{"@type":"ImageObject","inLanguage":"it-IT","@id":"https:\/\/www.enw-ltd.net\/#\/schema\/logo\/image\/","url":"https:\/\/www.enw-ltd.net\/wp-content\/uploads\/2025\/01\/logo-ENW-bianco.png","contentUrl":"https:\/\/www.enw-ltd.net\/wp-content\/uploads\/2025\/01\/logo-ENW-bianco.png","width":992,"height":974,"caption":"E.N.W. Ltd"},"image":{"@id":"https:\/\/www.enw-ltd.net\/#\/schema\/logo\/image\/"},"sameAs":["https:\/\/www.facebook.com\/groups\/126257133631"]}]}},"jetpack_sharing_enabled":true,"_links":{"self":[{"href":"https:\/\/www.enw-ltd.net\/index.php\/wp-json\/wp\/v2\/pages\/110","targetHints":{"allow":["GET"]}}],"collection":[{"href":"https:\/\/www.enw-ltd.net\/index.php\/wp-json\/wp\/v2\/pages"}],"about":[{"href":"https:\/\/www.enw-ltd.net\/index.php\/wp-json\/wp\/v2\/types\/page"}],"author":[{"embeddable":true,"href":"https:\/\/www.enw-ltd.net\/index.php\/wp-json\/wp\/v2\/users\/1"}],"replies":[{"embeddable":true,"href":"https:\/\/www.enw-ltd.net\/index.php\/wp-json\/wp\/v2\/comments?post=110"}],"version-history":[{"count":3,"href":"https:\/\/www.enw-ltd.net\/index.php\/wp-json\/wp\/v2\/pages\/110\/revisions"}],"predecessor-version":[{"id":927,"href":"https:\/\/www.enw-ltd.net\/index.php\/wp-json\/wp\/v2\/pages\/110\/revisions\/927"}],"wp:attachment":[{"href":"https:\/\/www.enw-ltd.net\/index.php\/wp-json\/wp\/v2\/media?parent=110"}],"curies":[{"name":"wp","href":"https:\/\/api.w.org\/{rel}","templated":true}]}}