{"id":111,"date":"2025-01-13T14:34:01","date_gmt":"2025-01-13T13:34:01","guid":{"rendered":"http:\/\/www.enw-ltd.net\/?page_id=111"},"modified":"2025-02-12T16:15:21","modified_gmt":"2025-02-12T15:15:21","slug":"soluzioni-in-banda-libera","status":"publish","type":"page","link":"https:\/\/www.enw-ltd.net\/index.php\/soluzioni-in-banda-libera\/","title":{"rendered":"Soluzioni in banda libera"},"content":{"rendered":"\n<p>Con l\u2019introduzione del portfolio di prodotti&nbsp;<em>MOTOwi4<\/em>, la&nbsp;<strong>E.N.W. Ltd<\/strong>&nbsp;facilita e rende pi\u00f9 redditizia la realizzazione di reti wireless della prossima generazione in una vasta gamma applicativa. Questi sistemi aumentano le opportunit\u00e0 di profitto e la fedelt\u00e0 dei clienti perch\u00e8 consentono di offrire gli innovativi servizi di broadband pi\u00f9 richiesti oggi.<br><br><strong>La comprovata piattaforma Canopy<\/strong><br><br>Il portfolio di&nbsp;<em>MOTOwi4<\/em>&nbsp;\u00e8 basato sulla tecnologia, universalmente riconosciuta,&nbsp;<em>broadband wireless Canopy\u00ae<\/em>&nbsp;che ha permesso di realizzare con successo soluzioni ad alta velocit\u00e0 in pi\u00f9 di 100 Paesi del mondo. Le tecnologie fondamentali del sistema&nbsp;<em>Canopy<\/em>&nbsp;offrono una flessibilit\u00e0 che consente di fornire soluzioni personalizzate in una vasta gamma di mercati e applicazioni per consumatori, aziende, operatori e enti pubblici.<br><br><strong>Portfolio point-to-point Canopy<\/strong><br><br>I dispositivi&nbsp;<em>point-to-point MOTOwi4<\/em>&nbsp;di&nbsp;<em>Canopy<\/em>&nbsp;sono integrati da una potente tecnologia che aiuta gli utenti delle imprese, i provider di servizi e gli operatori a stabilire collegamenti wireless point-to-point affidabili e sicuri per applicazioni che massimizzano l\u2019uso della banda larga.<\/p>\n\n\n\n<p>Comprende prodotti che permettono maggiore efficienza economica e di prestazioni in ambienti Line-of-Sight (LoS), quasi LoS e non LoS. Il portfolio di\u00a0<em>Canopy<\/em>\u00a0si integra in modo trasparente con le soluzioni\u00a0<em>MOTOwi4<\/em>, compreso WiMAX, City WiFi e le soluzioni correnti di Canopy.<br><br><strong>I nostri prodotti<\/strong><\/p>\n\n\n\n<p><strong>E.N.W. Ltd<\/strong>\u00a0offre due tipi di prodotti\u00a0<em>Canopy point to point<\/em>\u00a0sviluppati per soddisfare una variet\u00e0 di condizioni di collegamento difficili.<\/p>\n\n\n\n<p>I prodotti backhaul a 10 e 20 Mbps Line-of-Site sono stati progettati per operare alle frequenze di 2,4, 5,1, 5,2, 5,4 e 5,7 GHz.<\/p>\n\n\n\n<p>I modelli OFDM a 30 e 60 Mbps operano nelle bande di frequenza a 5,4 e 5,7 GHz mentre quelli <strong>150 e 300 Mbps<\/strong> sono stati progettati per la banda di frequenza a 5,7 GHz.<\/p>\n\n\n\n<p>In sintesi gli operatori possono utilizzare la maggiore larghezza di banda del sistema per trasmette dati IP, video, VoIP e voce.<br><\/p>\n\n\n\n<figure class=\"wp-block-image size-full\"><img loading=\"lazy\" decoding=\"async\" width=\"600\" height=\"630\" src=\"https:\/\/www.enw-ltd.net\/wp-content\/uploads\/2025\/01\/moto2-1.png\" alt=\"\" class=\"wp-image-594\" srcset=\"https:\/\/www.enw-ltd.net\/wp-content\/uploads\/2025\/01\/moto2-1.png 600w, https:\/\/www.enw-ltd.net\/wp-content\/uploads\/2025\/01\/moto2-1-286x300.png 286w\" sizes=\"auto, (max-width: 600px) 100vw, 600px\" \/><\/figure>\n\n\n\n<figure class=\"wp-block-image size-full\"><img loading=\"lazy\" decoding=\"async\" width=\"600\" height=\"524\" src=\"https:\/\/www.enw-ltd.net\/wp-content\/uploads\/2025\/01\/moto3-1.png\" alt=\"\" class=\"wp-image-595\" srcset=\"https:\/\/www.enw-ltd.net\/wp-content\/uploads\/2025\/01\/moto3-1.png 600w, https:\/\/www.enw-ltd.net\/wp-content\/uploads\/2025\/01\/moto3-1-300x262.png 300w\" sizes=\"auto, (max-width: 600px) 100vw, 600px\" \/><\/figure>\n\n\n\n<figure class=\"wp-block-image size-full\"><img loading=\"lazy\" decoding=\"async\" width=\"600\" height=\"611\" src=\"https:\/\/www.enw-ltd.net\/wp-content\/uploads\/2025\/01\/moto4-1.png\" alt=\"\" class=\"wp-image-596\" srcset=\"https:\/\/www.enw-ltd.net\/wp-content\/uploads\/2025\/01\/moto4-1.png 600w, https:\/\/www.enw-ltd.net\/wp-content\/uploads\/2025\/01\/moto4-1-295x300.png 295w\" sizes=\"auto, (max-width: 600px) 100vw, 600px\" \/><\/figure>\n\n\n\n<p><strong>Per info e preventivi<\/strong>:<\/p>\n\n\n\n<div class=\"wp-block-buttons has-white-background-color has-background is-layout-flex wp-block-buttons-is-layout-flex\">\n<div class=\"wp-block-button\"><a class=\"wp-block-button__link wp-element-button\" href=\"https:\/\/www.enw-ltd.net\/index.php\/contattaci\/\">Contattaci<\/a><\/div>\n<\/div>\n","protected":false},"excerpt":{"rendered":"<p>Con l\u2019introduzione del portfolio di prodotti&nbsp;MOTOwi4, la&nbsp;E.N.W. Ltd&nbsp;facilita e rende pi\u00f9 redditizia la realizzazione di reti wireless della prossima generazione in una vasta gamma applicativa. Questi sistemi aumentano le opportunit\u00e0 di profitto e la fedelt\u00e0 dei clienti perch\u00e8 consentono di offrire gli innovativi servizi di broadband pi\u00f9 richiesti oggi. La comprovata piattaforma Canopy Il portfolio&hellip; <br \/> <a class=\"read-more\" href=\"https:\/\/www.enw-ltd.net\/index.php\/soluzioni-in-banda-libera\/\">Leggi tutto<\/a><\/p>\n","protected":false},"author":1,"featured_media":0,"parent":0,"menu_order":0,"comment_status":"closed","ping_status":"closed","template":"","meta":{"ngg_post_thumbnail":0,"footnotes":""},"class_list":["post-111","page","type-page","status-publish","hentry"],"yoast_head":"<!-- This site is optimized with the Yoast SEO plugin v27.0 - https:\/\/yoast.com\/product\/yoast-seo-wordpress\/ -->\n<title>Soluzioni in banda libera - E.N.W. Ltd<\/title>\n<meta name=\"description\" content=\"Soluzioni in banda libera basata su tecnologia\u00a0MOTOwi4\u00a0che ha permesso di realizzare con successo soluzioni ad alta velocit\u00e0.\" \/>\n<meta name=\"robots\" content=\"index, follow, max-snippet:-1, max-image-preview:large, max-video-preview:-1\" \/>\n<link rel=\"canonical\" href=\"https:\/\/www.enw-ltd.net\/index.php\/soluzioni-in-banda-libera\/\" \/>\n<meta property=\"og:locale\" content=\"it_IT\" \/>\n<meta property=\"og:type\" content=\"article\" \/>\n<meta property=\"og:title\" content=\"Soluzioni in banda libera - E.N.W. Ltd\" \/>\n<meta property=\"og:description\" content=\"Soluzioni in banda libera basata su tecnologia\u00a0MOTOwi4\u00a0che ha permesso di realizzare con successo soluzioni ad alta velocit\u00e0.\" \/>\n<meta property=\"og:url\" content=\"https:\/\/www.enw-ltd.net\/index.php\/soluzioni-in-banda-libera\/\" \/>\n<meta property=\"og:site_name\" content=\"E.N.W. Ltd\" \/>\n<meta property=\"article:publisher\" content=\"https:\/\/www.facebook.com\/groups\/126257133631\" \/>\n<meta property=\"article:modified_time\" content=\"2025-02-12T15:15:21+00:00\" \/>\n<meta property=\"og:image\" content=\"https:\/\/www.enw-ltd.net\/wp-content\/uploads\/2025\/01\/moto2-1.png\" \/>\n<meta name=\"twitter:card\" content=\"summary_large_image\" \/>\n<meta name=\"twitter:label1\" content=\"Tempo di lettura stimato\" \/>\n\t<meta name=\"twitter:data1\" content=\"3 minuti\" \/>\n<script type=\"application\/ld+json\" class=\"yoast-schema-graph\">{\"@context\":\"https:\/\/schema.org\",\"@graph\":[{\"@type\":\"WebPage\",\"@id\":\"https:\/\/www.enw-ltd.net\/index.php\/soluzioni-in-banda-libera\/\",\"url\":\"https:\/\/www.enw-ltd.net\/index.php\/soluzioni-in-banda-libera\/\",\"name\":\"Soluzioni in banda libera - E.N.W. Ltd\",\"isPartOf\":{\"@id\":\"https:\/\/www.enw-ltd.net\/#website\"},\"primaryImageOfPage\":{\"@id\":\"https:\/\/www.enw-ltd.net\/index.php\/soluzioni-in-banda-libera\/#primaryimage\"},\"image\":{\"@id\":\"https:\/\/www.enw-ltd.net\/index.php\/soluzioni-in-banda-libera\/#primaryimage\"},\"thumbnailUrl\":\"https:\/\/www.enw-ltd.net\/wp-content\/uploads\/2025\/01\/moto2-1.png\",\"datePublished\":\"2025-01-13T13:34:01+00:00\",\"dateModified\":\"2025-02-12T15:15:21+00:00\",\"description\":\"Soluzioni in banda libera basata su tecnologia\u00a0MOTOwi4\u00a0che ha permesso di realizzare con successo soluzioni ad alta velocit\u00e0.\",\"breadcrumb\":{\"@id\":\"https:\/\/www.enw-ltd.net\/index.php\/soluzioni-in-banda-libera\/#breadcrumb\"},\"inLanguage\":\"it-IT\",\"potentialAction\":[{\"@type\":\"ReadAction\",\"target\":[\"https:\/\/www.enw-ltd.net\/index.php\/soluzioni-in-banda-libera\/\"]}]},{\"@type\":\"ImageObject\",\"inLanguage\":\"it-IT\",\"@id\":\"https:\/\/www.enw-ltd.net\/index.php\/soluzioni-in-banda-libera\/#primaryimage\",\"url\":\"https:\/\/www.enw-ltd.net\/wp-content\/uploads\/2025\/01\/moto2-1.png\",\"contentUrl\":\"https:\/\/www.enw-ltd.net\/wp-content\/uploads\/2025\/01\/moto2-1.png\",\"width\":600,\"height\":630},{\"@type\":\"BreadcrumbList\",\"@id\":\"https:\/\/www.enw-ltd.net\/index.php\/soluzioni-in-banda-libera\/#breadcrumb\",\"itemListElement\":[{\"@type\":\"ListItem\",\"position\":1,\"name\":\"Home\",\"item\":\"https:\/\/www.enw-ltd.net\/\"},{\"@type\":\"ListItem\",\"position\":2,\"name\":\"Soluzioni in banda libera\"}]},{\"@type\":\"WebSite\",\"@id\":\"https:\/\/www.enw-ltd.net\/#website\",\"url\":\"https:\/\/www.enw-ltd.net\/\",\"name\":\"www.enw-ltd.net\",\"description\":\"Aspire, Build, Achieve\",\"publisher\":{\"@id\":\"https:\/\/www.enw-ltd.net\/#organization\"},\"potentialAction\":[{\"@type\":\"SearchAction\",\"target\":{\"@type\":\"EntryPoint\",\"urlTemplate\":\"https:\/\/www.enw-ltd.net\/?s={search_term_string}\"},\"query-input\":{\"@type\":\"PropertyValueSpecification\",\"valueRequired\":true,\"valueName\":\"search_term_string\"}}],\"inLanguage\":\"it-IT\"},{\"@type\":\"Organization\",\"@id\":\"https:\/\/www.enw-ltd.net\/#organization\",\"name\":\"E.N.W. Ltd\",\"url\":\"https:\/\/www.enw-ltd.net\/\",\"logo\":{\"@type\":\"ImageObject\",\"inLanguage\":\"it-IT\",\"@id\":\"https:\/\/www.enw-ltd.net\/#\/schema\/logo\/image\/\",\"url\":\"https:\/\/www.enw-ltd.net\/wp-content\/uploads\/2025\/01\/logo-ENW-bianco.png\",\"contentUrl\":\"https:\/\/www.enw-ltd.net\/wp-content\/uploads\/2025\/01\/logo-ENW-bianco.png\",\"width\":992,\"height\":974,\"caption\":\"E.N.W. Ltd\"},\"image\":{\"@id\":\"https:\/\/www.enw-ltd.net\/#\/schema\/logo\/image\/\"},\"sameAs\":[\"https:\/\/www.facebook.com\/groups\/126257133631\"]}]}<\/script>\n<!-- \/ Yoast SEO plugin. -->","yoast_head_json":{"title":"Soluzioni in banda libera - E.N.W. Ltd","description":"Soluzioni in banda libera basata su tecnologia\u00a0MOTOwi4\u00a0che ha permesso di realizzare con successo soluzioni ad alta velocit\u00e0.","robots":{"index":"index","follow":"follow","max-snippet":"max-snippet:-1","max-image-preview":"max-image-preview:large","max-video-preview":"max-video-preview:-1"},"canonical":"https:\/\/www.enw-ltd.net\/index.php\/soluzioni-in-banda-libera\/","og_locale":"it_IT","og_type":"article","og_title":"Soluzioni in banda libera - E.N.W. Ltd","og_description":"Soluzioni in banda libera basata su tecnologia\u00a0MOTOwi4\u00a0che ha permesso di realizzare con successo soluzioni ad alta velocit\u00e0.","og_url":"https:\/\/www.enw-ltd.net\/index.php\/soluzioni-in-banda-libera\/","og_site_name":"E.N.W. Ltd","article_publisher":"https:\/\/www.facebook.com\/groups\/126257133631","article_modified_time":"2025-02-12T15:15:21+00:00","og_image":[{"url":"https:\/\/www.enw-ltd.net\/wp-content\/uploads\/2025\/01\/moto2-1.png","type":"","width":"","height":""}],"twitter_card":"summary_large_image","twitter_misc":{"Tempo di lettura stimato":"3 minuti"},"schema":{"@context":"https:\/\/schema.org","@graph":[{"@type":"WebPage","@id":"https:\/\/www.enw-ltd.net\/index.php\/soluzioni-in-banda-libera\/","url":"https:\/\/www.enw-ltd.net\/index.php\/soluzioni-in-banda-libera\/","name":"Soluzioni in banda libera - E.N.W. Ltd","isPartOf":{"@id":"https:\/\/www.enw-ltd.net\/#website"},"primaryImageOfPage":{"@id":"https:\/\/www.enw-ltd.net\/index.php\/soluzioni-in-banda-libera\/#primaryimage"},"image":{"@id":"https:\/\/www.enw-ltd.net\/index.php\/soluzioni-in-banda-libera\/#primaryimage"},"thumbnailUrl":"https:\/\/www.enw-ltd.net\/wp-content\/uploads\/2025\/01\/moto2-1.png","datePublished":"2025-01-13T13:34:01+00:00","dateModified":"2025-02-12T15:15:21+00:00","description":"Soluzioni in banda libera basata su tecnologia\u00a0MOTOwi4\u00a0che ha permesso di realizzare con successo soluzioni ad alta velocit\u00e0.","breadcrumb":{"@id":"https:\/\/www.enw-ltd.net\/index.php\/soluzioni-in-banda-libera\/#breadcrumb"},"inLanguage":"it-IT","potentialAction":[{"@type":"ReadAction","target":["https:\/\/www.enw-ltd.net\/index.php\/soluzioni-in-banda-libera\/"]}]},{"@type":"ImageObject","inLanguage":"it-IT","@id":"https:\/\/www.enw-ltd.net\/index.php\/soluzioni-in-banda-libera\/#primaryimage","url":"https:\/\/www.enw-ltd.net\/wp-content\/uploads\/2025\/01\/moto2-1.png","contentUrl":"https:\/\/www.enw-ltd.net\/wp-content\/uploads\/2025\/01\/moto2-1.png","width":600,"height":630},{"@type":"BreadcrumbList","@id":"https:\/\/www.enw-ltd.net\/index.php\/soluzioni-in-banda-libera\/#breadcrumb","itemListElement":[{"@type":"ListItem","position":1,"name":"Home","item":"https:\/\/www.enw-ltd.net\/"},{"@type":"ListItem","position":2,"name":"Soluzioni in banda libera"}]},{"@type":"WebSite","@id":"https:\/\/www.enw-ltd.net\/#website","url":"https:\/\/www.enw-ltd.net\/","name":"www.enw-ltd.net","description":"Aspire, Build, Achieve","publisher":{"@id":"https:\/\/www.enw-ltd.net\/#organization"},"potentialAction":[{"@type":"SearchAction","target":{"@type":"EntryPoint","urlTemplate":"https:\/\/www.enw-ltd.net\/?s={search_term_string}"},"query-input":{"@type":"PropertyValueSpecification","valueRequired":true,"valueName":"search_term_string"}}],"inLanguage":"it-IT"},{"@type":"Organization","@id":"https:\/\/www.enw-ltd.net\/#organization","name":"E.N.W. Ltd","url":"https:\/\/www.enw-ltd.net\/","logo":{"@type":"ImageObject","inLanguage":"it-IT","@id":"https:\/\/www.enw-ltd.net\/#\/schema\/logo\/image\/","url":"https:\/\/www.enw-ltd.net\/wp-content\/uploads\/2025\/01\/logo-ENW-bianco.png","contentUrl":"https:\/\/www.enw-ltd.net\/wp-content\/uploads\/2025\/01\/logo-ENW-bianco.png","width":992,"height":974,"caption":"E.N.W. Ltd"},"image":{"@id":"https:\/\/www.enw-ltd.net\/#\/schema\/logo\/image\/"},"sameAs":["https:\/\/www.facebook.com\/groups\/126257133631"]}]}},"jetpack_sharing_enabled":true,"_links":{"self":[{"href":"https:\/\/www.enw-ltd.net\/index.php\/wp-json\/wp\/v2\/pages\/111","targetHints":{"allow":["GET"]}}],"collection":[{"href":"https:\/\/www.enw-ltd.net\/index.php\/wp-json\/wp\/v2\/pages"}],"about":[{"href":"https:\/\/www.enw-ltd.net\/index.php\/wp-json\/wp\/v2\/types\/page"}],"author":[{"embeddable":true,"href":"https:\/\/www.enw-ltd.net\/index.php\/wp-json\/wp\/v2\/users\/1"}],"replies":[{"embeddable":true,"href":"https:\/\/www.enw-ltd.net\/index.php\/wp-json\/wp\/v2\/comments?post=111"}],"version-history":[{"count":9,"href":"https:\/\/www.enw-ltd.net\/index.php\/wp-json\/wp\/v2\/pages\/111\/revisions"}],"predecessor-version":[{"id":939,"href":"https:\/\/www.enw-ltd.net\/index.php\/wp-json\/wp\/v2\/pages\/111\/revisions\/939"}],"wp:attachment":[{"href":"https:\/\/www.enw-ltd.net\/index.php\/wp-json\/wp\/v2\/media?parent=111"}],"curies":[{"name":"wp","href":"https:\/\/api.w.org\/{rel}","templated":true}]}}