{"id":112,"date":"2025-01-13T14:34:02","date_gmt":"2025-01-13T13:34:02","guid":{"rendered":"http:\/\/www.enw-ltd.net\/?page_id=112"},"modified":"2025-02-12T15:51:15","modified_gmt":"2025-02-12T14:51:15","slug":"soluzioni-in-banda-licenziata-ptp","status":"publish","type":"page","link":"https:\/\/www.enw-ltd.net\/index.php\/soluzioni-in-banda-licenziata-ptp\/","title":{"rendered":"Soluzioni in banda licenziata"},"content":{"rendered":"\n<figure class=\"wp-block-image size-full is-resized\"><img loading=\"lazy\" decoding=\"async\" width=\"270\" height=\"150\" src=\"https:\/\/www.enw-ltd.net\/wp-content\/uploads\/2025\/01\/moto5.png\" alt=\"\" class=\"wp-image-600\" style=\"width:296px;height:auto\"\/><\/figure>\n\n\n\n<p>Il&nbsp;<strong>PTP800&nbsp;<\/strong>\u00e8 il nuovo ponte radio a microonde Ethernet di Motorola operante su&nbsp;<strong>bande di frequenza licenziate<\/strong>.<br><br>Attualmente \u00e8 disponibile a&nbsp;<strong>11, 18, 23 e 26 GHz<\/strong>, a breve la gamma sar\u00e0 completata con le versioni a&nbsp;<strong>L6, 7, 13, 15, 38 GHz<\/strong>.<br><br>Il PTP800 ha una&nbsp;<strong>capacit\u00e0 di traffico Ethernet netto massimo pari a 368 Mbps (full-duplex)<\/strong>; la versione base ha una capacit\u00e0 di 10 Mbps per direzione che pu\u00f2 essere aumentata nel tempo tramite l&#8217;acquisto di licenze di upgrade, i tagli disponibili sono 10, 30, 40, 50, 100, 150, 200, Full Mbps.<br><br>Il PTP800 \u00e8 split-mount: \u00e8 composto da una&nbsp;<strong>Outdoor Unit (ODU)<\/strong>&nbsp;e da una parte indoor chiamata&nbsp;<strong>Compact Modem Unit (CMU)<\/strong>; il collegamento tra le due \u00e8 tramite cavo coassiale.<\/p>\n\n\n\n<figure class=\"wp-block-image size-full\"><img loading=\"lazy\" decoding=\"async\" width=\"200\" height=\"177\" src=\"https:\/\/www.enw-ltd.net\/wp-content\/uploads\/2025\/01\/moto6.png\" alt=\"\" class=\"wp-image-601\"\/><\/figure>\n\n\n\n<p>La&nbsp;<strong>ODU<\/strong>&nbsp;\u00e8 molto compatta, solitamente si monta direttamente sul retro dell&#8217;antenna parabolica (configurazione Direct Mount). E&#8217; possibile anche la configurazione Detached, nella quale l&#8217;ODU \u00e8 collegata all&#8217;antenna tramite una guida d&#8217;onda.<\/p>\n\n\n\n<figure class=\"wp-block-image size-full\"><img loading=\"lazy\" decoding=\"async\" width=\"250\" height=\"170\" src=\"https:\/\/www.enw-ltd.net\/wp-content\/uploads\/2025\/01\/moto7.png\" alt=\"\" class=\"wp-image-603\"\/><\/figure>\n\n\n\n<p>La&nbsp;<strong>CMU<\/strong>&nbsp;ha dimensioni met\u00e0 rack 19&#8221; 1 Unit\u00e0 e profonda 22 cm; offre una porta Eternet 10\/100\/1000 su rame, lo slot SFP per una porta Ethernet su fibra ottica, una porta Ethernet per il management fuori banda, i connettori per l&#8217;alimentazione e per l&#8217;ODU.<\/p>\n\n\n\n<p><br>Motorola offre una&nbsp;<strong>vasta scelta di antenne paraboliche High Performance<\/strong>, con diametro da 30 a 180 cm a seconda della banda di funzionamento.<br><br>Motorola offre una vasta gamma di servizi a supporto: il tool gratuito&nbsp;<strong>LinkPlanner<\/strong>&nbsp;per la pianificazione delle tratte radio, la possibilit\u00e0 di estendere la garanzia del costruttore sul software e sull&#8217;hardware.<br><br><em>BPG Radiocomunicazioni mette a disposizione la propria esperienza per fornire la consulenza nel dimensionare i costi dei canoni annui e per eseguire le pratiche tecnico-progettuali presso il Ministero dello Sviluppo Economico-Comunicazioni per l&#8217;ottenimento delle frequenze licenziate.<\/em><br><br><strong>Caratteristiche di rete<\/strong><\/p>\n\n\n\n<ul class=\"wp-block-list\">\n<li>Banda offerta: a partire da 10Mbps full duplex effettivi<\/li>\n\n\n\n<li>Upgrade assimmetrici a 20, 30, 40, 50, 100, 150, 200, 300 e 364Mbps full duplex effettivi<\/li>\n\n\n\n<li>Latenza: &lt; 115 \u03bcs @ 364Mbps con 64 bytes frame<\/li>\n\n\n\n<li>Collegamento: una porta 10\/100\/1000 BaseT, una porta 10\/100 BaseT per gestione out-of-band, uno slot SFP per interfaccia ottica gigabit opzionale<\/li>\n\n\n\n<li>QoS: layer 2 e layer 3 su 8 code di priorit\u00e0 (802.1p, 802.1ad QinQ, DSCP, MPLS EXP)<\/li>\n\n\n\n<li>Configurazione tramite interfaccia web (HTTP e HTTPS) e SNMPv3, diagnostiche grafiche con un mese di storico<\/li>\n<\/ul>\n\n\n\n<p><br><strong>Componenti radio<\/strong><\/p>\n\n\n\n<ul class=\"wp-block-list\">\n<li>Frequenze utilizzabili: bande 18GHz, 23GHz, 26GHz&nbsp;&nbsp;(prossimamente anche 7, 8, 11, 13, 15GHz)<\/li>\n\n\n\n<li>Duplex: FDD<\/li>\n\n\n\n<li>Larghezza di canale: configurabile a 7, 14, 28 oppure 56 MHz<\/li>\n\n\n\n<li>Potenza di trasmissione: fino a +28 dBm<\/li>\n\n\n\n<li>Sensibilit\u00e0 in ricezione: -90 dBm (QPSK)<\/li>\n\n\n\n<li>Interfaccia IF ODU-CMU: su coassiale con connettori N (50 ohm)&nbsp; TX @ 350 MHz &#8211; RX @ 140 MHz<\/li>\n\n\n\n<li>Tipo di antenna: parabolica Andrew a scelta tra 30, 60, 90 e 120cm singola o doppia polarizzazione<\/li>\n\n\n\n<li>Tecniche utilizzate: AMOD, con modulazione adattativa da QPSK a 256QAM oppure modulazione fissa<\/li>\n\n\n\n<li>Correzione di errore: LDPC e Reed Solomon<\/li>\n<\/ul>\n\n\n\n<p><br><strong>Qualit\u00e0 fisiche<\/strong><\/p>\n\n\n\n<ul class=\"wp-block-list\">\n<li>ODU con design compatto e resistente alle intemperie<\/li>\n\n\n\n<li>Dimensione: \u00d8 267mm x 89mm (ODU); 180x220x35mm (CMU)<\/li>\n\n\n\n<li>Peso: 4.6kg (ODU); 1.1kg (CMU)<\/li>\n\n\n\n<li>Temperatura di lavoro: da -33\u00b0C a +55\u00b0C<\/li>\n\n\n\n<li>Protezione alla pioggia: IP56 (ODU)<\/li>\n\n\n\n<li>Umidit\u00e0: 100% (ODU); 95% non-condensing (CMU)<\/li>\n\n\n\n<li>Alimentazione: -48V DC (positivo a massa), max 80W<\/li>\n\n\n\n<li>Risponde alle normative: EN301 489, EN60950, RoHS<\/li>\n<\/ul>\n\n\n\n<p><br><strong>Upgrade e opzioni disponibili<\/strong><\/p>\n\n\n\n<ul class=\"wp-block-list\">\n<li>Upgrade di banda iniziali a 20, 30, 40, 50, 100, 150, 200, 300 e 364Mbps<\/li>\n\n\n\n<li>Upgrade di banda a passi successivi fino a 364Mbps<\/li>\n\n\n\n<li>Modulo SFP per interfaccia 1000BaseSX o 1000BaseLX<\/li>\n\n\n\n<li>Coupler Kit per montare due ricetrasmettitori ODU sulla stessa antenna<\/li>\n\n\n\n<li>Kit per montaggio a rack 19\u201d 1U del CMU<\/li>\n\n\n\n<li>Cifratura aggiuntiva AES con chiave a 128bit e 256bit (FIPS 197)<\/li>\n<\/ul>\n\n\n\n<p>Software Path Profiler gratuito, utile per la stima della tratta e generare l&#8217;elenco del materiale richiesto<\/p>\n\n\n\n<p><strong>Per info e preventivi<\/strong>:<\/p>\n\n\n\n<div class=\"wp-block-buttons has-white-background-color has-background is-layout-flex wp-block-buttons-is-layout-flex\">\n<div class=\"wp-block-button\"><a class=\"wp-block-button__link wp-element-button\" href=\"https:\/\/www.enw-ltd.net\/index.php\/contattaci\/\">Contattaci<\/a><\/div>\n<\/div>\n","protected":false},"excerpt":{"rendered":"<p>Il&nbsp;PTP800&nbsp;\u00e8 il nuovo ponte radio a microonde Ethernet di Motorola operante su&nbsp;bande di frequenza licenziate. Attualmente \u00e8 disponibile a&nbsp;11, 18, 23 e 26 GHz, a breve la gamma sar\u00e0 completata con le versioni a&nbsp;L6, 7, 13, 15, 38 GHz. Il PTP800 ha una&nbsp;capacit\u00e0 di traffico Ethernet netto massimo pari a 368 Mbps (full-duplex); la versione&hellip; <br \/> <a class=\"read-more\" href=\"https:\/\/www.enw-ltd.net\/index.php\/soluzioni-in-banda-licenziata-ptp\/\">Leggi tutto<\/a><\/p>\n","protected":false},"author":1,"featured_media":0,"parent":0,"menu_order":0,"comment_status":"closed","ping_status":"closed","template":"","meta":{"ngg_post_thumbnail":0,"footnotes":""},"class_list":["post-112","page","type-page","status-publish","hentry"],"yoast_head":"<!-- This site is optimized with the Yoast SEO plugin v27.0 - https:\/\/yoast.com\/product\/yoast-seo-wordpress\/ -->\n<title>Soluzioni in banda licenziata - E.N.W. Ltd<\/title>\n<meta name=\"description\" content=\"Come soluzioni in banda licenziata abbiamo il\u00a0PTP800, ponte radio a microonde Ethernet di Motorola operante su\u00a0bande di frequenza licenziate.\" \/>\n<meta name=\"robots\" content=\"index, follow, max-snippet:-1, max-image-preview:large, max-video-preview:-1\" \/>\n<link rel=\"canonical\" href=\"https:\/\/www.enw-ltd.net\/index.php\/soluzioni-in-banda-licenziata-ptp\/\" \/>\n<meta property=\"og:locale\" content=\"it_IT\" \/>\n<meta property=\"og:type\" content=\"article\" \/>\n<meta property=\"og:title\" content=\"Soluzioni in banda licenziata - E.N.W. Ltd\" \/>\n<meta property=\"og:description\" content=\"Come soluzioni in banda licenziata abbiamo il\u00a0PTP800, ponte radio a microonde Ethernet di Motorola operante su\u00a0bande di frequenza licenziate.\" \/>\n<meta property=\"og:url\" content=\"https:\/\/www.enw-ltd.net\/index.php\/soluzioni-in-banda-licenziata-ptp\/\" \/>\n<meta property=\"og:site_name\" content=\"E.N.W. Ltd\" \/>\n<meta property=\"article:publisher\" content=\"https:\/\/www.facebook.com\/groups\/126257133631\" \/>\n<meta property=\"article:modified_time\" content=\"2025-02-12T14:51:15+00:00\" \/>\n<meta property=\"og:image\" content=\"https:\/\/www.enw-ltd.net\/wp-content\/uploads\/2025\/01\/moto5.png\" \/>\n<meta name=\"twitter:card\" content=\"summary_large_image\" \/>\n<meta name=\"twitter:label1\" content=\"Tempo di lettura stimato\" \/>\n\t<meta name=\"twitter:data1\" content=\"4 minuti\" \/>\n<script type=\"application\/ld+json\" class=\"yoast-schema-graph\">{\"@context\":\"https:\/\/schema.org\",\"@graph\":[{\"@type\":\"WebPage\",\"@id\":\"https:\/\/www.enw-ltd.net\/index.php\/soluzioni-in-banda-licenziata-ptp\/\",\"url\":\"https:\/\/www.enw-ltd.net\/index.php\/soluzioni-in-banda-licenziata-ptp\/\",\"name\":\"Soluzioni in banda licenziata - E.N.W. Ltd\",\"isPartOf\":{\"@id\":\"https:\/\/www.enw-ltd.net\/#website\"},\"primaryImageOfPage\":{\"@id\":\"https:\/\/www.enw-ltd.net\/index.php\/soluzioni-in-banda-licenziata-ptp\/#primaryimage\"},\"image\":{\"@id\":\"https:\/\/www.enw-ltd.net\/index.php\/soluzioni-in-banda-licenziata-ptp\/#primaryimage\"},\"thumbnailUrl\":\"https:\/\/www.enw-ltd.net\/wp-content\/uploads\/2025\/01\/moto5.png\",\"datePublished\":\"2025-01-13T13:34:02+00:00\",\"dateModified\":\"2025-02-12T14:51:15+00:00\",\"description\":\"Come soluzioni in banda licenziata abbiamo il\u00a0PTP800, ponte radio a microonde Ethernet di Motorola operante su\u00a0bande di frequenza licenziate.\",\"breadcrumb\":{\"@id\":\"https:\/\/www.enw-ltd.net\/index.php\/soluzioni-in-banda-licenziata-ptp\/#breadcrumb\"},\"inLanguage\":\"it-IT\",\"potentialAction\":[{\"@type\":\"ReadAction\",\"target\":[\"https:\/\/www.enw-ltd.net\/index.php\/soluzioni-in-banda-licenziata-ptp\/\"]}]},{\"@type\":\"ImageObject\",\"inLanguage\":\"it-IT\",\"@id\":\"https:\/\/www.enw-ltd.net\/index.php\/soluzioni-in-banda-licenziata-ptp\/#primaryimage\",\"url\":\"https:\/\/www.enw-ltd.net\/wp-content\/uploads\/2025\/01\/moto5.png\",\"contentUrl\":\"https:\/\/www.enw-ltd.net\/wp-content\/uploads\/2025\/01\/moto5.png\",\"width\":270,\"height\":150},{\"@type\":\"BreadcrumbList\",\"@id\":\"https:\/\/www.enw-ltd.net\/index.php\/soluzioni-in-banda-licenziata-ptp\/#breadcrumb\",\"itemListElement\":[{\"@type\":\"ListItem\",\"position\":1,\"name\":\"Home\",\"item\":\"https:\/\/www.enw-ltd.net\/\"},{\"@type\":\"ListItem\",\"position\":2,\"name\":\"Soluzioni in banda licenziata\"}]},{\"@type\":\"WebSite\",\"@id\":\"https:\/\/www.enw-ltd.net\/#website\",\"url\":\"https:\/\/www.enw-ltd.net\/\",\"name\":\"www.enw-ltd.net\",\"description\":\"Aspire, Build, Achieve\",\"publisher\":{\"@id\":\"https:\/\/www.enw-ltd.net\/#organization\"},\"potentialAction\":[{\"@type\":\"SearchAction\",\"target\":{\"@type\":\"EntryPoint\",\"urlTemplate\":\"https:\/\/www.enw-ltd.net\/?s={search_term_string}\"},\"query-input\":{\"@type\":\"PropertyValueSpecification\",\"valueRequired\":true,\"valueName\":\"search_term_string\"}}],\"inLanguage\":\"it-IT\"},{\"@type\":\"Organization\",\"@id\":\"https:\/\/www.enw-ltd.net\/#organization\",\"name\":\"E.N.W. Ltd\",\"url\":\"https:\/\/www.enw-ltd.net\/\",\"logo\":{\"@type\":\"ImageObject\",\"inLanguage\":\"it-IT\",\"@id\":\"https:\/\/www.enw-ltd.net\/#\/schema\/logo\/image\/\",\"url\":\"https:\/\/www.enw-ltd.net\/wp-content\/uploads\/2025\/01\/logo-ENW-bianco.png\",\"contentUrl\":\"https:\/\/www.enw-ltd.net\/wp-content\/uploads\/2025\/01\/logo-ENW-bianco.png\",\"width\":992,\"height\":974,\"caption\":\"E.N.W. Ltd\"},\"image\":{\"@id\":\"https:\/\/www.enw-ltd.net\/#\/schema\/logo\/image\/\"},\"sameAs\":[\"https:\/\/www.facebook.com\/groups\/126257133631\"]}]}<\/script>\n<!-- \/ Yoast SEO plugin. -->","yoast_head_json":{"title":"Soluzioni in banda licenziata - E.N.W. Ltd","description":"Come soluzioni in banda licenziata abbiamo il\u00a0PTP800, ponte radio a microonde Ethernet di Motorola operante su\u00a0bande di frequenza licenziate.","robots":{"index":"index","follow":"follow","max-snippet":"max-snippet:-1","max-image-preview":"max-image-preview:large","max-video-preview":"max-video-preview:-1"},"canonical":"https:\/\/www.enw-ltd.net\/index.php\/soluzioni-in-banda-licenziata-ptp\/","og_locale":"it_IT","og_type":"article","og_title":"Soluzioni in banda licenziata - E.N.W. Ltd","og_description":"Come soluzioni in banda licenziata abbiamo il\u00a0PTP800, ponte radio a microonde Ethernet di Motorola operante su\u00a0bande di frequenza licenziate.","og_url":"https:\/\/www.enw-ltd.net\/index.php\/soluzioni-in-banda-licenziata-ptp\/","og_site_name":"E.N.W. Ltd","article_publisher":"https:\/\/www.facebook.com\/groups\/126257133631","article_modified_time":"2025-02-12T14:51:15+00:00","og_image":[{"url":"https:\/\/www.enw-ltd.net\/wp-content\/uploads\/2025\/01\/moto5.png","type":"","width":"","height":""}],"twitter_card":"summary_large_image","twitter_misc":{"Tempo di lettura stimato":"4 minuti"},"schema":{"@context":"https:\/\/schema.org","@graph":[{"@type":"WebPage","@id":"https:\/\/www.enw-ltd.net\/index.php\/soluzioni-in-banda-licenziata-ptp\/","url":"https:\/\/www.enw-ltd.net\/index.php\/soluzioni-in-banda-licenziata-ptp\/","name":"Soluzioni in banda licenziata - E.N.W. Ltd","isPartOf":{"@id":"https:\/\/www.enw-ltd.net\/#website"},"primaryImageOfPage":{"@id":"https:\/\/www.enw-ltd.net\/index.php\/soluzioni-in-banda-licenziata-ptp\/#primaryimage"},"image":{"@id":"https:\/\/www.enw-ltd.net\/index.php\/soluzioni-in-banda-licenziata-ptp\/#primaryimage"},"thumbnailUrl":"https:\/\/www.enw-ltd.net\/wp-content\/uploads\/2025\/01\/moto5.png","datePublished":"2025-01-13T13:34:02+00:00","dateModified":"2025-02-12T14:51:15+00:00","description":"Come soluzioni in banda licenziata abbiamo il\u00a0PTP800, ponte radio a microonde Ethernet di Motorola operante su\u00a0bande di frequenza licenziate.","breadcrumb":{"@id":"https:\/\/www.enw-ltd.net\/index.php\/soluzioni-in-banda-licenziata-ptp\/#breadcrumb"},"inLanguage":"it-IT","potentialAction":[{"@type":"ReadAction","target":["https:\/\/www.enw-ltd.net\/index.php\/soluzioni-in-banda-licenziata-ptp\/"]}]},{"@type":"ImageObject","inLanguage":"it-IT","@id":"https:\/\/www.enw-ltd.net\/index.php\/soluzioni-in-banda-licenziata-ptp\/#primaryimage","url":"https:\/\/www.enw-ltd.net\/wp-content\/uploads\/2025\/01\/moto5.png","contentUrl":"https:\/\/www.enw-ltd.net\/wp-content\/uploads\/2025\/01\/moto5.png","width":270,"height":150},{"@type":"BreadcrumbList","@id":"https:\/\/www.enw-ltd.net\/index.php\/soluzioni-in-banda-licenziata-ptp\/#breadcrumb","itemListElement":[{"@type":"ListItem","position":1,"name":"Home","item":"https:\/\/www.enw-ltd.net\/"},{"@type":"ListItem","position":2,"name":"Soluzioni in banda licenziata"}]},{"@type":"WebSite","@id":"https:\/\/www.enw-ltd.net\/#website","url":"https:\/\/www.enw-ltd.net\/","name":"www.enw-ltd.net","description":"Aspire, Build, Achieve","publisher":{"@id":"https:\/\/www.enw-ltd.net\/#organization"},"potentialAction":[{"@type":"SearchAction","target":{"@type":"EntryPoint","urlTemplate":"https:\/\/www.enw-ltd.net\/?s={search_term_string}"},"query-input":{"@type":"PropertyValueSpecification","valueRequired":true,"valueName":"search_term_string"}}],"inLanguage":"it-IT"},{"@type":"Organization","@id":"https:\/\/www.enw-ltd.net\/#organization","name":"E.N.W. Ltd","url":"https:\/\/www.enw-ltd.net\/","logo":{"@type":"ImageObject","inLanguage":"it-IT","@id":"https:\/\/www.enw-ltd.net\/#\/schema\/logo\/image\/","url":"https:\/\/www.enw-ltd.net\/wp-content\/uploads\/2025\/01\/logo-ENW-bianco.png","contentUrl":"https:\/\/www.enw-ltd.net\/wp-content\/uploads\/2025\/01\/logo-ENW-bianco.png","width":992,"height":974,"caption":"E.N.W. Ltd"},"image":{"@id":"https:\/\/www.enw-ltd.net\/#\/schema\/logo\/image\/"},"sameAs":["https:\/\/www.facebook.com\/groups\/126257133631"]}]}},"jetpack_sharing_enabled":true,"_links":{"self":[{"href":"https:\/\/www.enw-ltd.net\/index.php\/wp-json\/wp\/v2\/pages\/112","targetHints":{"allow":["GET"]}}],"collection":[{"href":"https:\/\/www.enw-ltd.net\/index.php\/wp-json\/wp\/v2\/pages"}],"about":[{"href":"https:\/\/www.enw-ltd.net\/index.php\/wp-json\/wp\/v2\/types\/page"}],"author":[{"embeddable":true,"href":"https:\/\/www.enw-ltd.net\/index.php\/wp-json\/wp\/v2\/users\/1"}],"replies":[{"embeddable":true,"href":"https:\/\/www.enw-ltd.net\/index.php\/wp-json\/wp\/v2\/comments?post=112"}],"version-history":[{"count":5,"href":"https:\/\/www.enw-ltd.net\/index.php\/wp-json\/wp\/v2\/pages\/112\/revisions"}],"predecessor-version":[{"id":933,"href":"https:\/\/www.enw-ltd.net\/index.php\/wp-json\/wp\/v2\/pages\/112\/revisions\/933"}],"wp:attachment":[{"href":"https:\/\/www.enw-ltd.net\/index.php\/wp-json\/wp\/v2\/media?parent=112"}],"curies":[{"name":"wp","href":"https:\/\/api.w.org\/{rel}","templated":true}]}}