{"id":113,"date":"2025-01-13T14:34:02","date_gmt":"2025-01-13T13:34:02","guid":{"rendered":"http:\/\/www.enw-ltd.net\/?page_id=113"},"modified":"2025-02-10T17:39:14","modified_gmt":"2025-02-10T16:39:14","slug":"soluzioni-in-banda-libera-multipunto","status":"publish","type":"page","link":"https:\/\/www.enw-ltd.net\/index.php\/soluzioni-in-banda-libera-multipunto\/","title":{"rendered":"Soluzioni in banda libera"},"content":{"rendered":"\n<p>La tecnologia\u00a0<strong>Motorola Canopy\u00ae<\/strong>\u00a0\u00e8 tanto semplice quanto potente: la soluzione wireless sicura, flessibile, affidabile per costruire ed estendere la propria rete broadband<br><\/p>\n\n\n\n<ul class=\"wp-block-list\">\n<li>Robustezza provata sul campo<\/li>\n\n\n\n<li>Tecnologia leader sul mercato<\/li>\n\n\n\n<li>ROI comprovato<\/li>\n\n\n\n<li>Variet\u00e0 di apparati e soluzioni<\/li>\n\n\n\n<li>Grande esperienza nel settore wireless outdoor<\/li>\n\n\n\n<li>Focus sulla qualit\u00e0<\/li>\n<\/ul>\n\n\n\n<p><strong>I componenti del sistema Canopy comprendono<\/strong>:<\/p>\n\n\n\n<figure class=\"wp-block-image size-full\"><img loading=\"lazy\" decoding=\"async\" width=\"250\" height=\"151\" src=\"https:\/\/www.enw-ltd.net\/wp-content\/uploads\/2025\/01\/moto8.png\" alt=\"\" class=\"wp-image-606\"\/><\/figure>\n\n\n\n<p><strong>Modulo Access Point (AP)<\/strong>. L&#8217;AP Canopy si interfaccia in modo trasparente con la LAN esistente con collegamento a standard Ethernet. Compatti, flessibili e modulari, i moduli AP sono stati progettati per essere installati all&#8217;aperto.<\/p>\n\n\n\n<figure class=\"wp-block-image size-full\"><img loading=\"lazy\" decoding=\"async\" width=\"203\" height=\"225\" src=\"https:\/\/www.enw-ltd.net\/wp-content\/uploads\/2025\/01\/moto9.png\" alt=\"\" class=\"wp-image-607\"\/><\/figure>\n\n\n\n<p><strong>Cluster AP<\/strong>. La base di un sistema Canopy avanzato \u00e8 il Cluster AP, un sistema ad alta capacit\u00e0 che include diversi moduli AP pi\u00f9 un modulo di gestione CMM. Il CMM alimenta e sincronizza pi\u00f9 moduli Canopy, e comprende un commutatore Ethernet e un ricevitore GPS.<\/p>\n\n\n\n<figure class=\"wp-block-image size-full\"><img loading=\"lazy\" decoding=\"async\" width=\"250\" height=\"130\" src=\"https:\/\/www.enw-ltd.net\/wp-content\/uploads\/2025\/01\/moto10.png\" alt=\"\" class=\"wp-image-608\"\/><\/figure>\n\n\n\n<p><strong>Modulo Subscriber (SM)<\/strong>. Il modulo SM Canopy sono dei ricevitori di accesso compatti e discreti facili da installare. Possono essere installati all&#8217;aperto ed includono feature avanzate di rete. Ogni AP pu\u00f2 servire fino a 200 SM.<\/p>\n\n\n\n<p>Le caratteristiche salienti del sistema&nbsp;<strong>Canopy Punto-Multi-Punto<\/strong>&nbsp;sono:<\/p>\n\n\n\n<ul class=\"wp-block-list\">\n<li>Soluzione semplice ed efficace<\/li>\n\n\n\n<li>Banda non licenziata e licenziata (2.4, 3.5, 5.4 e 5.8 GHz)<\/li>\n\n\n\n<li>Fino a 21 Mbps effettivi<\/li>\n\n\n\n<li>Fino a 16km in LoS a 1W EIRP<\/li>\n\n\n\n<li>Funzionamento LoS, nLoS e NLoS<\/li>\n\n\n\n<li>Riservatezza robusta \u2013 scrambling unico e opzione AES 128\/256bit<\/li>\n\n\n\n<li>10\/100 BaseT (RJ-45)<\/li>\n\n\n\n<li>Dispositivi piccoli e discreti<\/li>\n\n\n\n<li>Facilit\u00e0 di installazione e utilizzo<\/li>\n\n\n\n<li>Predisposto per gestione centralizzata con piattaforma NMS SNMP<\/li>\n\n\n\n<li>Consumi ridotti<\/li>\n\n\n\n<li>Versione integrata e connettorizata<\/li>\n<\/ul>\n\n\n\n<figure class=\"wp-block-image size-full\"><img loading=\"lazy\" decoding=\"async\" width=\"426\" height=\"208\" src=\"https:\/\/www.enw-ltd.net\/wp-content\/uploads\/2025\/01\/moto11.png\" alt=\"\" class=\"wp-image-609\" srcset=\"https:\/\/www.enw-ltd.net\/wp-content\/uploads\/2025\/01\/moto11.png 426w, https:\/\/www.enw-ltd.net\/wp-content\/uploads\/2025\/01\/moto11-300x146.png 300w\" sizes=\"auto, (max-width: 426px) 100vw, 426px\" \/><\/figure>\n\n\n\n<p>Moduli SM PMP400 e PMP500<\/p>\n\n\n\n<p><strong>Tabella comparativa degli apparati Punto-MultiPunto disponibili<\/strong><\/p>\n\n\n\n<figure class=\"wp-block-image size-full\"><img loading=\"lazy\" decoding=\"async\" width=\"600\" height=\"837\" src=\"https:\/\/www.enw-ltd.net\/wp-content\/uploads\/2025\/01\/moto12.png\" alt=\"\" class=\"wp-image-610\" srcset=\"https:\/\/www.enw-ltd.net\/wp-content\/uploads\/2025\/01\/moto12.png 600w, https:\/\/www.enw-ltd.net\/wp-content\/uploads\/2025\/01\/moto12-215x300.png 215w\" sizes=\"auto, (max-width: 600px) 100vw, 600px\" \/><\/figure>\n\n\n\n<p><strong>Per info e preventivi<\/strong>:<\/p>\n\n\n\n<div class=\"wp-block-buttons has-white-background-color has-background is-layout-flex wp-block-buttons-is-layout-flex\">\n<div class=\"wp-block-button\"><a class=\"wp-block-button__link wp-element-button\" href=\"https:\/\/www.enw-ltd.net\/index.php\/contattaci\/\">Contattaci<\/a><\/div>\n<\/div>\n","protected":false},"excerpt":{"rendered":"<p>La tecnologia\u00a0Motorola Canopy\u00ae\u00a0\u00e8 tanto semplice quanto potente: la soluzione wireless sicura, flessibile, affidabile per costruire ed estendere la propria rete broadband I componenti del sistema Canopy comprendono: Modulo Access Point (AP). L&#8217;AP Canopy si interfaccia in modo trasparente con la LAN esistente con collegamento a standard Ethernet. Compatti, flessibili e modulari, i moduli AP sono&hellip; <br \/> <a class=\"read-more\" href=\"https:\/\/www.enw-ltd.net\/index.php\/soluzioni-in-banda-libera-multipunto\/\">Leggi tutto<\/a><\/p>\n","protected":false},"author":1,"featured_media":0,"parent":0,"menu_order":0,"comment_status":"closed","ping_status":"closed","template":"","meta":{"ngg_post_thumbnail":0,"footnotes":""},"class_list":["post-113","page","type-page","status-publish","hentry"],"yoast_head":"<!-- This site is optimized with the Yoast SEO plugin v27.0 - https:\/\/yoast.com\/product\/yoast-seo-wordpress\/ -->\n<title>Soluzioni in banda libera - E.N.W. Ltd<\/title>\n<meta name=\"description\" content=\"La soluzione wireless sicura, flessibile, affidabile per costruire ed estendere la propria rete broadband.\" \/>\n<meta name=\"robots\" content=\"index, follow, max-snippet:-1, max-image-preview:large, max-video-preview:-1\" \/>\n<link rel=\"canonical\" href=\"https:\/\/www.enw-ltd.net\/index.php\/soluzioni-in-banda-libera-multipunto\/\" \/>\n<meta property=\"og:locale\" content=\"it_IT\" \/>\n<meta property=\"og:type\" content=\"article\" \/>\n<meta property=\"og:title\" content=\"Soluzioni in banda libera - E.N.W. Ltd\" \/>\n<meta property=\"og:description\" content=\"La soluzione wireless sicura, flessibile, affidabile per costruire ed estendere la propria rete broadband.\" \/>\n<meta property=\"og:url\" content=\"https:\/\/www.enw-ltd.net\/index.php\/soluzioni-in-banda-libera-multipunto\/\" \/>\n<meta property=\"og:site_name\" content=\"E.N.W. Ltd\" \/>\n<meta property=\"article:publisher\" content=\"https:\/\/www.facebook.com\/groups\/126257133631\" \/>\n<meta property=\"article:modified_time\" content=\"2025-02-10T16:39:14+00:00\" \/>\n<meta property=\"og:image\" content=\"https:\/\/www.enw-ltd.net\/wp-content\/uploads\/2025\/01\/moto8.png\" \/>\n<meta name=\"twitter:card\" content=\"summary_large_image\" \/>\n<meta name=\"twitter:label1\" content=\"Tempo di lettura stimato\" \/>\n\t<meta name=\"twitter:data1\" content=\"3 minuti\" \/>\n<script type=\"application\/ld+json\" class=\"yoast-schema-graph\">{\"@context\":\"https:\/\/schema.org\",\"@graph\":[{\"@type\":\"WebPage\",\"@id\":\"https:\/\/www.enw-ltd.net\/index.php\/soluzioni-in-banda-libera-multipunto\/\",\"url\":\"https:\/\/www.enw-ltd.net\/index.php\/soluzioni-in-banda-libera-multipunto\/\",\"name\":\"Soluzioni in banda libera - E.N.W. Ltd\",\"isPartOf\":{\"@id\":\"https:\/\/www.enw-ltd.net\/#website\"},\"primaryImageOfPage\":{\"@id\":\"https:\/\/www.enw-ltd.net\/index.php\/soluzioni-in-banda-libera-multipunto\/#primaryimage\"},\"image\":{\"@id\":\"https:\/\/www.enw-ltd.net\/index.php\/soluzioni-in-banda-libera-multipunto\/#primaryimage\"},\"thumbnailUrl\":\"https:\/\/www.enw-ltd.net\/wp-content\/uploads\/2025\/01\/moto8.png\",\"datePublished\":\"2025-01-13T13:34:02+00:00\",\"dateModified\":\"2025-02-10T16:39:14+00:00\",\"description\":\"La soluzione wireless sicura, flessibile, affidabile per costruire ed estendere la propria rete broadband.\",\"breadcrumb\":{\"@id\":\"https:\/\/www.enw-ltd.net\/index.php\/soluzioni-in-banda-libera-multipunto\/#breadcrumb\"},\"inLanguage\":\"it-IT\",\"potentialAction\":[{\"@type\":\"ReadAction\",\"target\":[\"https:\/\/www.enw-ltd.net\/index.php\/soluzioni-in-banda-libera-multipunto\/\"]}]},{\"@type\":\"ImageObject\",\"inLanguage\":\"it-IT\",\"@id\":\"https:\/\/www.enw-ltd.net\/index.php\/soluzioni-in-banda-libera-multipunto\/#primaryimage\",\"url\":\"https:\/\/www.enw-ltd.net\/wp-content\/uploads\/2025\/01\/moto8.png\",\"contentUrl\":\"https:\/\/www.enw-ltd.net\/wp-content\/uploads\/2025\/01\/moto8.png\",\"width\":250,\"height\":151},{\"@type\":\"BreadcrumbList\",\"@id\":\"https:\/\/www.enw-ltd.net\/index.php\/soluzioni-in-banda-libera-multipunto\/#breadcrumb\",\"itemListElement\":[{\"@type\":\"ListItem\",\"position\":1,\"name\":\"Home\",\"item\":\"https:\/\/www.enw-ltd.net\/\"},{\"@type\":\"ListItem\",\"position\":2,\"name\":\"Soluzioni in banda libera\"}]},{\"@type\":\"WebSite\",\"@id\":\"https:\/\/www.enw-ltd.net\/#website\",\"url\":\"https:\/\/www.enw-ltd.net\/\",\"name\":\"www.enw-ltd.net\",\"description\":\"Aspire, Build, Achieve\",\"publisher\":{\"@id\":\"https:\/\/www.enw-ltd.net\/#organization\"},\"potentialAction\":[{\"@type\":\"SearchAction\",\"target\":{\"@type\":\"EntryPoint\",\"urlTemplate\":\"https:\/\/www.enw-ltd.net\/?s={search_term_string}\"},\"query-input\":{\"@type\":\"PropertyValueSpecification\",\"valueRequired\":true,\"valueName\":\"search_term_string\"}}],\"inLanguage\":\"it-IT\"},{\"@type\":\"Organization\",\"@id\":\"https:\/\/www.enw-ltd.net\/#organization\",\"name\":\"E.N.W. Ltd\",\"url\":\"https:\/\/www.enw-ltd.net\/\",\"logo\":{\"@type\":\"ImageObject\",\"inLanguage\":\"it-IT\",\"@id\":\"https:\/\/www.enw-ltd.net\/#\/schema\/logo\/image\/\",\"url\":\"https:\/\/www.enw-ltd.net\/wp-content\/uploads\/2025\/01\/logo-ENW-bianco.png\",\"contentUrl\":\"https:\/\/www.enw-ltd.net\/wp-content\/uploads\/2025\/01\/logo-ENW-bianco.png\",\"width\":992,\"height\":974,\"caption\":\"E.N.W. Ltd\"},\"image\":{\"@id\":\"https:\/\/www.enw-ltd.net\/#\/schema\/logo\/image\/\"},\"sameAs\":[\"https:\/\/www.facebook.com\/groups\/126257133631\"]}]}<\/script>\n<!-- \/ Yoast SEO plugin. -->","yoast_head_json":{"title":"Soluzioni in banda libera - E.N.W. Ltd","description":"La soluzione wireless sicura, flessibile, affidabile per costruire ed estendere la propria rete broadband.","robots":{"index":"index","follow":"follow","max-snippet":"max-snippet:-1","max-image-preview":"max-image-preview:large","max-video-preview":"max-video-preview:-1"},"canonical":"https:\/\/www.enw-ltd.net\/index.php\/soluzioni-in-banda-libera-multipunto\/","og_locale":"it_IT","og_type":"article","og_title":"Soluzioni in banda libera - E.N.W. Ltd","og_description":"La soluzione wireless sicura, flessibile, affidabile per costruire ed estendere la propria rete broadband.","og_url":"https:\/\/www.enw-ltd.net\/index.php\/soluzioni-in-banda-libera-multipunto\/","og_site_name":"E.N.W. Ltd","article_publisher":"https:\/\/www.facebook.com\/groups\/126257133631","article_modified_time":"2025-02-10T16:39:14+00:00","og_image":[{"url":"https:\/\/www.enw-ltd.net\/wp-content\/uploads\/2025\/01\/moto8.png","type":"","width":"","height":""}],"twitter_card":"summary_large_image","twitter_misc":{"Tempo di lettura stimato":"3 minuti"},"schema":{"@context":"https:\/\/schema.org","@graph":[{"@type":"WebPage","@id":"https:\/\/www.enw-ltd.net\/index.php\/soluzioni-in-banda-libera-multipunto\/","url":"https:\/\/www.enw-ltd.net\/index.php\/soluzioni-in-banda-libera-multipunto\/","name":"Soluzioni in banda libera - E.N.W. Ltd","isPartOf":{"@id":"https:\/\/www.enw-ltd.net\/#website"},"primaryImageOfPage":{"@id":"https:\/\/www.enw-ltd.net\/index.php\/soluzioni-in-banda-libera-multipunto\/#primaryimage"},"image":{"@id":"https:\/\/www.enw-ltd.net\/index.php\/soluzioni-in-banda-libera-multipunto\/#primaryimage"},"thumbnailUrl":"https:\/\/www.enw-ltd.net\/wp-content\/uploads\/2025\/01\/moto8.png","datePublished":"2025-01-13T13:34:02+00:00","dateModified":"2025-02-10T16:39:14+00:00","description":"La soluzione wireless sicura, flessibile, affidabile per costruire ed estendere la propria rete broadband.","breadcrumb":{"@id":"https:\/\/www.enw-ltd.net\/index.php\/soluzioni-in-banda-libera-multipunto\/#breadcrumb"},"inLanguage":"it-IT","potentialAction":[{"@type":"ReadAction","target":["https:\/\/www.enw-ltd.net\/index.php\/soluzioni-in-banda-libera-multipunto\/"]}]},{"@type":"ImageObject","inLanguage":"it-IT","@id":"https:\/\/www.enw-ltd.net\/index.php\/soluzioni-in-banda-libera-multipunto\/#primaryimage","url":"https:\/\/www.enw-ltd.net\/wp-content\/uploads\/2025\/01\/moto8.png","contentUrl":"https:\/\/www.enw-ltd.net\/wp-content\/uploads\/2025\/01\/moto8.png","width":250,"height":151},{"@type":"BreadcrumbList","@id":"https:\/\/www.enw-ltd.net\/index.php\/soluzioni-in-banda-libera-multipunto\/#breadcrumb","itemListElement":[{"@type":"ListItem","position":1,"name":"Home","item":"https:\/\/www.enw-ltd.net\/"},{"@type":"ListItem","position":2,"name":"Soluzioni in banda libera"}]},{"@type":"WebSite","@id":"https:\/\/www.enw-ltd.net\/#website","url":"https:\/\/www.enw-ltd.net\/","name":"www.enw-ltd.net","description":"Aspire, Build, Achieve","publisher":{"@id":"https:\/\/www.enw-ltd.net\/#organization"},"potentialAction":[{"@type":"SearchAction","target":{"@type":"EntryPoint","urlTemplate":"https:\/\/www.enw-ltd.net\/?s={search_term_string}"},"query-input":{"@type":"PropertyValueSpecification","valueRequired":true,"valueName":"search_term_string"}}],"inLanguage":"it-IT"},{"@type":"Organization","@id":"https:\/\/www.enw-ltd.net\/#organization","name":"E.N.W. Ltd","url":"https:\/\/www.enw-ltd.net\/","logo":{"@type":"ImageObject","inLanguage":"it-IT","@id":"https:\/\/www.enw-ltd.net\/#\/schema\/logo\/image\/","url":"https:\/\/www.enw-ltd.net\/wp-content\/uploads\/2025\/01\/logo-ENW-bianco.png","contentUrl":"https:\/\/www.enw-ltd.net\/wp-content\/uploads\/2025\/01\/logo-ENW-bianco.png","width":992,"height":974,"caption":"E.N.W. Ltd"},"image":{"@id":"https:\/\/www.enw-ltd.net\/#\/schema\/logo\/image\/"},"sameAs":["https:\/\/www.facebook.com\/groups\/126257133631"]}]}},"jetpack_sharing_enabled":true,"_links":{"self":[{"href":"https:\/\/www.enw-ltd.net\/index.php\/wp-json\/wp\/v2\/pages\/113","targetHints":{"allow":["GET"]}}],"collection":[{"href":"https:\/\/www.enw-ltd.net\/index.php\/wp-json\/wp\/v2\/pages"}],"about":[{"href":"https:\/\/www.enw-ltd.net\/index.php\/wp-json\/wp\/v2\/types\/page"}],"author":[{"embeddable":true,"href":"https:\/\/www.enw-ltd.net\/index.php\/wp-json\/wp\/v2\/users\/1"}],"replies":[{"embeddable":true,"href":"https:\/\/www.enw-ltd.net\/index.php\/wp-json\/wp\/v2\/comments?post=113"}],"version-history":[{"count":3,"href":"https:\/\/www.enw-ltd.net\/index.php\/wp-json\/wp\/v2\/pages\/113\/revisions"}],"predecessor-version":[{"id":896,"href":"https:\/\/www.enw-ltd.net\/index.php\/wp-json\/wp\/v2\/pages\/113\/revisions\/896"}],"wp:attachment":[{"href":"https:\/\/www.enw-ltd.net\/index.php\/wp-json\/wp\/v2\/media?parent=113"}],"curies":[{"name":"wp","href":"https:\/\/api.w.org\/{rel}","templated":true}]}}