{"id":34,"date":"2025-01-13T14:17:06","date_gmt":"2025-01-13T13:17:06","guid":{"rendered":"http:\/\/www.enw-ltd.net\/?page_id=34"},"modified":"2025-02-12T15:59:04","modified_gmt":"2025-02-12T14:59:04","slug":"soluzioni-wifi-802-11","status":"publish","type":"page","link":"https:\/\/www.enw-ltd.net\/index.php\/soluzioni-wifi-802-11\/","title":{"rendered":"Soluzioni WiFi 802.11"},"content":{"rendered":"\n<p>Attualmente in Italia, il sistema pi\u00f9 usato per connettere due punti remoti \u00e8 il cavo, sia esso in rame o in fibra ottica.<\/p>\n\n\n\n<p>Grazie al processo tecnologico \u00e8 disponibile una perfezionata tecnologia di trasmissione dati paragonabile, se non in molti casi superiore, alla trasmissione via cavo. <\/p>\n\n\n\n<p>Presenta per\u00f2 diversi vantaggi considerevoli rispetto a quest&#8217;ultima:<\/p>\n\n\n\n<ul class=\"wp-block-list\">\n<li><strong>infrastruttura di comunicazione privata<\/strong><\/li>\n\n\n\n<li><strong>nessuna stesura di cavi<\/strong><\/li>\n\n\n\n<li><strong>nessuna concessione governativa<\/strong><\/li>\n\n\n\n<li><strong>generalmente molto pi\u00f9 economica<\/strong><\/li>\n\n\n\n<li><strong>notevole espandibilit\u00e0<\/strong><\/li>\n\n\n\n<li><strong>pi\u00f9 affidabile<\/strong><\/li>\n<\/ul>\n\n\n\n<p>L&#8217;attuale tecnologia raggiunta disponibile nel settore delle trasmissioni di dati via radio permette la realizzazione di infrastrutture di telecomunicazione a lunga distanza laddove l&#8217;impiego di normali collegamenti via cavo risulta essere oltremodo oneroso e poco versatile.<\/p>\n\n\n\n<p>Tale risultato viene raggiunto utilizzando degli apparati radioricetrasmittenti che operano ad una frequenza di 2400 MHz.<\/p>\n\n\n\n<p>L&#8217;utilizzo di una frequenza cos\u00ec alta, e quindi utilizzabile con apparati dal costo non certo economico se paragonati alle radio amatoriali, \u00e8 giustificato da tre fattori:<\/p>\n\n\n\n<figure class=\"wp-block-image size-full\"><img loading=\"lazy\" decoding=\"async\" width=\"270\" height=\"135\" src=\"https:\/\/www.enw-ltd.net\/wp-content\/uploads\/2025\/01\/router1.jpg\" alt=\"\" class=\"wp-image-616\"\/><\/figure>\n\n\n\n<ol class=\"wp-block-list\">\n<li>Una frequenza cosi alta di trasmissione permette di raggiungere distanze considerevoli anche usando potenze di trasmissione minime (limitate per legge). A Questo vantaggio si contrappone per\u00f2 uno svantaggio: condizione essenziale per l&#8217;utilizzo di questi apparati \u00e8 che i due punti remoti da collegare siano perfettamente &#8220;a vista&#8221;, ovvero che sulla traiettoria di una linea immaginaria che li unisce non vi siano ostacoli fisici (palazzi, case, alberi&#8230;)<\/li>\n\n\n\n<li>La banda di frequenza che va dai 2.402 GHz ai 2.480 GHz \u00e8 stata dichiarata di libero utilizzo dall&#8217; European Telecommunications Standard Institute che \u00e8 un organismo creato dalla Comunit\u00e0 Europea per gestire e guidare lo sviluppo a livello comunitario nel settore delle telecomunicazioni<\/li>\n\n\n\n<li>La tecnica di trasmissione del segnale utilizzata da questi apparati e denominata Frequency Hopping Spread Spectrum per particolari motivazioni tecniche che non stiamo ad illustrare pu\u00f2 operare solo su frequenze alte per dare dei risultati apprezzabili. Tali risultati sono l&#8217;elevata velocit\u00e0 di trasmissione e l&#8217;elevata resistenza alle interferenze.<\/li>\n<\/ol>\n\n\n\n<p>Siamo specializzati in networking avanzato, possiamo quindi offrire ai nostri clienti una soluzione professionale per qualsiasi esigenza di connettivit\u00e0 remota.<\/p>\n\n\n\n<p><strong>Per info e preventivi<\/strong>:<\/p>\n\n\n\n<div class=\"wp-block-buttons has-white-background-color has-background is-layout-flex wp-block-buttons-is-layout-flex\">\n<div class=\"wp-block-button\"><a class=\"wp-block-button__link wp-element-button\" href=\"https:\/\/www.enw-ltd.net\/index.php\/contattaci\/\">Contattaci<\/a><\/div>\n<\/div>\n","protected":false},"excerpt":{"rendered":"<p>Attualmente in Italia, il sistema pi\u00f9 usato per connettere due punti remoti \u00e8 il cavo, sia esso in rame o in fibra ottica. Grazie al processo tecnologico \u00e8 disponibile una perfezionata tecnologia di trasmissione dati paragonabile, se non in molti casi superiore, alla trasmissione via cavo. Presenta per\u00f2 diversi vantaggi considerevoli rispetto a quest&#8217;ultima: L&#8217;attuale&hellip; <br \/> <a class=\"read-more\" href=\"https:\/\/www.enw-ltd.net\/index.php\/soluzioni-wifi-802-11\/\">Leggi tutto<\/a><\/p>\n","protected":false},"author":1,"featured_media":0,"parent":0,"menu_order":0,"comment_status":"closed","ping_status":"closed","template":"","meta":{"ngg_post_thumbnail":0,"footnotes":""},"class_list":["post-34","page","type-page","status-publish","hentry"],"yoast_head":"<!-- This site is optimized with the Yoast SEO plugin v27.0 - https:\/\/yoast.com\/product\/yoast-seo-wordpress\/ -->\n<title>Soluzioni WiFi 802.11 - E.N.W. Ltd<\/title>\n<meta name=\"description\" content=\"Lo standard WiFi 802.11 \u00e8 paragonabile in termini di prestazioni ed affidabilit\u00e0 alla trasmissione via cavo.\" \/>\n<meta name=\"robots\" content=\"index, follow, max-snippet:-1, max-image-preview:large, max-video-preview:-1\" \/>\n<link rel=\"canonical\" href=\"https:\/\/www.enw-ltd.net\/index.php\/soluzioni-wifi-802-11\/\" \/>\n<meta property=\"og:locale\" content=\"it_IT\" \/>\n<meta property=\"og:type\" content=\"article\" \/>\n<meta property=\"og:title\" content=\"Soluzioni WiFi 802.11 - E.N.W. Ltd\" \/>\n<meta property=\"og:description\" content=\"Lo standard WiFi 802.11 \u00e8 paragonabile in termini di prestazioni ed affidabilit\u00e0 alla trasmissione via cavo.\" \/>\n<meta property=\"og:url\" content=\"https:\/\/www.enw-ltd.net\/index.php\/soluzioni-wifi-802-11\/\" \/>\n<meta property=\"og:site_name\" content=\"E.N.W. Ltd\" \/>\n<meta property=\"article:publisher\" content=\"https:\/\/www.facebook.com\/groups\/126257133631\" \/>\n<meta property=\"article:modified_time\" content=\"2025-02-12T14:59:04+00:00\" \/>\n<meta property=\"og:image\" content=\"https:\/\/www.enw-ltd.net\/wp-content\/uploads\/2025\/01\/router1.jpg\" \/>\n<meta name=\"twitter:card\" content=\"summary_large_image\" \/>\n<meta name=\"twitter:label1\" content=\"Tempo di lettura stimato\" \/>\n\t<meta name=\"twitter:data1\" content=\"2 minuti\" \/>\n<script type=\"application\/ld+json\" class=\"yoast-schema-graph\">{\"@context\":\"https:\/\/schema.org\",\"@graph\":[{\"@type\":\"WebPage\",\"@id\":\"https:\/\/www.enw-ltd.net\/index.php\/soluzioni-wifi-802-11\/\",\"url\":\"https:\/\/www.enw-ltd.net\/index.php\/soluzioni-wifi-802-11\/\",\"name\":\"Soluzioni WiFi 802.11 - E.N.W. Ltd\",\"isPartOf\":{\"@id\":\"https:\/\/www.enw-ltd.net\/#website\"},\"primaryImageOfPage\":{\"@id\":\"https:\/\/www.enw-ltd.net\/index.php\/soluzioni-wifi-802-11\/#primaryimage\"},\"image\":{\"@id\":\"https:\/\/www.enw-ltd.net\/index.php\/soluzioni-wifi-802-11\/#primaryimage\"},\"thumbnailUrl\":\"https:\/\/www.enw-ltd.net\/wp-content\/uploads\/2025\/01\/router1.jpg\",\"datePublished\":\"2025-01-13T13:17:06+00:00\",\"dateModified\":\"2025-02-12T14:59:04+00:00\",\"description\":\"Lo standard WiFi 802.11 \u00e8 paragonabile in termini di prestazioni ed affidabilit\u00e0 alla trasmissione via cavo.\",\"breadcrumb\":{\"@id\":\"https:\/\/www.enw-ltd.net\/index.php\/soluzioni-wifi-802-11\/#breadcrumb\"},\"inLanguage\":\"it-IT\",\"potentialAction\":[{\"@type\":\"ReadAction\",\"target\":[\"https:\/\/www.enw-ltd.net\/index.php\/soluzioni-wifi-802-11\/\"]}]},{\"@type\":\"ImageObject\",\"inLanguage\":\"it-IT\",\"@id\":\"https:\/\/www.enw-ltd.net\/index.php\/soluzioni-wifi-802-11\/#primaryimage\",\"url\":\"https:\/\/www.enw-ltd.net\/wp-content\/uploads\/2025\/01\/router1.jpg\",\"contentUrl\":\"https:\/\/www.enw-ltd.net\/wp-content\/uploads\/2025\/01\/router1.jpg\",\"width\":270,\"height\":135},{\"@type\":\"BreadcrumbList\",\"@id\":\"https:\/\/www.enw-ltd.net\/index.php\/soluzioni-wifi-802-11\/#breadcrumb\",\"itemListElement\":[{\"@type\":\"ListItem\",\"position\":1,\"name\":\"Home\",\"item\":\"https:\/\/www.enw-ltd.net\/\"},{\"@type\":\"ListItem\",\"position\":2,\"name\":\"Soluzioni WiFi 802.11\"}]},{\"@type\":\"WebSite\",\"@id\":\"https:\/\/www.enw-ltd.net\/#website\",\"url\":\"https:\/\/www.enw-ltd.net\/\",\"name\":\"www.enw-ltd.net\",\"description\":\"Aspire, Build, Achieve\",\"publisher\":{\"@id\":\"https:\/\/www.enw-ltd.net\/#organization\"},\"potentialAction\":[{\"@type\":\"SearchAction\",\"target\":{\"@type\":\"EntryPoint\",\"urlTemplate\":\"https:\/\/www.enw-ltd.net\/?s={search_term_string}\"},\"query-input\":{\"@type\":\"PropertyValueSpecification\",\"valueRequired\":true,\"valueName\":\"search_term_string\"}}],\"inLanguage\":\"it-IT\"},{\"@type\":\"Organization\",\"@id\":\"https:\/\/www.enw-ltd.net\/#organization\",\"name\":\"E.N.W. Ltd\",\"url\":\"https:\/\/www.enw-ltd.net\/\",\"logo\":{\"@type\":\"ImageObject\",\"inLanguage\":\"it-IT\",\"@id\":\"https:\/\/www.enw-ltd.net\/#\/schema\/logo\/image\/\",\"url\":\"https:\/\/www.enw-ltd.net\/wp-content\/uploads\/2025\/01\/logo-ENW-bianco.png\",\"contentUrl\":\"https:\/\/www.enw-ltd.net\/wp-content\/uploads\/2025\/01\/logo-ENW-bianco.png\",\"width\":992,\"height\":974,\"caption\":\"E.N.W. Ltd\"},\"image\":{\"@id\":\"https:\/\/www.enw-ltd.net\/#\/schema\/logo\/image\/\"},\"sameAs\":[\"https:\/\/www.facebook.com\/groups\/126257133631\"]}]}<\/script>\n<!-- \/ Yoast SEO plugin. -->","yoast_head_json":{"title":"Soluzioni WiFi 802.11 - E.N.W. Ltd","description":"Lo standard WiFi 802.11 \u00e8 paragonabile in termini di prestazioni ed affidabilit\u00e0 alla trasmissione via cavo.","robots":{"index":"index","follow":"follow","max-snippet":"max-snippet:-1","max-image-preview":"max-image-preview:large","max-video-preview":"max-video-preview:-1"},"canonical":"https:\/\/www.enw-ltd.net\/index.php\/soluzioni-wifi-802-11\/","og_locale":"it_IT","og_type":"article","og_title":"Soluzioni WiFi 802.11 - E.N.W. Ltd","og_description":"Lo standard WiFi 802.11 \u00e8 paragonabile in termini di prestazioni ed affidabilit\u00e0 alla trasmissione via cavo.","og_url":"https:\/\/www.enw-ltd.net\/index.php\/soluzioni-wifi-802-11\/","og_site_name":"E.N.W. Ltd","article_publisher":"https:\/\/www.facebook.com\/groups\/126257133631","article_modified_time":"2025-02-12T14:59:04+00:00","og_image":[{"url":"https:\/\/www.enw-ltd.net\/wp-content\/uploads\/2025\/01\/router1.jpg","type":"","width":"","height":""}],"twitter_card":"summary_large_image","twitter_misc":{"Tempo di lettura stimato":"2 minuti"},"schema":{"@context":"https:\/\/schema.org","@graph":[{"@type":"WebPage","@id":"https:\/\/www.enw-ltd.net\/index.php\/soluzioni-wifi-802-11\/","url":"https:\/\/www.enw-ltd.net\/index.php\/soluzioni-wifi-802-11\/","name":"Soluzioni WiFi 802.11 - E.N.W. Ltd","isPartOf":{"@id":"https:\/\/www.enw-ltd.net\/#website"},"primaryImageOfPage":{"@id":"https:\/\/www.enw-ltd.net\/index.php\/soluzioni-wifi-802-11\/#primaryimage"},"image":{"@id":"https:\/\/www.enw-ltd.net\/index.php\/soluzioni-wifi-802-11\/#primaryimage"},"thumbnailUrl":"https:\/\/www.enw-ltd.net\/wp-content\/uploads\/2025\/01\/router1.jpg","datePublished":"2025-01-13T13:17:06+00:00","dateModified":"2025-02-12T14:59:04+00:00","description":"Lo standard WiFi 802.11 \u00e8 paragonabile in termini di prestazioni ed affidabilit\u00e0 alla trasmissione via cavo.","breadcrumb":{"@id":"https:\/\/www.enw-ltd.net\/index.php\/soluzioni-wifi-802-11\/#breadcrumb"},"inLanguage":"it-IT","potentialAction":[{"@type":"ReadAction","target":["https:\/\/www.enw-ltd.net\/index.php\/soluzioni-wifi-802-11\/"]}]},{"@type":"ImageObject","inLanguage":"it-IT","@id":"https:\/\/www.enw-ltd.net\/index.php\/soluzioni-wifi-802-11\/#primaryimage","url":"https:\/\/www.enw-ltd.net\/wp-content\/uploads\/2025\/01\/router1.jpg","contentUrl":"https:\/\/www.enw-ltd.net\/wp-content\/uploads\/2025\/01\/router1.jpg","width":270,"height":135},{"@type":"BreadcrumbList","@id":"https:\/\/www.enw-ltd.net\/index.php\/soluzioni-wifi-802-11\/#breadcrumb","itemListElement":[{"@type":"ListItem","position":1,"name":"Home","item":"https:\/\/www.enw-ltd.net\/"},{"@type":"ListItem","position":2,"name":"Soluzioni WiFi 802.11"}]},{"@type":"WebSite","@id":"https:\/\/www.enw-ltd.net\/#website","url":"https:\/\/www.enw-ltd.net\/","name":"www.enw-ltd.net","description":"Aspire, Build, Achieve","publisher":{"@id":"https:\/\/www.enw-ltd.net\/#organization"},"potentialAction":[{"@type":"SearchAction","target":{"@type":"EntryPoint","urlTemplate":"https:\/\/www.enw-ltd.net\/?s={search_term_string}"},"query-input":{"@type":"PropertyValueSpecification","valueRequired":true,"valueName":"search_term_string"}}],"inLanguage":"it-IT"},{"@type":"Organization","@id":"https:\/\/www.enw-ltd.net\/#organization","name":"E.N.W. Ltd","url":"https:\/\/www.enw-ltd.net\/","logo":{"@type":"ImageObject","inLanguage":"it-IT","@id":"https:\/\/www.enw-ltd.net\/#\/schema\/logo\/image\/","url":"https:\/\/www.enw-ltd.net\/wp-content\/uploads\/2025\/01\/logo-ENW-bianco.png","contentUrl":"https:\/\/www.enw-ltd.net\/wp-content\/uploads\/2025\/01\/logo-ENW-bianco.png","width":992,"height":974,"caption":"E.N.W. Ltd"},"image":{"@id":"https:\/\/www.enw-ltd.net\/#\/schema\/logo\/image\/"},"sameAs":["https:\/\/www.facebook.com\/groups\/126257133631"]}]}},"jetpack_sharing_enabled":true,"_links":{"self":[{"href":"https:\/\/www.enw-ltd.net\/index.php\/wp-json\/wp\/v2\/pages\/34","targetHints":{"allow":["GET"]}}],"collection":[{"href":"https:\/\/www.enw-ltd.net\/index.php\/wp-json\/wp\/v2\/pages"}],"about":[{"href":"https:\/\/www.enw-ltd.net\/index.php\/wp-json\/wp\/v2\/types\/page"}],"author":[{"embeddable":true,"href":"https:\/\/www.enw-ltd.net\/index.php\/wp-json\/wp\/v2\/users\/1"}],"replies":[{"embeddable":true,"href":"https:\/\/www.enw-ltd.net\/index.php\/wp-json\/wp\/v2\/comments?post=34"}],"version-history":[{"count":4,"href":"https:\/\/www.enw-ltd.net\/index.php\/wp-json\/wp\/v2\/pages\/34\/revisions"}],"predecessor-version":[{"id":935,"href":"https:\/\/www.enw-ltd.net\/index.php\/wp-json\/wp\/v2\/pages\/34\/revisions\/935"}],"wp:attachment":[{"href":"https:\/\/www.enw-ltd.net\/index.php\/wp-json\/wp\/v2\/media?parent=34"}],"curies":[{"name":"wp","href":"https:\/\/api.w.org\/{rel}","templated":true}]}}