{"id":38,"date":"2025-01-13T14:17:06","date_gmt":"2025-01-13T13:17:06","guid":{"rendered":"http:\/\/www.enw-ltd.net\/?page_id=38"},"modified":"2025-02-10T16:44:21","modified_gmt":"2025-02-10T15:44:21","slug":"reti-lan","status":"publish","type":"page","link":"https:\/\/www.enw-ltd.net\/index.php\/reti-lan\/","title":{"rendered":"Reti Lan"},"content":{"rendered":"\n<figure class=\"wp-block-image size-full\"><img loading=\"lazy\" decoding=\"async\" width=\"204\" height=\"172\" src=\"https:\/\/www.enw-ltd.net\/wp-content\/uploads\/2025\/01\/lan1.png\" alt=\"\" class=\"wp-image-632\"\/><\/figure>\n\n\n\n<p>In passato, la ricetta per il successo di un&#8217;azienda era semplice: persone efficienti, buoni prodotti, ed una infrastruttura di base per le comunicazioni, costituita da un centralino e qualche fax.<br><br>Oggi questa realt\u00e0 \u00e8 stata radicalmente cambiata dal &#8220;<strong><u>NETWORKING<\/u><\/strong>&#8220;, un requisito essenziale per le aziende a prescindere dalle loro dimensioni.<br><br>Con Internet e con le tecnologie di rete, l&#8217;azienda scopre un nuovo modo per poter risparmiare denaro, migliorare la produttivit\u00e0 e creare nuove opportunit\u00e0 di business.<br><br>Nelle comunicazioni interne, le reti rappresentano l&#8217;elemento chiave per consentire ai dipendenti di accedere alle informazioni, dove e quando queste servono, e quindi svolgere il proprio lavoro con maggiore produttivit\u00e0.<br><br>Ne consegue, cos\u00ec, il risparmio di apparecchiature e periferiche, quali stampanti, plotter poich\u00e9 queste possono essere condivise da pi\u00f9 utenti (ad es. basta una sola stampante che 2,3,4,5, &#8230; &#8230; &#8230; computers possono effettuare le stampe dalla stessa).<\/p>\n\n\n\n<figure class=\"wp-block-image size-full\"><img loading=\"lazy\" decoding=\"async\" width=\"224\" height=\"180\" src=\"https:\/\/www.enw-ltd.net\/wp-content\/uploads\/2025\/01\/lsn3.png\" alt=\"\" class=\"wp-image-633\"\/><\/figure>\n\n\n\n<p>La rete interna o fisica, alta tecnologia informatica, non \u00e8 altro, quindi, che un&nbsp;collegamento&nbsp;tra due o pi\u00f9 computers, i quali tra loro, possono comunicare liberamente, scambiarsi informazioni, periferiche e tutte le altre risorse disponibili.<br><br>Un terzo delle aziende Europee ha come scopo la riduzione dei costi e l&#8217;aumento dell&#8217;efficienza , il che normalmente significa poter fare &#8220;di pi\u00f9 con meno risorse&#8221;.<br><br>Un&#8217;infrastruttura di rete potr\u00e0 essere determinante per raggiungere questo obbiettivo attraverso l&#8217;automazione di molti processi aziendali.<br><br>La facilit\u00e0 d&#8217;uso di una rete, \u00e8 inoltre molto importante !!!<br><br>Senza alcun dubbio si pu\u00f2 affermare che, la rete interna da noi professionalmente installata (i nostri tecnici sono altamente qualificati), avr\u00e0 una usabilit\u00e0 eccezionale ed immediata con elevate prestazioni.<br><br>Il costo per poter usufruire della gestione delle Vostre risorse, mediante una rete,&nbsp;non \u00e8 per niente elevato, tanto \u00e8 vero che non \u00e8 necessario che un impresa per poter godere di tali vantaggi, debba avere una grande&nbsp;<em>dimensione aziendale<\/em>, inoltre potete essere certi che tale investimento verr\u00e0 protetto nel tempo, man mano che le Vostre esigenze cresceranno.<br><br>Per poter ricevere maggiori informazioni a proposito, oppure se volete richiedere un preventivo personalizzato potete contattarci, i nostri operatori sono a Vostra disposizione.<br><br>Possiamo effettuare gratuitamente rilevamenti direttamente presso le Vostre sedi, per poter realizzare insieme un progetto personalizzato e studiare il piano di automatizzazione migliore per poter soddisfare le Vostre esigenze.<\/p>\n\n\n\n<p class=\"has-text-align-center\"><strong><em>Migliorate, quindi, le Vostre risorse informatiche con la rete,<br>sicuramente crescer\u00e0 la Vostra azienda.<\/em><\/strong><\/p>\n\n\n\n<p><strong>Per info e preventivi<\/strong>:<\/p>\n\n\n\n<div class=\"wp-block-buttons has-white-background-color has-background is-layout-flex wp-block-buttons-is-layout-flex\">\n<div class=\"wp-block-button\"><a class=\"wp-block-button__link wp-element-button\" href=\"https:\/\/www.enw-ltd.net\/index.php\/contattaci\/\">Contattaci<\/a><\/div>\n<\/div>\n","protected":false},"excerpt":{"rendered":"<p>In passato, la ricetta per il successo di un&#8217;azienda era semplice: persone efficienti, buoni prodotti, ed una infrastruttura di base per le comunicazioni, costituita da un centralino e qualche fax. Oggi questa realt\u00e0 \u00e8 stata radicalmente cambiata dal &#8220;NETWORKING&#8220;, un requisito essenziale per le aziende a prescindere dalle loro dimensioni. Con Internet e con le&hellip; <br \/> <a class=\"read-more\" href=\"https:\/\/www.enw-ltd.net\/index.php\/reti-lan\/\">Leggi tutto<\/a><\/p>\n","protected":false},"author":1,"featured_media":0,"parent":0,"menu_order":0,"comment_status":"closed","ping_status":"closed","template":"","meta":{"ngg_post_thumbnail":0,"footnotes":""},"class_list":["post-38","page","type-page","status-publish","hentry"],"yoast_head":"<!-- This site is optimized with the Yoast SEO plugin v27.0 - https:\/\/yoast.com\/product\/yoast-seo-wordpress\/ -->\n<title>Reti Lan - E.N.W. Ltd<\/title>\n<meta name=\"description\" content=\"Le reti rappresentano l&#039;elemento chiave per consentire ai dipendenti di accedere alle informazioni, dove e quando queste servono\" \/>\n<meta name=\"robots\" content=\"index, follow, max-snippet:-1, max-image-preview:large, max-video-preview:-1\" \/>\n<link rel=\"canonical\" href=\"https:\/\/www.enw-ltd.net\/index.php\/reti-lan\/\" \/>\n<meta property=\"og:locale\" content=\"it_IT\" \/>\n<meta property=\"og:type\" content=\"article\" \/>\n<meta property=\"og:title\" content=\"Reti Lan - E.N.W. Ltd\" \/>\n<meta property=\"og:description\" content=\"Le reti rappresentano l&#039;elemento chiave per consentire ai dipendenti di accedere alle informazioni, dove e quando queste servono\" \/>\n<meta property=\"og:url\" content=\"https:\/\/www.enw-ltd.net\/index.php\/reti-lan\/\" \/>\n<meta property=\"og:site_name\" content=\"E.N.W. Ltd\" \/>\n<meta property=\"article:publisher\" content=\"https:\/\/www.facebook.com\/groups\/126257133631\" \/>\n<meta property=\"article:modified_time\" content=\"2025-02-10T15:44:21+00:00\" \/>\n<meta property=\"og:image\" content=\"https:\/\/www.enw-ltd.net\/wp-content\/uploads\/2025\/01\/lan1.png\" \/>\n<meta name=\"twitter:card\" content=\"summary_large_image\" \/>\n<meta name=\"twitter:label1\" content=\"Tempo di lettura stimato\" \/>\n\t<meta name=\"twitter:data1\" content=\"3 minuti\" \/>\n<script type=\"application\/ld+json\" class=\"yoast-schema-graph\">{\"@context\":\"https:\/\/schema.org\",\"@graph\":[{\"@type\":\"WebPage\",\"@id\":\"https:\/\/www.enw-ltd.net\/index.php\/reti-lan\/\",\"url\":\"https:\/\/www.enw-ltd.net\/index.php\/reti-lan\/\",\"name\":\"Reti Lan - E.N.W. Ltd\",\"isPartOf\":{\"@id\":\"https:\/\/www.enw-ltd.net\/#website\"},\"primaryImageOfPage\":{\"@id\":\"https:\/\/www.enw-ltd.net\/index.php\/reti-lan\/#primaryimage\"},\"image\":{\"@id\":\"https:\/\/www.enw-ltd.net\/index.php\/reti-lan\/#primaryimage\"},\"thumbnailUrl\":\"https:\/\/www.enw-ltd.net\/wp-content\/uploads\/2025\/01\/lan1.png\",\"datePublished\":\"2025-01-13T13:17:06+00:00\",\"dateModified\":\"2025-02-10T15:44:21+00:00\",\"description\":\"Le reti rappresentano l'elemento chiave per consentire ai dipendenti di accedere alle informazioni, dove e quando queste servono\",\"breadcrumb\":{\"@id\":\"https:\/\/www.enw-ltd.net\/index.php\/reti-lan\/#breadcrumb\"},\"inLanguage\":\"it-IT\",\"potentialAction\":[{\"@type\":\"ReadAction\",\"target\":[\"https:\/\/www.enw-ltd.net\/index.php\/reti-lan\/\"]}]},{\"@type\":\"ImageObject\",\"inLanguage\":\"it-IT\",\"@id\":\"https:\/\/www.enw-ltd.net\/index.php\/reti-lan\/#primaryimage\",\"url\":\"https:\/\/www.enw-ltd.net\/wp-content\/uploads\/2025\/01\/lan1.png\",\"contentUrl\":\"https:\/\/www.enw-ltd.net\/wp-content\/uploads\/2025\/01\/lan1.png\",\"width\":204,\"height\":172},{\"@type\":\"BreadcrumbList\",\"@id\":\"https:\/\/www.enw-ltd.net\/index.php\/reti-lan\/#breadcrumb\",\"itemListElement\":[{\"@type\":\"ListItem\",\"position\":1,\"name\":\"Home\",\"item\":\"https:\/\/www.enw-ltd.net\/\"},{\"@type\":\"ListItem\",\"position\":2,\"name\":\"Reti Lan\"}]},{\"@type\":\"WebSite\",\"@id\":\"https:\/\/www.enw-ltd.net\/#website\",\"url\":\"https:\/\/www.enw-ltd.net\/\",\"name\":\"www.enw-ltd.net\",\"description\":\"Aspire, Build, Achieve\",\"publisher\":{\"@id\":\"https:\/\/www.enw-ltd.net\/#organization\"},\"potentialAction\":[{\"@type\":\"SearchAction\",\"target\":{\"@type\":\"EntryPoint\",\"urlTemplate\":\"https:\/\/www.enw-ltd.net\/?s={search_term_string}\"},\"query-input\":{\"@type\":\"PropertyValueSpecification\",\"valueRequired\":true,\"valueName\":\"search_term_string\"}}],\"inLanguage\":\"it-IT\"},{\"@type\":\"Organization\",\"@id\":\"https:\/\/www.enw-ltd.net\/#organization\",\"name\":\"E.N.W. Ltd\",\"url\":\"https:\/\/www.enw-ltd.net\/\",\"logo\":{\"@type\":\"ImageObject\",\"inLanguage\":\"it-IT\",\"@id\":\"https:\/\/www.enw-ltd.net\/#\/schema\/logo\/image\/\",\"url\":\"https:\/\/www.enw-ltd.net\/wp-content\/uploads\/2025\/01\/logo-ENW-bianco.png\",\"contentUrl\":\"https:\/\/www.enw-ltd.net\/wp-content\/uploads\/2025\/01\/logo-ENW-bianco.png\",\"width\":992,\"height\":974,\"caption\":\"E.N.W. Ltd\"},\"image\":{\"@id\":\"https:\/\/www.enw-ltd.net\/#\/schema\/logo\/image\/\"},\"sameAs\":[\"https:\/\/www.facebook.com\/groups\/126257133631\"]}]}<\/script>\n<!-- \/ Yoast SEO plugin. -->","yoast_head_json":{"title":"Reti Lan - E.N.W. Ltd","description":"Le reti rappresentano l'elemento chiave per consentire ai dipendenti di accedere alle informazioni, dove e quando queste servono","robots":{"index":"index","follow":"follow","max-snippet":"max-snippet:-1","max-image-preview":"max-image-preview:large","max-video-preview":"max-video-preview:-1"},"canonical":"https:\/\/www.enw-ltd.net\/index.php\/reti-lan\/","og_locale":"it_IT","og_type":"article","og_title":"Reti Lan - E.N.W. Ltd","og_description":"Le reti rappresentano l'elemento chiave per consentire ai dipendenti di accedere alle informazioni, dove e quando queste servono","og_url":"https:\/\/www.enw-ltd.net\/index.php\/reti-lan\/","og_site_name":"E.N.W. Ltd","article_publisher":"https:\/\/www.facebook.com\/groups\/126257133631","article_modified_time":"2025-02-10T15:44:21+00:00","og_image":[{"url":"https:\/\/www.enw-ltd.net\/wp-content\/uploads\/2025\/01\/lan1.png","type":"","width":"","height":""}],"twitter_card":"summary_large_image","twitter_misc":{"Tempo di lettura stimato":"3 minuti"},"schema":{"@context":"https:\/\/schema.org","@graph":[{"@type":"WebPage","@id":"https:\/\/www.enw-ltd.net\/index.php\/reti-lan\/","url":"https:\/\/www.enw-ltd.net\/index.php\/reti-lan\/","name":"Reti Lan - E.N.W. Ltd","isPartOf":{"@id":"https:\/\/www.enw-ltd.net\/#website"},"primaryImageOfPage":{"@id":"https:\/\/www.enw-ltd.net\/index.php\/reti-lan\/#primaryimage"},"image":{"@id":"https:\/\/www.enw-ltd.net\/index.php\/reti-lan\/#primaryimage"},"thumbnailUrl":"https:\/\/www.enw-ltd.net\/wp-content\/uploads\/2025\/01\/lan1.png","datePublished":"2025-01-13T13:17:06+00:00","dateModified":"2025-02-10T15:44:21+00:00","description":"Le reti rappresentano l'elemento chiave per consentire ai dipendenti di accedere alle informazioni, dove e quando queste servono","breadcrumb":{"@id":"https:\/\/www.enw-ltd.net\/index.php\/reti-lan\/#breadcrumb"},"inLanguage":"it-IT","potentialAction":[{"@type":"ReadAction","target":["https:\/\/www.enw-ltd.net\/index.php\/reti-lan\/"]}]},{"@type":"ImageObject","inLanguage":"it-IT","@id":"https:\/\/www.enw-ltd.net\/index.php\/reti-lan\/#primaryimage","url":"https:\/\/www.enw-ltd.net\/wp-content\/uploads\/2025\/01\/lan1.png","contentUrl":"https:\/\/www.enw-ltd.net\/wp-content\/uploads\/2025\/01\/lan1.png","width":204,"height":172},{"@type":"BreadcrumbList","@id":"https:\/\/www.enw-ltd.net\/index.php\/reti-lan\/#breadcrumb","itemListElement":[{"@type":"ListItem","position":1,"name":"Home","item":"https:\/\/www.enw-ltd.net\/"},{"@type":"ListItem","position":2,"name":"Reti Lan"}]},{"@type":"WebSite","@id":"https:\/\/www.enw-ltd.net\/#website","url":"https:\/\/www.enw-ltd.net\/","name":"www.enw-ltd.net","description":"Aspire, Build, Achieve","publisher":{"@id":"https:\/\/www.enw-ltd.net\/#organization"},"potentialAction":[{"@type":"SearchAction","target":{"@type":"EntryPoint","urlTemplate":"https:\/\/www.enw-ltd.net\/?s={search_term_string}"},"query-input":{"@type":"PropertyValueSpecification","valueRequired":true,"valueName":"search_term_string"}}],"inLanguage":"it-IT"},{"@type":"Organization","@id":"https:\/\/www.enw-ltd.net\/#organization","name":"E.N.W. Ltd","url":"https:\/\/www.enw-ltd.net\/","logo":{"@type":"ImageObject","inLanguage":"it-IT","@id":"https:\/\/www.enw-ltd.net\/#\/schema\/logo\/image\/","url":"https:\/\/www.enw-ltd.net\/wp-content\/uploads\/2025\/01\/logo-ENW-bianco.png","contentUrl":"https:\/\/www.enw-ltd.net\/wp-content\/uploads\/2025\/01\/logo-ENW-bianco.png","width":992,"height":974,"caption":"E.N.W. Ltd"},"image":{"@id":"https:\/\/www.enw-ltd.net\/#\/schema\/logo\/image\/"},"sameAs":["https:\/\/www.facebook.com\/groups\/126257133631"]}]}},"jetpack_sharing_enabled":true,"_links":{"self":[{"href":"https:\/\/www.enw-ltd.net\/index.php\/wp-json\/wp\/v2\/pages\/38","targetHints":{"allow":["GET"]}}],"collection":[{"href":"https:\/\/www.enw-ltd.net\/index.php\/wp-json\/wp\/v2\/pages"}],"about":[{"href":"https:\/\/www.enw-ltd.net\/index.php\/wp-json\/wp\/v2\/types\/page"}],"author":[{"embeddable":true,"href":"https:\/\/www.enw-ltd.net\/index.php\/wp-json\/wp\/v2\/users\/1"}],"replies":[{"embeddable":true,"href":"https:\/\/www.enw-ltd.net\/index.php\/wp-json\/wp\/v2\/comments?post=38"}],"version-history":[{"count":4,"href":"https:\/\/www.enw-ltd.net\/index.php\/wp-json\/wp\/v2\/pages\/38\/revisions"}],"predecessor-version":[{"id":888,"href":"https:\/\/www.enw-ltd.net\/index.php\/wp-json\/wp\/v2\/pages\/38\/revisions\/888"}],"wp:attachment":[{"href":"https:\/\/www.enw-ltd.net\/index.php\/wp-json\/wp\/v2\/media?parent=38"}],"curies":[{"name":"wp","href":"https:\/\/api.w.org\/{rel}","templated":true}]}}