{"id":39,"date":"2025-01-13T14:17:06","date_gmt":"2025-01-13T13:17:06","guid":{"rendered":"http:\/\/www.enw-ltd.net\/?page_id=39"},"modified":"2025-02-10T16:44:57","modified_gmt":"2025-02-10T15:44:57","slug":"reti-wan","status":"publish","type":"page","link":"https:\/\/www.enw-ltd.net\/index.php\/reti-wan\/","title":{"rendered":"Reti Wan"},"content":{"rendered":"\n<figure class=\"wp-block-image size-full\"><img loading=\"lazy\" decoding=\"async\" width=\"580\" height=\"520\" src=\"https:\/\/www.enw-ltd.net\/wp-content\/uploads\/2025\/01\/pngegg-6.png\" alt=\"\" class=\"wp-image-636\" srcset=\"https:\/\/www.enw-ltd.net\/wp-content\/uploads\/2025\/01\/pngegg-6.png 580w, https:\/\/www.enw-ltd.net\/wp-content\/uploads\/2025\/01\/pngegg-6-300x269.png 300w\" sizes=\"auto, (max-width: 580px) 100vw, 580px\" \/><\/figure>\n\n\n\n<p>Le reti WAN (Wide Area Network) sono delle reti geografiche. In altre parole una WAN \u00e8 una rete che collega utenti geograficamente distanti, siano queste situate in un&#8217;altra citt\u00e0 oppure in un altro continente.<br><br>Le connessioni possono avvenire con una linea dedicata oppure in altri modi come una rete pubblica (VPN).<br><br>I vantaggi di una WAN sono relativi alla possibilit\u00e0 di collegare tutti i settori aziendali anche a lunga distanza, in modo tale che i soggetti impiegati possano operare in modo congiunto.<br><br>Altri vantaggi sono simili a quelli dell&#8217;implementazione di una Intranet aziendale, economie derivanti da:<br><br><br><\/p>\n\n\n\n<ul class=\"wp-block-list\">\n<li>pubblicazione delle informazioni, ossia il rendere disponibile on-line documenti che l&#8217;utente (dipendente, collaboratore, e chi \u00e8 a ci\u00f2 autorizzato) pu\u00f2 leggere, ricercare e trovare in tempi rapidi; non \u00e8 pi\u00f9 necessario stampare e spedire comunicazioni cartacee che devono essere poi archiviate, con un conseguente aumento della produttivit\u00e0, efficienza ed efficacia in tutti i processi decisionali delle varie aree aziendali lontane tra loro;<\/li>\n\n\n\n<li>scambio delle informazioni, cio\u00e8 la possibilit\u00e0 di far circolare informazioni all&#8217;interno di gruppi di lavoro, di sviluppo di processi con coordinamento degli attori delle funzioni coinvolte, anche se geograficamente distanti;<\/li>\n\n\n\n<li>automazione, infatti molte procedure, processi e attivit\u00e0 standardizzate possono essere sostituite da sistemi automatici che producono risparmi di tempo e risorse impiegate.<\/li>\n<\/ul>\n\n\n\n<p><br><br>L&#8217;estensione sul territorio \u00e8 la caratteristica specifica delle reti WAN (Wide Area Network), e questo sia a livello nazionale (in Italia per esempio il CINECA, la rete GARR, le reti bancarie), sia a livello continentale (per l&#8217;Europa si possono citare: EuropaNet, Ebone, Eunet) o mondiale. Alcune di queste grandi reti, ad esempio quelle bancarie, per motivi di sicurezza non hanno di norma alcun vantaggio nel cercare collegamenti con strutture esterne;<br><br>Un&#8217;azienda pu\u00f2 connettersi a Internet mediante vari tipi di collegamenti remoti. L&#8217;utente singolo pu\u00f2 chiamare l&#8217;Internet Service Provider (ISP) attraverso un modem o un router, che a sua volta collega l&#8217;utente a Internet.<\/p>\n\n\n\n<p><strong>Per info e preventivi<\/strong>:<\/p>\n\n\n\n<div class=\"wp-block-buttons has-white-background-color has-background is-layout-flex wp-block-buttons-is-layout-flex\">\n<div class=\"wp-block-button\"><a class=\"wp-block-button__link wp-element-button\" href=\"https:\/\/www.enw-ltd.net\/index.php\/contattaci\/\">Contattaci<\/a><\/div>\n<\/div>\n","protected":false},"excerpt":{"rendered":"<p>Le reti WAN (Wide Area Network) sono delle reti geografiche. In altre parole una WAN \u00e8 una rete che collega utenti geograficamente distanti, siano queste situate in un&#8217;altra citt\u00e0 oppure in un altro continente. Le connessioni possono avvenire con una linea dedicata oppure in altri modi come una rete pubblica (VPN). I vantaggi di una&hellip; <br \/> <a class=\"read-more\" href=\"https:\/\/www.enw-ltd.net\/index.php\/reti-wan\/\">Leggi tutto<\/a><\/p>\n","protected":false},"author":1,"featured_media":0,"parent":0,"menu_order":0,"comment_status":"closed","ping_status":"closed","template":"","meta":{"ngg_post_thumbnail":0,"footnotes":""},"class_list":["post-39","page","type-page","status-publish","hentry"],"yoast_head":"<!-- This site is optimized with the Yoast SEO plugin v27.0 - https:\/\/yoast.com\/product\/yoast-seo-wordpress\/ -->\n<title>Reti Wan - E.N.W. Ltd<\/title>\n<meta name=\"description\" content=\"Le reti WAN sono reti che collegano utenti geograficamente distanti, siano queste situate in un&#039;altra citt\u00e0 oppure in un altro continente.\" \/>\n<meta name=\"robots\" content=\"index, follow, max-snippet:-1, max-image-preview:large, max-video-preview:-1\" \/>\n<link rel=\"canonical\" href=\"https:\/\/www.enw-ltd.net\/index.php\/reti-wan\/\" \/>\n<meta property=\"og:locale\" content=\"it_IT\" \/>\n<meta property=\"og:type\" content=\"article\" \/>\n<meta property=\"og:title\" content=\"Reti Wan - E.N.W. Ltd\" \/>\n<meta property=\"og:description\" content=\"Le reti WAN sono reti che collegano utenti geograficamente distanti, siano queste situate in un&#039;altra citt\u00e0 oppure in un altro continente.\" \/>\n<meta property=\"og:url\" content=\"https:\/\/www.enw-ltd.net\/index.php\/reti-wan\/\" \/>\n<meta property=\"og:site_name\" content=\"E.N.W. Ltd\" \/>\n<meta property=\"article:publisher\" content=\"https:\/\/www.facebook.com\/groups\/126257133631\" \/>\n<meta property=\"article:modified_time\" content=\"2025-02-10T15:44:57+00:00\" \/>\n<meta property=\"og:image\" content=\"https:\/\/www.enw-ltd.net\/wp-content\/uploads\/2025\/01\/pngegg-6.png\" \/>\n<meta name=\"twitter:card\" content=\"summary_large_image\" \/>\n<meta name=\"twitter:label1\" content=\"Tempo di lettura stimato\" \/>\n\t<meta name=\"twitter:data1\" content=\"2 minuti\" \/>\n<script type=\"application\/ld+json\" class=\"yoast-schema-graph\">{\"@context\":\"https:\/\/schema.org\",\"@graph\":[{\"@type\":\"WebPage\",\"@id\":\"https:\/\/www.enw-ltd.net\/index.php\/reti-wan\/\",\"url\":\"https:\/\/www.enw-ltd.net\/index.php\/reti-wan\/\",\"name\":\"Reti Wan - E.N.W. Ltd\",\"isPartOf\":{\"@id\":\"https:\/\/www.enw-ltd.net\/#website\"},\"primaryImageOfPage\":{\"@id\":\"https:\/\/www.enw-ltd.net\/index.php\/reti-wan\/#primaryimage\"},\"image\":{\"@id\":\"https:\/\/www.enw-ltd.net\/index.php\/reti-wan\/#primaryimage\"},\"thumbnailUrl\":\"https:\/\/www.enw-ltd.net\/wp-content\/uploads\/2025\/01\/pngegg-6.png\",\"datePublished\":\"2025-01-13T13:17:06+00:00\",\"dateModified\":\"2025-02-10T15:44:57+00:00\",\"description\":\"Le reti WAN sono reti che collegano utenti geograficamente distanti, siano queste situate in un'altra citt\u00e0 oppure in un altro continente.\",\"breadcrumb\":{\"@id\":\"https:\/\/www.enw-ltd.net\/index.php\/reti-wan\/#breadcrumb\"},\"inLanguage\":\"it-IT\",\"potentialAction\":[{\"@type\":\"ReadAction\",\"target\":[\"https:\/\/www.enw-ltd.net\/index.php\/reti-wan\/\"]}]},{\"@type\":\"ImageObject\",\"inLanguage\":\"it-IT\",\"@id\":\"https:\/\/www.enw-ltd.net\/index.php\/reti-wan\/#primaryimage\",\"url\":\"https:\/\/www.enw-ltd.net\/wp-content\/uploads\/2025\/01\/pngegg-6.png\",\"contentUrl\":\"https:\/\/www.enw-ltd.net\/wp-content\/uploads\/2025\/01\/pngegg-6.png\",\"width\":580,\"height\":520},{\"@type\":\"BreadcrumbList\",\"@id\":\"https:\/\/www.enw-ltd.net\/index.php\/reti-wan\/#breadcrumb\",\"itemListElement\":[{\"@type\":\"ListItem\",\"position\":1,\"name\":\"Home\",\"item\":\"https:\/\/www.enw-ltd.net\/\"},{\"@type\":\"ListItem\",\"position\":2,\"name\":\"Reti Wan\"}]},{\"@type\":\"WebSite\",\"@id\":\"https:\/\/www.enw-ltd.net\/#website\",\"url\":\"https:\/\/www.enw-ltd.net\/\",\"name\":\"www.enw-ltd.net\",\"description\":\"Aspire, Build, Achieve\",\"publisher\":{\"@id\":\"https:\/\/www.enw-ltd.net\/#organization\"},\"potentialAction\":[{\"@type\":\"SearchAction\",\"target\":{\"@type\":\"EntryPoint\",\"urlTemplate\":\"https:\/\/www.enw-ltd.net\/?s={search_term_string}\"},\"query-input\":{\"@type\":\"PropertyValueSpecification\",\"valueRequired\":true,\"valueName\":\"search_term_string\"}}],\"inLanguage\":\"it-IT\"},{\"@type\":\"Organization\",\"@id\":\"https:\/\/www.enw-ltd.net\/#organization\",\"name\":\"E.N.W. Ltd\",\"url\":\"https:\/\/www.enw-ltd.net\/\",\"logo\":{\"@type\":\"ImageObject\",\"inLanguage\":\"it-IT\",\"@id\":\"https:\/\/www.enw-ltd.net\/#\/schema\/logo\/image\/\",\"url\":\"https:\/\/www.enw-ltd.net\/wp-content\/uploads\/2025\/01\/logo-ENW-bianco.png\",\"contentUrl\":\"https:\/\/www.enw-ltd.net\/wp-content\/uploads\/2025\/01\/logo-ENW-bianco.png\",\"width\":992,\"height\":974,\"caption\":\"E.N.W. Ltd\"},\"image\":{\"@id\":\"https:\/\/www.enw-ltd.net\/#\/schema\/logo\/image\/\"},\"sameAs\":[\"https:\/\/www.facebook.com\/groups\/126257133631\"]}]}<\/script>\n<!-- \/ Yoast SEO plugin. -->","yoast_head_json":{"title":"Reti Wan - E.N.W. Ltd","description":"Le reti WAN sono reti che collegano utenti geograficamente distanti, siano queste situate in un'altra citt\u00e0 oppure in un altro continente.","robots":{"index":"index","follow":"follow","max-snippet":"max-snippet:-1","max-image-preview":"max-image-preview:large","max-video-preview":"max-video-preview:-1"},"canonical":"https:\/\/www.enw-ltd.net\/index.php\/reti-wan\/","og_locale":"it_IT","og_type":"article","og_title":"Reti Wan - E.N.W. Ltd","og_description":"Le reti WAN sono reti che collegano utenti geograficamente distanti, siano queste situate in un'altra citt\u00e0 oppure in un altro continente.","og_url":"https:\/\/www.enw-ltd.net\/index.php\/reti-wan\/","og_site_name":"E.N.W. Ltd","article_publisher":"https:\/\/www.facebook.com\/groups\/126257133631","article_modified_time":"2025-02-10T15:44:57+00:00","og_image":[{"url":"https:\/\/www.enw-ltd.net\/wp-content\/uploads\/2025\/01\/pngegg-6.png","type":"","width":"","height":""}],"twitter_card":"summary_large_image","twitter_misc":{"Tempo di lettura stimato":"2 minuti"},"schema":{"@context":"https:\/\/schema.org","@graph":[{"@type":"WebPage","@id":"https:\/\/www.enw-ltd.net\/index.php\/reti-wan\/","url":"https:\/\/www.enw-ltd.net\/index.php\/reti-wan\/","name":"Reti Wan - E.N.W. Ltd","isPartOf":{"@id":"https:\/\/www.enw-ltd.net\/#website"},"primaryImageOfPage":{"@id":"https:\/\/www.enw-ltd.net\/index.php\/reti-wan\/#primaryimage"},"image":{"@id":"https:\/\/www.enw-ltd.net\/index.php\/reti-wan\/#primaryimage"},"thumbnailUrl":"https:\/\/www.enw-ltd.net\/wp-content\/uploads\/2025\/01\/pngegg-6.png","datePublished":"2025-01-13T13:17:06+00:00","dateModified":"2025-02-10T15:44:57+00:00","description":"Le reti WAN sono reti che collegano utenti geograficamente distanti, siano queste situate in un'altra citt\u00e0 oppure in un altro continente.","breadcrumb":{"@id":"https:\/\/www.enw-ltd.net\/index.php\/reti-wan\/#breadcrumb"},"inLanguage":"it-IT","potentialAction":[{"@type":"ReadAction","target":["https:\/\/www.enw-ltd.net\/index.php\/reti-wan\/"]}]},{"@type":"ImageObject","inLanguage":"it-IT","@id":"https:\/\/www.enw-ltd.net\/index.php\/reti-wan\/#primaryimage","url":"https:\/\/www.enw-ltd.net\/wp-content\/uploads\/2025\/01\/pngegg-6.png","contentUrl":"https:\/\/www.enw-ltd.net\/wp-content\/uploads\/2025\/01\/pngegg-6.png","width":580,"height":520},{"@type":"BreadcrumbList","@id":"https:\/\/www.enw-ltd.net\/index.php\/reti-wan\/#breadcrumb","itemListElement":[{"@type":"ListItem","position":1,"name":"Home","item":"https:\/\/www.enw-ltd.net\/"},{"@type":"ListItem","position":2,"name":"Reti Wan"}]},{"@type":"WebSite","@id":"https:\/\/www.enw-ltd.net\/#website","url":"https:\/\/www.enw-ltd.net\/","name":"www.enw-ltd.net","description":"Aspire, Build, Achieve","publisher":{"@id":"https:\/\/www.enw-ltd.net\/#organization"},"potentialAction":[{"@type":"SearchAction","target":{"@type":"EntryPoint","urlTemplate":"https:\/\/www.enw-ltd.net\/?s={search_term_string}"},"query-input":{"@type":"PropertyValueSpecification","valueRequired":true,"valueName":"search_term_string"}}],"inLanguage":"it-IT"},{"@type":"Organization","@id":"https:\/\/www.enw-ltd.net\/#organization","name":"E.N.W. Ltd","url":"https:\/\/www.enw-ltd.net\/","logo":{"@type":"ImageObject","inLanguage":"it-IT","@id":"https:\/\/www.enw-ltd.net\/#\/schema\/logo\/image\/","url":"https:\/\/www.enw-ltd.net\/wp-content\/uploads\/2025\/01\/logo-ENW-bianco.png","contentUrl":"https:\/\/www.enw-ltd.net\/wp-content\/uploads\/2025\/01\/logo-ENW-bianco.png","width":992,"height":974,"caption":"E.N.W. Ltd"},"image":{"@id":"https:\/\/www.enw-ltd.net\/#\/schema\/logo\/image\/"},"sameAs":["https:\/\/www.facebook.com\/groups\/126257133631"]}]}},"jetpack_sharing_enabled":true,"_links":{"self":[{"href":"https:\/\/www.enw-ltd.net\/index.php\/wp-json\/wp\/v2\/pages\/39","targetHints":{"allow":["GET"]}}],"collection":[{"href":"https:\/\/www.enw-ltd.net\/index.php\/wp-json\/wp\/v2\/pages"}],"about":[{"href":"https:\/\/www.enw-ltd.net\/index.php\/wp-json\/wp\/v2\/types\/page"}],"author":[{"embeddable":true,"href":"https:\/\/www.enw-ltd.net\/index.php\/wp-json\/wp\/v2\/users\/1"}],"replies":[{"embeddable":true,"href":"https:\/\/www.enw-ltd.net\/index.php\/wp-json\/wp\/v2\/comments?post=39"}],"version-history":[{"count":4,"href":"https:\/\/www.enw-ltd.net\/index.php\/wp-json\/wp\/v2\/pages\/39\/revisions"}],"predecessor-version":[{"id":889,"href":"https:\/\/www.enw-ltd.net\/index.php\/wp-json\/wp\/v2\/pages\/39\/revisions\/889"}],"wp:attachment":[{"href":"https:\/\/www.enw-ltd.net\/index.php\/wp-json\/wp\/v2\/media?parent=39"}],"curies":[{"name":"wp","href":"https:\/\/api.w.org\/{rel}","templated":true}]}}