{"id":40,"date":"2025-01-13T14:17:06","date_gmt":"2025-01-13T13:17:06","guid":{"rendered":"http:\/\/www.enw-ltd.net\/?page_id=40"},"modified":"2025-02-10T16:42:42","modified_gmt":"2025-02-10T15:42:42","slug":"reti-intranet-e-vpn","status":"publish","type":"page","link":"https:\/\/www.enw-ltd.net\/index.php\/reti-intranet-e-vpn\/","title":{"rendered":"Reti Intranet e VPN"},"content":{"rendered":"\n<p>Con il termine&nbsp;<em>Intranet<\/em>&nbsp;si intende l&#8217;utilizzo all&#8217;interno di una organizzazione (o azienda) di tecnologie originariamente nate per Internet. Le Intranet sono in rapido sviluppo grazie all&#8217;attrattiva che le loro caratteristiche riescono a suscitare negli utenti professionali.<br>Le caratteristiche salienti sono:<br><br><br><\/p>\n\n\n\n<ul class=\"wp-block-list\">\n<li><strong>bassi costi<\/strong>&nbsp;di installazione e manutenzione;<\/li>\n\n\n\n<li><strong>facilit\u00e0 di gestione<\/strong>&nbsp;da parte degli amministratori di rete;<\/li>\n\n\n\n<li>protocolli di rete ampiamente collaudati (<strong>TCP-IP<\/strong>);<\/li>\n\n\n\n<li>ampia&nbsp;<strong>disponibilit\u00e0 di software<\/strong>&nbsp;di qualit\u00e0 low cost o addirittura shareware;<\/li>\n\n\n\n<li><strong>miglioramento delle prestazioni<\/strong>, sia in termini di velocit\u00e0 che di facilit\u00e0 di accesso e di trasferimento delle informazioni.<\/li>\n<\/ul>\n\n\n\n<p>Intranet e Internet differiscono per i seguenti motivi: la Intranet \u00e8 una rete all&#8217;interno di un&#8217;organizzazione, mentre Internet \u00e8 una &#8220;world wide network&#8221;; una Intranet ha accesso a Internet ma non viceversa.<\/p>\n\n\n\n<figure class=\"wp-block-image size-full\"><img loading=\"lazy\" decoding=\"async\" width=\"720\" height=\"508\" src=\"https:\/\/www.enw-ltd.net\/wp-content\/uploads\/2025\/01\/pngegg-7.png\" alt=\"\" class=\"wp-image-640\" srcset=\"https:\/\/www.enw-ltd.net\/wp-content\/uploads\/2025\/01\/pngegg-7.png 720w, https:\/\/www.enw-ltd.net\/wp-content\/uploads\/2025\/01\/pngegg-7-300x212.png 300w\" sizes=\"auto, (max-width: 720px) 100vw, 720px\" \/><\/figure>\n\n\n\n<p>L&#8217;avvento della rivoluzione Internet ha portato ad una domanda di utilizzo di tutte o parte delle tecnologie proprie del&nbsp;<em>WWW<\/em>, per offire informazioni relative alla propria azienda attraverso la rete locale, non necessariamente collegate ad Internet. La tecnologia WEB risolve inoltre il problema della eterogeneit\u00e0 dei server presenti su una rete aziendale. Gi\u00e0 oggi la tecnologia WEB consente di interrogare server che girano su vari tipi di computer usando client quali Netscape o altri, nella versione pi\u00f9 adatta al proprio computer.<br>Questo fenomeno \u00e8 stato ribattezzato&nbsp;Intranet. In realt\u00e0 Internet ed Intranet sono la stessa cosa:&nbsp;<em>un insiemi di protocolli<\/em>&nbsp;(HTTP, TCP-IP)&nbsp;<em>e linguaggi<\/em>&nbsp;(HTML) standard utilizzati per diffondere le informazioni.<br>L&#8217;unico elemento che cambia \u00e8 il tipo di utente. Internet si rivolge a uno qualunque dei 30 milioni di cybernauti che affollano quotidianamente il Web, Intranet \u00e8 limitata ad una rete chiusa, tipicamente una rete aziendale.<br>In realt\u00e0 Intranet pu\u00f2 avere una definizione pi\u00f9 estesa con l&#8217;avvento delle nuove tecnologie, ad esempio le reti virtuali: di giorno in giorno si parla di Web privati, estensioni del groupware, ed altri termini pi\u00f9 o meno fantasiosi.<br>Limitandoci al concetto della LAN non facciamo tuttavia una limitazione che possa prevenire una comprensione completa del fenomeno Intranet.<br>Il tutto nasce da una analisi di come vengono veicolate le informazioni all&#8217;interno di una azienda: materiale stampato, bacheche, file condivisi, e-mail ed altro.<br>Tutto questo viene ad essere &#8220;unificato&#8221; in una unica tecnologia: la stessa usata per il WWW.<br>Ecco alcuni motivi di introduzione di una Intranet:<br><br><br><\/p>\n\n\n\n<ul class=\"wp-block-list\">\n<li>una tipica LAN aziendale dispone di&nbsp;<strong>una elevata banda passante<\/strong>&nbsp;(10Mbit nel caso Ethernet), superiore di molte volte al miglior collegamento ipotizzabile, a pari costi, per accedere a Internet.<\/li>\n\n\n\n<li>la&nbsp;<strong>sicurezza<\/strong>&nbsp;delle informazioni \u00e8 garantita: la LAN non \u00e8 connessa all&#8217;esterno.<\/li>\n\n\n\n<li><strong>indipendenza<\/strong>&nbsp;della piattaforma: qualsiasi piattaforma che supporti gli standard Internet senza preoccuparsi del formato delle informazioni. Gli utenti continuano ad usare l&#8217;ambiente a loro pi\u00f9 congeniale (Windows, Mac, Unix, etc.).<\/li>\n\n\n\n<li><strong>riutilizzo di infrastrutture esistenti<\/strong>, eventualmnete integrabili con componenti assai economici quali i server e browser Web.<\/li>\n\n\n\n<li>la possibilit\u00e0 di accedere a informazioni provenienti da fonti diverse (host, database relazionali) unificate in unica interfaccia utente.<\/li>\n\n\n\n<li>la&nbsp;<strong>flessibilit\u00e0<\/strong>&nbsp;dei documenti dovuta alla natura multimediale del Web permette di presentare le informazioni nei modi pi\u00f9 congeniali.<\/li>\n<\/ul>\n\n\n\n<p>Esempi pi\u00f9 o meno celebri di implementazione Intranet riguardano il Cern di Ginevra dove ogni informazione, dalle relazioni scientifiche all&#8217;accesso ai database, \u00e8 raggiungibile dal browser dell&#8217;utente.<br>Microsoft stessa utilizza Web interni per informare i propri dipendenti fornendo anche tutte le informazioni necessarie al supporto ai prodotti.<br>Se dunque Internet \u00e8 il futuro per tutti, Intranet \u00e8 il futuro prossimo per molte aziende: un mercato in sicura e rapida espansione che non mancher\u00e0 di affascinare e coinvoilgere tutti gli operatori del settore informatico.<\/p>\n\n\n\n<p class=\"has-text-align-center has-large-font-size\"><strong>VPN<br>Virtual Private Network<\/strong><\/p>\n\n\n\n<p>Una&nbsp;<strong>rete privata virtuale<\/strong>&nbsp;\u00e8 un insieme di risorse per la trasmissione dati, facenti parte di una rete geografica pubblica, che vengono messe a disposizione di un singolo utente per unire pi\u00f9 sedi; in tal modo queste ultime interagiscono come se facessero parte di una LAN.<br><br><strong>Networking o telecomunicazioni?<\/strong><br><\/p>\n\n\n\n<figure class=\"wp-block-image size-large is-resized\"><img loading=\"lazy\" decoding=\"async\" width=\"1000\" height=\"1024\" src=\"https:\/\/www.enw-ltd.net\/wp-content\/uploads\/2025\/01\/pngegg-8-1000x1024.png\" alt=\"\" class=\"wp-image-641\" style=\"width:322px;height:auto\" srcset=\"https:\/\/www.enw-ltd.net\/wp-content\/uploads\/2025\/01\/pngegg-8-1000x1024.png 1000w, https:\/\/www.enw-ltd.net\/wp-content\/uploads\/2025\/01\/pngegg-8-293x300.png 293w, https:\/\/www.enw-ltd.net\/wp-content\/uploads\/2025\/01\/pngegg-8-768x787.png 768w, https:\/\/www.enw-ltd.net\/wp-content\/uploads\/2025\/01\/pngegg-8-1024x1049.png 1024w, https:\/\/www.enw-ltd.net\/wp-content\/uploads\/2025\/01\/pngegg-8-1055x1080.png 1055w, https:\/\/www.enw-ltd.net\/wp-content\/uploads\/2025\/01\/pngegg-8.png 1200w\" sizes=\"auto, (max-width: 1000px) 100vw, 1000px\" \/><\/figure>\n\n\n\n<p>Due le caratteristiche essenziali di una VPN: gli utenti non hanno a disposizione apparati hardware dedicati all&#8217;interno della WAN, ma solo circuiti &#8220;virtuali&#8221; (ossia simili a circuiti fisici, ma ottenuti per mezzo di corrispondenze logiche); inoltre le connessioni sono &#8220;impermeabili&#8221; ad altri utenti e allo stesso gestore della rete geografica. <\/p>\n\n\n\n<p>Quanto all&#8217;accesso tra le sedi d&#8217;utente (dette in inglese customer premise o CP), i metodi sono due:<br>&#8211; linee dedicate digitali (in italiano CDN)<br>&#8211; la tradizionale rete commutata (analogica PSTN o digitale ISDN); in quest&#8217;ultimo caso la VPN \u00e8 detta &#8220;dial-up&#8221;.<br><br>La scelta dipende dal tipo di apparati che la rete virtuale deve collegare: per pc stand alone o piccole LAN (tipiche delle sedi periferiche) sono ovviamente preferibili accessi su rete pubblica, soprattutto per ragioni economiche.<\/p>\n\n\n\n<p><br>I fornitori di VPN sono essenzialmente due: gli Internet Service Provider o i Carrier TLC.<br>Un sempre maggior numero di operatori telefonici ha arricchito la sua offerta business con reti private virtuali di ogni tipo (commutate, dedicate, su Internet, con crittografia, ecc.), il che rende l&#8217;argomento sempre piu&#8217; legato a questo settore e non al networking geografico.<br><br><br><strong>I tre tipi di rete virtuale<\/strong><br><br><strong>1]<\/strong>&nbsp;Le VPN di tipo &#8220;<em>telefonico<\/em>&#8221; richiedono tradizionali router presso le sedi dell&#8217;utente (Customer Premise, CP) connessi a dorsali FR o ATM basate su switching di livello 2: si tratta di reti dati molto simili ai gruppi chiusi delle reti PSTN o ISDN.<br><strong>2]<\/strong>&nbsp;Le reti virtuali pi\u00f9 evolute possiedono il cosiddetto&nbsp;<em>tunnelling<\/em>, ossia l&#8217;inserimento dei pacchetti d&#8217;utente in ulteriori pacchetti di trasporto dello stesso livello (l&#8217;esempio pi\u00f9 classico \u00e8 IP dentro IP) effettuato dai router dell&#8217;utente. Il tunnelling ha notevoli vantaggi in tema di sicurezza, tanto che alcuni lo considerano come ingrediente essenziale di una VPN e lo includono nella sua definizione.<br><strong>3]<\/strong>&nbsp;E&#8217; infine possibile progettare VPN basate su due &#8220;<em>strati<\/em>&#8221; di router: uno nelle CP e un secondo nei PoP, ossia nelle centrali della rete geografica pubblica vicine alle CP (un router per ogni rete virtuale, il che richiede rack piuttosto capienti). Il secondo strato effettua il tunnelling ed e&#8217; interconnesso via FR\/ATM, Internet o dorsali IP separate dalla grande Rete.<\/p>\n\n\n\n<p><br>Ognuna di queste soluzioni, il cui costo \u00e8 via via crescente, presenta qualche svantaggio. Nei primi due casi \u00e8 difficile realizzare un&#8217;efficiente QoS (Quality of Service), ossia differenziare i traffici in base alla loro priorit\u00e0: nel primo caso le funzionalit\u00e0 QoS del livello 2 sono spesso insufficienti e il numero di gruppi chiusi \u00e8 limitato; nel secondo risultano difficili la gestione, il controllo e il troubleshooting dei tunnel da parte del carrier o dell&#8217;ISP. <\/p>\n\n\n\n<p>Le VPN del terzo tipo hanno il grande pregio di ridurre a uno i percorsi dei pacchetti gestiti dal router aziendale demandando la differenziazione agli apparati dell&#8217;ISP o dell&#8217;operatore, ma sono pi\u00f9 difficili da realizzare poich\u00e9 richiedono potenti risorse presso i punti di accesso.<br><br><br><strong>Un tunnel per viaggiare in sicurezza<\/strong><br><br>Con il tunnelling si crea un percorso sicuro e &#8220;blindato&#8221; all&#8217;interno di una rete a pacchetto. Se questa \u00e8 basata su IP, l&#8217;operazione \u00e8 effettuata con un apposito protocollo: tra i pi\u00f9 usati troviamo L2TP (Layer 2 Tunnelling Protocol) di IETF, che pu\u00f2 racchiudere protocolli legacy come SNA o IPX; meno comuni sono PPTP (Point-to-Point Tunnelling Protocol) di Microsoft\/ 3Com e L2F (Layer 2 Forwarding) di Cisco, in grado di viaggiare su reti Frame Relay, X.25 o ATM.<br>Il tunnelling &#8220;IP su IP&#8221; \u00e8 molto utilizzato per il trasferimento di dati critici attraverso la rete pi\u00f9 insicura del mondo, ossia Internet. In questo caso \u00e8 per\u00f2 vano aspettarsi un minimo controllo dei tempi di trasferimento o di differenziazione dei flussi mission critical, soprattutto quando il tunnel attraversa pi\u00f9 ISP; per altro la rete \u00e8 ideale per le aziende dotate di telelavoratori o numerosi siti remoti (si pensi a una Extranet tra microaziende in forte cooperazione tra loro).<br>Un deciso miglioramento \u00e8 avvertibile se la dorsale IP \u00e8 omogenea, ossia di propriet\u00e0 di un solo provider o di una stessa azienda multisede. <\/p>\n\n\n\n<p>Rispetto ai protocolli di tunnelling, in grado di incapsulare protocolli IP e non IP e quindi adatti agli utenti remoti, il caso IP su IP \u00e8 ormai dominato dallo standard IETF chiamato\u00a0<em>IPSec<\/em>: si tratta di un protocollo che effettua tunnelling, encryption e autenticazione ed \u00e8 alla base della maggior parte dei prodotti hardware e software per l&#8217;installazione di reti VPN di tipo &#8220;fai da te&#8221;.<br>Oltre a un ottimo livello di sicurezza, IPSec garantisce un buona interoperabilit\u00e0 tra piattaforme differenti. IPSec sta per IP Security: esso ha due modalit\u00e0 di codifica (transport e tunnel), una per la sola intestazione del pacchetto e l&#8217;altra che coinvolge anche il suo contenuto; il tutto opera con chiavi pubbliche e firme digitali certificate da un&#8217;autorit\u00e0 super partes.<\/p>\n\n\n\n<p><strong>Per info e preventivi<\/strong>:<\/p>\n\n\n\n<div class=\"wp-block-buttons has-white-background-color has-background is-layout-flex wp-block-buttons-is-layout-flex\">\n<div class=\"wp-block-button\"><a class=\"wp-block-button__link wp-element-button\" href=\"https:\/\/www.enw-ltd.net\/index.php\/contattaci\/\">Contattaci<\/a><\/div>\n<\/div>\n","protected":false},"excerpt":{"rendered":"<p>Con il termine&nbsp;Intranet&nbsp;si intende l&#8217;utilizzo all&#8217;interno di una organizzazione (o azienda) di tecnologie originariamente nate per Internet. Le Intranet sono in rapido sviluppo grazie all&#8217;attrattiva che le loro caratteristiche riescono a suscitare negli utenti professionali.Le caratteristiche salienti sono: Intranet e Internet differiscono per i seguenti motivi: la Intranet \u00e8 una rete all&#8217;interno di un&#8217;organizzazione, mentre&hellip; <br \/> <a class=\"read-more\" href=\"https:\/\/www.enw-ltd.net\/index.php\/reti-intranet-e-vpn\/\">Leggi tutto<\/a><\/p>\n","protected":false},"author":1,"featured_media":0,"parent":0,"menu_order":0,"comment_status":"closed","ping_status":"closed","template":"","meta":{"ngg_post_thumbnail":0,"footnotes":""},"class_list":["post-40","page","type-page","status-publish","hentry"],"yoast_head":"<!-- This site is optimized with the Yoast SEO plugin v27.0 - https:\/\/yoast.com\/product\/yoast-seo-wordpress\/ -->\n<title>Reti Intranet e VPN - E.N.W. Ltd<\/title>\n<meta name=\"description\" content=\"la Intranet \u00e8 una rete all&#039;interno di un&#039;organizzazione. La VPN \u00e8 un percorso sicuro e &quot;blindato&quot; all&#039;interno di una rete a pacchetto\" \/>\n<meta name=\"robots\" content=\"index, follow, max-snippet:-1, max-image-preview:large, max-video-preview:-1\" \/>\n<link rel=\"canonical\" href=\"https:\/\/www.enw-ltd.net\/index.php\/reti-intranet-e-vpn\/\" \/>\n<meta property=\"og:locale\" content=\"it_IT\" \/>\n<meta property=\"og:type\" content=\"article\" \/>\n<meta property=\"og:title\" content=\"Reti Intranet e VPN - E.N.W. Ltd\" \/>\n<meta property=\"og:description\" content=\"la Intranet \u00e8 una rete all&#039;interno di un&#039;organizzazione. La VPN \u00e8 un percorso sicuro e &quot;blindato&quot; all&#039;interno di una rete a pacchetto\" \/>\n<meta property=\"og:url\" content=\"https:\/\/www.enw-ltd.net\/index.php\/reti-intranet-e-vpn\/\" \/>\n<meta property=\"og:site_name\" content=\"E.N.W. Ltd\" \/>\n<meta property=\"article:publisher\" content=\"https:\/\/www.facebook.com\/groups\/126257133631\" \/>\n<meta property=\"article:modified_time\" content=\"2025-02-10T15:42:42+00:00\" \/>\n<meta property=\"og:image\" content=\"https:\/\/www.enw-ltd.net\/wp-content\/uploads\/2025\/01\/pngegg-7.png\" \/>\n<meta name=\"twitter:card\" content=\"summary_large_image\" \/>\n<meta name=\"twitter:label1\" content=\"Tempo di lettura stimato\" \/>\n\t<meta name=\"twitter:data1\" content=\"8 minuti\" \/>\n<script type=\"application\/ld+json\" class=\"yoast-schema-graph\">{\"@context\":\"https:\/\/schema.org\",\"@graph\":[{\"@type\":\"WebPage\",\"@id\":\"https:\/\/www.enw-ltd.net\/index.php\/reti-intranet-e-vpn\/\",\"url\":\"https:\/\/www.enw-ltd.net\/index.php\/reti-intranet-e-vpn\/\",\"name\":\"Reti Intranet e VPN - E.N.W. Ltd\",\"isPartOf\":{\"@id\":\"https:\/\/www.enw-ltd.net\/#website\"},\"primaryImageOfPage\":{\"@id\":\"https:\/\/www.enw-ltd.net\/index.php\/reti-intranet-e-vpn\/#primaryimage\"},\"image\":{\"@id\":\"https:\/\/www.enw-ltd.net\/index.php\/reti-intranet-e-vpn\/#primaryimage\"},\"thumbnailUrl\":\"https:\/\/www.enw-ltd.net\/wp-content\/uploads\/2025\/01\/pngegg-7.png\",\"datePublished\":\"2025-01-13T13:17:06+00:00\",\"dateModified\":\"2025-02-10T15:42:42+00:00\",\"description\":\"la Intranet \u00e8 una rete all'interno di un'organizzazione. La VPN \u00e8 un percorso sicuro e \\\"blindato\\\" all'interno di una rete a pacchetto\",\"breadcrumb\":{\"@id\":\"https:\/\/www.enw-ltd.net\/index.php\/reti-intranet-e-vpn\/#breadcrumb\"},\"inLanguage\":\"it-IT\",\"potentialAction\":[{\"@type\":\"ReadAction\",\"target\":[\"https:\/\/www.enw-ltd.net\/index.php\/reti-intranet-e-vpn\/\"]}]},{\"@type\":\"ImageObject\",\"inLanguage\":\"it-IT\",\"@id\":\"https:\/\/www.enw-ltd.net\/index.php\/reti-intranet-e-vpn\/#primaryimage\",\"url\":\"https:\/\/www.enw-ltd.net\/wp-content\/uploads\/2025\/01\/pngegg-7.png\",\"contentUrl\":\"https:\/\/www.enw-ltd.net\/wp-content\/uploads\/2025\/01\/pngegg-7.png\",\"width\":720,\"height\":508},{\"@type\":\"BreadcrumbList\",\"@id\":\"https:\/\/www.enw-ltd.net\/index.php\/reti-intranet-e-vpn\/#breadcrumb\",\"itemListElement\":[{\"@type\":\"ListItem\",\"position\":1,\"name\":\"Home\",\"item\":\"https:\/\/www.enw-ltd.net\/\"},{\"@type\":\"ListItem\",\"position\":2,\"name\":\"Reti Intranet e VPN\"}]},{\"@type\":\"WebSite\",\"@id\":\"https:\/\/www.enw-ltd.net\/#website\",\"url\":\"https:\/\/www.enw-ltd.net\/\",\"name\":\"www.enw-ltd.net\",\"description\":\"Aspire, Build, Achieve\",\"publisher\":{\"@id\":\"https:\/\/www.enw-ltd.net\/#organization\"},\"potentialAction\":[{\"@type\":\"SearchAction\",\"target\":{\"@type\":\"EntryPoint\",\"urlTemplate\":\"https:\/\/www.enw-ltd.net\/?s={search_term_string}\"},\"query-input\":{\"@type\":\"PropertyValueSpecification\",\"valueRequired\":true,\"valueName\":\"search_term_string\"}}],\"inLanguage\":\"it-IT\"},{\"@type\":\"Organization\",\"@id\":\"https:\/\/www.enw-ltd.net\/#organization\",\"name\":\"E.N.W. Ltd\",\"url\":\"https:\/\/www.enw-ltd.net\/\",\"logo\":{\"@type\":\"ImageObject\",\"inLanguage\":\"it-IT\",\"@id\":\"https:\/\/www.enw-ltd.net\/#\/schema\/logo\/image\/\",\"url\":\"https:\/\/www.enw-ltd.net\/wp-content\/uploads\/2025\/01\/logo-ENW-bianco.png\",\"contentUrl\":\"https:\/\/www.enw-ltd.net\/wp-content\/uploads\/2025\/01\/logo-ENW-bianco.png\",\"width\":992,\"height\":974,\"caption\":\"E.N.W. Ltd\"},\"image\":{\"@id\":\"https:\/\/www.enw-ltd.net\/#\/schema\/logo\/image\/\"},\"sameAs\":[\"https:\/\/www.facebook.com\/groups\/126257133631\"]}]}<\/script>\n<!-- \/ Yoast SEO plugin. -->","yoast_head_json":{"title":"Reti Intranet e VPN - E.N.W. Ltd","description":"la Intranet \u00e8 una rete all'interno di un'organizzazione. La VPN \u00e8 un percorso sicuro e \"blindato\" all'interno di una rete a pacchetto","robots":{"index":"index","follow":"follow","max-snippet":"max-snippet:-1","max-image-preview":"max-image-preview:large","max-video-preview":"max-video-preview:-1"},"canonical":"https:\/\/www.enw-ltd.net\/index.php\/reti-intranet-e-vpn\/","og_locale":"it_IT","og_type":"article","og_title":"Reti Intranet e VPN - E.N.W. Ltd","og_description":"la Intranet \u00e8 una rete all'interno di un'organizzazione. La VPN \u00e8 un percorso sicuro e \"blindato\" all'interno di una rete a pacchetto","og_url":"https:\/\/www.enw-ltd.net\/index.php\/reti-intranet-e-vpn\/","og_site_name":"E.N.W. Ltd","article_publisher":"https:\/\/www.facebook.com\/groups\/126257133631","article_modified_time":"2025-02-10T15:42:42+00:00","og_image":[{"url":"https:\/\/www.enw-ltd.net\/wp-content\/uploads\/2025\/01\/pngegg-7.png","type":"","width":"","height":""}],"twitter_card":"summary_large_image","twitter_misc":{"Tempo di lettura stimato":"8 minuti"},"schema":{"@context":"https:\/\/schema.org","@graph":[{"@type":"WebPage","@id":"https:\/\/www.enw-ltd.net\/index.php\/reti-intranet-e-vpn\/","url":"https:\/\/www.enw-ltd.net\/index.php\/reti-intranet-e-vpn\/","name":"Reti Intranet e VPN - E.N.W. Ltd","isPartOf":{"@id":"https:\/\/www.enw-ltd.net\/#website"},"primaryImageOfPage":{"@id":"https:\/\/www.enw-ltd.net\/index.php\/reti-intranet-e-vpn\/#primaryimage"},"image":{"@id":"https:\/\/www.enw-ltd.net\/index.php\/reti-intranet-e-vpn\/#primaryimage"},"thumbnailUrl":"https:\/\/www.enw-ltd.net\/wp-content\/uploads\/2025\/01\/pngegg-7.png","datePublished":"2025-01-13T13:17:06+00:00","dateModified":"2025-02-10T15:42:42+00:00","description":"la Intranet \u00e8 una rete all'interno di un'organizzazione. La VPN \u00e8 un percorso sicuro e \"blindato\" all'interno di una rete a pacchetto","breadcrumb":{"@id":"https:\/\/www.enw-ltd.net\/index.php\/reti-intranet-e-vpn\/#breadcrumb"},"inLanguage":"it-IT","potentialAction":[{"@type":"ReadAction","target":["https:\/\/www.enw-ltd.net\/index.php\/reti-intranet-e-vpn\/"]}]},{"@type":"ImageObject","inLanguage":"it-IT","@id":"https:\/\/www.enw-ltd.net\/index.php\/reti-intranet-e-vpn\/#primaryimage","url":"https:\/\/www.enw-ltd.net\/wp-content\/uploads\/2025\/01\/pngegg-7.png","contentUrl":"https:\/\/www.enw-ltd.net\/wp-content\/uploads\/2025\/01\/pngegg-7.png","width":720,"height":508},{"@type":"BreadcrumbList","@id":"https:\/\/www.enw-ltd.net\/index.php\/reti-intranet-e-vpn\/#breadcrumb","itemListElement":[{"@type":"ListItem","position":1,"name":"Home","item":"https:\/\/www.enw-ltd.net\/"},{"@type":"ListItem","position":2,"name":"Reti Intranet e VPN"}]},{"@type":"WebSite","@id":"https:\/\/www.enw-ltd.net\/#website","url":"https:\/\/www.enw-ltd.net\/","name":"www.enw-ltd.net","description":"Aspire, Build, Achieve","publisher":{"@id":"https:\/\/www.enw-ltd.net\/#organization"},"potentialAction":[{"@type":"SearchAction","target":{"@type":"EntryPoint","urlTemplate":"https:\/\/www.enw-ltd.net\/?s={search_term_string}"},"query-input":{"@type":"PropertyValueSpecification","valueRequired":true,"valueName":"search_term_string"}}],"inLanguage":"it-IT"},{"@type":"Organization","@id":"https:\/\/www.enw-ltd.net\/#organization","name":"E.N.W. Ltd","url":"https:\/\/www.enw-ltd.net\/","logo":{"@type":"ImageObject","inLanguage":"it-IT","@id":"https:\/\/www.enw-ltd.net\/#\/schema\/logo\/image\/","url":"https:\/\/www.enw-ltd.net\/wp-content\/uploads\/2025\/01\/logo-ENW-bianco.png","contentUrl":"https:\/\/www.enw-ltd.net\/wp-content\/uploads\/2025\/01\/logo-ENW-bianco.png","width":992,"height":974,"caption":"E.N.W. Ltd"},"image":{"@id":"https:\/\/www.enw-ltd.net\/#\/schema\/logo\/image\/"},"sameAs":["https:\/\/www.facebook.com\/groups\/126257133631"]}]}},"jetpack_sharing_enabled":true,"_links":{"self":[{"href":"https:\/\/www.enw-ltd.net\/index.php\/wp-json\/wp\/v2\/pages\/40","targetHints":{"allow":["GET"]}}],"collection":[{"href":"https:\/\/www.enw-ltd.net\/index.php\/wp-json\/wp\/v2\/pages"}],"about":[{"href":"https:\/\/www.enw-ltd.net\/index.php\/wp-json\/wp\/v2\/types\/page"}],"author":[{"embeddable":true,"href":"https:\/\/www.enw-ltd.net\/index.php\/wp-json\/wp\/v2\/users\/1"}],"replies":[{"embeddable":true,"href":"https:\/\/www.enw-ltd.net\/index.php\/wp-json\/wp\/v2\/comments?post=40"}],"version-history":[{"count":5,"href":"https:\/\/www.enw-ltd.net\/index.php\/wp-json\/wp\/v2\/pages\/40\/revisions"}],"predecessor-version":[{"id":886,"href":"https:\/\/www.enw-ltd.net\/index.php\/wp-json\/wp\/v2\/pages\/40\/revisions\/886"}],"wp:attachment":[{"href":"https:\/\/www.enw-ltd.net\/index.php\/wp-json\/wp\/v2\/media?parent=40"}],"curies":[{"name":"wp","href":"https:\/\/api.w.org\/{rel}","templated":true}]}}