{"id":41,"date":"2025-01-13T14:17:06","date_gmt":"2025-01-13T13:17:06","guid":{"rendered":"http:\/\/www.enw-ltd.net\/?page_id=41"},"modified":"2025-01-17T12:30:45","modified_gmt":"2025-01-17T11:30:45","slug":"internet","status":"publish","type":"page","link":"https:\/\/www.enw-ltd.net\/index.php\/internet\/","title":{"rendered":"Internet"},"content":{"rendered":"\n<p><strong>Caratteristiche della nuova linea ADSL &amp; HDSL<\/strong><\/p>\n\n\n\n<figure class=\"wp-block-image size-full\"><img loading=\"lazy\" decoding=\"async\" width=\"242\" height=\"160\" src=\"https:\/\/www.enw-ltd.net\/wp-content\/uploads\/2025\/01\/adsl.png\" alt=\"\" class=\"wp-image-643\"\/><\/figure>\n\n\n\n<p><strong>E&#8217; come passare da un&#8217;auto sportiva a un Aereo a reazione.<\/strong><br><br>La velocit\u00e0 digitale, finora il massimo possibile su Internet, \u00e8 destinata a diventare un ricordo con l&#8217;ADSL, la nuova tecnologia che rende super-veloce la connessione alla Rete.<br><br><br><strong>Per utilizzare l&#8217;ADSL basta la normale linea telefonica:<\/strong><br>questa tecnologia trasforma il cosiddetto &#8220;doppino&#8221; di rame in una linea digitale, con una capacit\u00e0 molto superiore rispetto alle stesse linee ISDN.<br><strong>Il primo effetto \u00e8 l&#8217;alta velocit\u00e0<\/strong>, che vuol dire poter navigare su Internet ad alta velocit\u00e0 e quindi poter scaricare dalla Rete in pochi minuti documenti anche di grandi dimensioni, come file musicali, video, filmati.<br><strong>La multimedialit\u00e0 diventa reale<\/strong>\u00a0e permette di utilizzare fino in fondo tutte le potenzialit\u00e0 di Internet, grazie anche alla connessione permanente: con la tecnologia ADSL infatti si \u00e8 sempre collegati alla Rete, 24 ore su 24, senza i tempi e i problemi della connessione via modem. E mentre si naviga o si invia un&#8217;e-mail, si pu\u00f2 anche telefonare o inviare un fax, tutto nello stesso momento e sulla stessa linea telefonica: la &#8220;banda larga&#8221; \u00e8 un altro dei grandi vantaggi dell&#8217;ADSL.<br><strong>Con l&#8217;ADSL non ci sono pi\u00f9 &#8220;scatti&#8221; telefonici<\/strong>, costi al minuto, bollette pi\u00f9 o meno salate. Si paga solo un canone mensile, per navigare in Internet come e quando volete.<br>L&#8217;<strong>ADSL<\/strong>\u00a0\u00e8 la soluzione ideale per soddisfare le esigenze della moderna azienda che ha necessit\u00e0 di gestire elevati volumi di traffico con elevati livelli di qualit\u00e0 e sicurezza.<\/p>\n\n\n\n<p>Le\u00a0<strong>soluzioni ADSL<\/strong>\u00a0sono state create per mirare ad ottenere la massima efficienza nel servizio di trasporto per l&#8217;utente connesso, anche nei periodi di picco. Enw Ltd gestisce tutti gli aspetti organizzativi e tecnici: dall&#8217;attivazione delle linee alla fornitura, alla gestione degli apparati, sollevando in tal modo il Cliente da qualunque tipo di intervento diretto.<\/p>\n\n\n\n<p><strong>La tecnologia ADSL<\/strong><br><br>L&#8217;acronimo ADSL significa Asymmetric Digital Subscriber Line ed \u00e8 una tecnologia che permette di trasformare la linea telefonica analogica (il tradizionale doppino telefonico in rame) in una linea digitale ad alta velocit\u00e0 per un accesso ad Internet ultra-veloce. L&#8217;ADSL \u00e8 particolarmente adatta alla modalit\u00e0 di navigazione in Internet e alla fruizione di contenuti multimediali, entrambe caratterizzate da un elevato flusso di dati provenienti dalla rete verso l&#8217;utente (downstream) e da una minore quantit\u00e0 di dati e di controllo inviati dall&#8217;utente verso la rete stessa (upstream); per questo infatti viene chiamata &#8220;asimmetrica&#8221;.<br><br>La tecnologia ADSL utilizza la linea telefonica tradizionale per trasportare in forma numerica dati, audio e immagini nella banda delle frequenze superiori a quella normalmente utilizzata per voce e fax. Per utilizzare tale banda \u00e8 richiesta l&#8217;installazione di un&#8217;apposita coppia di modem ADSL alle estremit\u00e0 della linea telefonica (presso la centrale telefonica e l&#8217;utenza abilitata). Questa tecnologia permette di superare la barriera costituita dalle reti di accesso tradizionali (Rete Telefonica Generale e ISDN) e di trasmettere e\/o ricevere dati a velocit\u00e0 elevate.<br>Per poter funzionare una connessione ADSL deve essere essere attivata presso la centrale telefonica di zona abilitata. La disponibilit\u00e0 \u00e8 in crescita, ma \u00e8 attualmente limitata solo ad alcune citt\u00e0 e non tutte le centrali telefoniche sono abilitate all&#8217;erogazione del servizio. La natura dell&#8217;infrastruttura di telecomunicazioni sulla quale si basa il servizio ADSL consente di assicurare l&#8217;elevata velocit\u00e0 di connessione per la tratta che va dalla centrale telefonica di zona all&#8217;utenza. La velocit\u00e0 tra la centrale e l&#8217;ISP dipende dalla categoria di servizio scelta dal provider e dalle caratteristiche della rete dati urbana nella quale sono convogliati gli utenti ADSL del provider.<br>La tecnologia a larga banda impiegata nelle soluzioni ADSL, in unione alle caratteristiche della classe di servizio prescelta, consentono di ottenere una velocit\u00e0 fino a 2048 kbit\/sec in ricezione (downstream) e sino a 512 kbit\/sec in trasmissione (upstream). La connessione ADSL \u00e8 possibile\u00a0<strong>esclusivamente impiegando una linea telefonica tradizionale di tipo analogico<\/strong>. In relazione alla soluzione prescelta ed alle condizioni di congestione della rete Internet o della rete urbana dati alla quale si \u00e8 collegati, \u00e8 possibile che non si riesca a raggiungere la velocit\u00e0 massima che caratterizza la connessione ADSL. E.N.W. Ltd, per le proprie soluzioni ADSL, assicura comunque una banda minima garantita in qualsiasi condizione di traffico.<br><br><strong>New HDSL<\/strong><br><br><strong><u>Cos&#8217;\u00e8 l&#8217;HDSL<\/u><\/strong><br><br>Le recenti evoluzioni tecnologiche impongono oggi alle aziende che vogliono essere protagoniste nel mercato nazionale ed internazionale di poter contare su un&#8217;organizzazione e su strumenti operativi in grado di farle accedere in modo rapido e sollecito ai servizi per l&#8217;informazione e per la comunicazione offerti da Internet.<\/p>\n\n\n\n<figure class=\"wp-block-image size-full\"><img loading=\"lazy\" decoding=\"async\" width=\"200\" height=\"150\" src=\"https:\/\/www.enw-ltd.net\/wp-content\/uploads\/2025\/01\/hdsl.png\" alt=\"\" class=\"wp-image-645\"\/><\/figure>\n\n\n\n<p>L&#8217;<strong>HDSL<\/strong>&nbsp;\u00e8 l&#8217;ultimissima novit\u00e0 nel campo degli accessi ad Internet con banda larga ed \u00e8 il servizio ideale per le imprese che vogliono utilizzare Internet ad alta velocit\u00e0; l&#8217;HDSL, acronimo di&nbsp;<strong>High Bit-Rate Digital Subscriber Line<\/strong>&nbsp;(linea digitale ad alto livello di bit per abbonati), \u00e8 infatti un nuovo sistema di trasmissioni di dati di tipo&nbsp;simmetrico, in grado cio\u00e8 di fornire la stessa ampiezza di banda sia in fase di scaricamento dati che in fase di trasmissione;&nbsp;<em>questo significa dare all&#8217;utente la possibilit\u00e0 di usufruire&nbsp;<strong>sia in fase di download che in quella di upload<\/strong>&nbsp;di una velocit\u00e0 massima di&nbsp;<strong>2Mbit\/s<\/strong><\/em>. Tutto ci\u00f2, unito agli altri vantaggi tipici della tecnologia DSL (per esempio: connettivit\u00e0 &#8216;always on&#8217;, costi non legati a scatti telefonici) permetter\u00e0 alla Vostra azienda di utilizzare la rete di Internet e la posta elettronica senza pi\u00f9 alcuna fastidiosa attesa, ottimizzando e velocizzando la ricerca delle informazioni e la comunicazione tra i settori.<br><br><strong><u>Vantaggi dell&#8217;HDSL<\/u><\/strong><br><br><br>L&#8217;<strong>HDSL<\/strong>&nbsp;\u00e8 uno strumento fondamentale per la Vostra azienda perch\u00e9:<\/p>\n\n\n\n<ul class=\"wp-block-list\">\n<li>Permette una\u00a0<strong>connettivit\u00e0 &#8216;always on&#8217;<\/strong>, ovvero l&#8217;utente \u00e8 permanentemente connesso ad Internet, e non ha perci\u00f2 la necessit\u00e0 di attivare ogni volta la connessione via modem, con ovvi vantaggi legati alla possibilit\u00e0 di ricevere contatti e messaggi della posta elettronica in tempo reale e di scaricare files ed effettuare ricerche con una velocit\u00e0 decisamente superiore rispetto a quella offerta dalle normali connessioni;<\/li>\n\n\n\n<li><strong>Elimina i problemi dei costi<\/strong>\u00a0legati agli scatti telefonici, in quanto il modello di tariffazione \u00e8 quello del pagamento a consumo (pay per use);<\/li>\n\n\n\n<li>Possiede un&#8217;ampiezza di banda tale in grado di supportare varie applicazioni multimediali (files video ed audio, videoconferenze, etc.);<\/li>\n\n\n\n<li>Permette di ospitare il proprio server web presso la rispettiva sede aziendale, il che Vi consentir\u00e0 una totale gestione personalizzata di molte delle operazioni effettuate tramite Internet.<\/li>\n<\/ul>\n\n\n\n<p>Per tutte queste ragioni l&#8217; HDSL \u00e8 la connessione adatta a Voi, in quanto risolver\u00e0 in maniera definitiva i Vostri problemi legati alla lentezza dell&#8217;accesso alla Rete e quelli del suo utilizzo.<br><br><strong><u>Cosa Serve<\/u><\/strong><br><br><br>Nel caso in cui il router venga noleggiato non serve praticamente nulla: il servizio arriva infatti fino alla fornitura di una porta Ethernet da collegare alla propria LAN. Tutti i computer collegati alla LAN saranno perci\u00f2 in grado di usufruire della connessione ad Internet tramite HDSL. Nel caso in cui non venga noleggiato il router la fornitura arriva fino al modem HDSL con porta v.35 o ATM alla quale dovr\u00e0 essere collegato il router Cisco 2610 di propriet\u00e0.<\/p>\n","protected":false},"excerpt":{"rendered":"<p>Caratteristiche della nuova linea ADSL &amp; HDSL E&#8217; come passare da un&#8217;auto sportiva a un Aereo a reazione. La velocit\u00e0 digitale, finora il massimo possibile su Internet, \u00e8 destinata a diventare un ricordo con l&#8217;ADSL, la nuova tecnologia che rende super-veloce la connessione alla Rete. Per utilizzare l&#8217;ADSL basta la normale linea telefonica:questa tecnologia trasforma&hellip; <br \/> <a class=\"read-more\" href=\"https:\/\/www.enw-ltd.net\/index.php\/internet\/\">Leggi tutto<\/a><\/p>\n","protected":false},"author":1,"featured_media":0,"parent":0,"menu_order":0,"comment_status":"closed","ping_status":"closed","template":"","meta":{"ngg_post_thumbnail":0,"footnotes":""},"class_list":["post-41","page","type-page","status-publish","hentry"],"yoast_head":"<!-- This site is optimized with the Yoast SEO plugin v27.0 - https:\/\/yoast.com\/product\/yoast-seo-wordpress\/ -->\n<title>Internet - E.N.W. Ltd<\/title>\n<meta name=\"robots\" content=\"index, follow, max-snippet:-1, max-image-preview:large, max-video-preview:-1\" \/>\n<link rel=\"canonical\" href=\"https:\/\/www.enw-ltd.net\/index.php\/internet\/\" \/>\n<meta property=\"og:locale\" content=\"it_IT\" \/>\n<meta property=\"og:type\" content=\"article\" \/>\n<meta property=\"og:title\" content=\"Internet - E.N.W. Ltd\" \/>\n<meta property=\"og:description\" content=\"Caratteristiche della nuova linea ADSL &amp; HDSL E&#8217; come passare da un&#8217;auto sportiva a un Aereo a reazione. La velocit\u00e0 digitale, finora il massimo possibile su Internet, \u00e8 destinata a diventare un ricordo con l&#8217;ADSL, la nuova tecnologia che rende super-veloce la connessione alla Rete. Per utilizzare l&#8217;ADSL basta la normale linea telefonica:questa tecnologia trasforma&hellip; Leggi tutto\" \/>\n<meta property=\"og:url\" content=\"https:\/\/www.enw-ltd.net\/index.php\/internet\/\" \/>\n<meta property=\"og:site_name\" content=\"E.N.W. Ltd\" \/>\n<meta property=\"article:publisher\" content=\"https:\/\/www.facebook.com\/groups\/126257133631\" \/>\n<meta property=\"article:modified_time\" content=\"2025-01-17T11:30:45+00:00\" \/>\n<meta property=\"og:image\" content=\"https:\/\/www.enw-ltd.net\/wp-content\/uploads\/2025\/01\/adsl.png\" \/>\n<meta name=\"twitter:card\" content=\"summary_large_image\" \/>\n<meta name=\"twitter:label1\" content=\"Tempo di lettura stimato\" \/>\n\t<meta name=\"twitter:data1\" content=\"6 minuti\" \/>\n<script type=\"application\/ld+json\" class=\"yoast-schema-graph\">{\"@context\":\"https:\/\/schema.org\",\"@graph\":[{\"@type\":\"WebPage\",\"@id\":\"https:\/\/www.enw-ltd.net\/index.php\/internet\/\",\"url\":\"https:\/\/www.enw-ltd.net\/index.php\/internet\/\",\"name\":\"Internet - E.N.W. Ltd\",\"isPartOf\":{\"@id\":\"https:\/\/www.enw-ltd.net\/#website\"},\"primaryImageOfPage\":{\"@id\":\"https:\/\/www.enw-ltd.net\/index.php\/internet\/#primaryimage\"},\"image\":{\"@id\":\"https:\/\/www.enw-ltd.net\/index.php\/internet\/#primaryimage\"},\"thumbnailUrl\":\"https:\/\/www.enw-ltd.net\/wp-content\/uploads\/2025\/01\/adsl.png\",\"datePublished\":\"2025-01-13T13:17:06+00:00\",\"dateModified\":\"2025-01-17T11:30:45+00:00\",\"breadcrumb\":{\"@id\":\"https:\/\/www.enw-ltd.net\/index.php\/internet\/#breadcrumb\"},\"inLanguage\":\"it-IT\",\"potentialAction\":[{\"@type\":\"ReadAction\",\"target\":[\"https:\/\/www.enw-ltd.net\/index.php\/internet\/\"]}]},{\"@type\":\"ImageObject\",\"inLanguage\":\"it-IT\",\"@id\":\"https:\/\/www.enw-ltd.net\/index.php\/internet\/#primaryimage\",\"url\":\"https:\/\/www.enw-ltd.net\/wp-content\/uploads\/2025\/01\/adsl.png\",\"contentUrl\":\"https:\/\/www.enw-ltd.net\/wp-content\/uploads\/2025\/01\/adsl.png\",\"width\":242,\"height\":160},{\"@type\":\"BreadcrumbList\",\"@id\":\"https:\/\/www.enw-ltd.net\/index.php\/internet\/#breadcrumb\",\"itemListElement\":[{\"@type\":\"ListItem\",\"position\":1,\"name\":\"Home\",\"item\":\"https:\/\/www.enw-ltd.net\/\"},{\"@type\":\"ListItem\",\"position\":2,\"name\":\"Internet\"}]},{\"@type\":\"WebSite\",\"@id\":\"https:\/\/www.enw-ltd.net\/#website\",\"url\":\"https:\/\/www.enw-ltd.net\/\",\"name\":\"www.enw-ltd.net\",\"description\":\"Aspire, Build, Achieve\",\"publisher\":{\"@id\":\"https:\/\/www.enw-ltd.net\/#organization\"},\"potentialAction\":[{\"@type\":\"SearchAction\",\"target\":{\"@type\":\"EntryPoint\",\"urlTemplate\":\"https:\/\/www.enw-ltd.net\/?s={search_term_string}\"},\"query-input\":{\"@type\":\"PropertyValueSpecification\",\"valueRequired\":true,\"valueName\":\"search_term_string\"}}],\"inLanguage\":\"it-IT\"},{\"@type\":\"Organization\",\"@id\":\"https:\/\/www.enw-ltd.net\/#organization\",\"name\":\"E.N.W. Ltd\",\"url\":\"https:\/\/www.enw-ltd.net\/\",\"logo\":{\"@type\":\"ImageObject\",\"inLanguage\":\"it-IT\",\"@id\":\"https:\/\/www.enw-ltd.net\/#\/schema\/logo\/image\/\",\"url\":\"https:\/\/www.enw-ltd.net\/wp-content\/uploads\/2025\/01\/logo-ENW-bianco.png\",\"contentUrl\":\"https:\/\/www.enw-ltd.net\/wp-content\/uploads\/2025\/01\/logo-ENW-bianco.png\",\"width\":992,\"height\":974,\"caption\":\"E.N.W. Ltd\"},\"image\":{\"@id\":\"https:\/\/www.enw-ltd.net\/#\/schema\/logo\/image\/\"},\"sameAs\":[\"https:\/\/www.facebook.com\/groups\/126257133631\"]}]}<\/script>\n<!-- \/ Yoast SEO plugin. -->","yoast_head_json":{"title":"Internet - E.N.W. Ltd","robots":{"index":"index","follow":"follow","max-snippet":"max-snippet:-1","max-image-preview":"max-image-preview:large","max-video-preview":"max-video-preview:-1"},"canonical":"https:\/\/www.enw-ltd.net\/index.php\/internet\/","og_locale":"it_IT","og_type":"article","og_title":"Internet - E.N.W. Ltd","og_description":"Caratteristiche della nuova linea ADSL &amp; HDSL E&#8217; come passare da un&#8217;auto sportiva a un Aereo a reazione. La velocit\u00e0 digitale, finora il massimo possibile su Internet, \u00e8 destinata a diventare un ricordo con l&#8217;ADSL, la nuova tecnologia che rende super-veloce la connessione alla Rete. Per utilizzare l&#8217;ADSL basta la normale linea telefonica:questa tecnologia trasforma&hellip; Leggi tutto","og_url":"https:\/\/www.enw-ltd.net\/index.php\/internet\/","og_site_name":"E.N.W. Ltd","article_publisher":"https:\/\/www.facebook.com\/groups\/126257133631","article_modified_time":"2025-01-17T11:30:45+00:00","og_image":[{"url":"https:\/\/www.enw-ltd.net\/wp-content\/uploads\/2025\/01\/adsl.png","type":"","width":"","height":""}],"twitter_card":"summary_large_image","twitter_misc":{"Tempo di lettura stimato":"6 minuti"},"schema":{"@context":"https:\/\/schema.org","@graph":[{"@type":"WebPage","@id":"https:\/\/www.enw-ltd.net\/index.php\/internet\/","url":"https:\/\/www.enw-ltd.net\/index.php\/internet\/","name":"Internet - E.N.W. Ltd","isPartOf":{"@id":"https:\/\/www.enw-ltd.net\/#website"},"primaryImageOfPage":{"@id":"https:\/\/www.enw-ltd.net\/index.php\/internet\/#primaryimage"},"image":{"@id":"https:\/\/www.enw-ltd.net\/index.php\/internet\/#primaryimage"},"thumbnailUrl":"https:\/\/www.enw-ltd.net\/wp-content\/uploads\/2025\/01\/adsl.png","datePublished":"2025-01-13T13:17:06+00:00","dateModified":"2025-01-17T11:30:45+00:00","breadcrumb":{"@id":"https:\/\/www.enw-ltd.net\/index.php\/internet\/#breadcrumb"},"inLanguage":"it-IT","potentialAction":[{"@type":"ReadAction","target":["https:\/\/www.enw-ltd.net\/index.php\/internet\/"]}]},{"@type":"ImageObject","inLanguage":"it-IT","@id":"https:\/\/www.enw-ltd.net\/index.php\/internet\/#primaryimage","url":"https:\/\/www.enw-ltd.net\/wp-content\/uploads\/2025\/01\/adsl.png","contentUrl":"https:\/\/www.enw-ltd.net\/wp-content\/uploads\/2025\/01\/adsl.png","width":242,"height":160},{"@type":"BreadcrumbList","@id":"https:\/\/www.enw-ltd.net\/index.php\/internet\/#breadcrumb","itemListElement":[{"@type":"ListItem","position":1,"name":"Home","item":"https:\/\/www.enw-ltd.net\/"},{"@type":"ListItem","position":2,"name":"Internet"}]},{"@type":"WebSite","@id":"https:\/\/www.enw-ltd.net\/#website","url":"https:\/\/www.enw-ltd.net\/","name":"www.enw-ltd.net","description":"Aspire, Build, Achieve","publisher":{"@id":"https:\/\/www.enw-ltd.net\/#organization"},"potentialAction":[{"@type":"SearchAction","target":{"@type":"EntryPoint","urlTemplate":"https:\/\/www.enw-ltd.net\/?s={search_term_string}"},"query-input":{"@type":"PropertyValueSpecification","valueRequired":true,"valueName":"search_term_string"}}],"inLanguage":"it-IT"},{"@type":"Organization","@id":"https:\/\/www.enw-ltd.net\/#organization","name":"E.N.W. Ltd","url":"https:\/\/www.enw-ltd.net\/","logo":{"@type":"ImageObject","inLanguage":"it-IT","@id":"https:\/\/www.enw-ltd.net\/#\/schema\/logo\/image\/","url":"https:\/\/www.enw-ltd.net\/wp-content\/uploads\/2025\/01\/logo-ENW-bianco.png","contentUrl":"https:\/\/www.enw-ltd.net\/wp-content\/uploads\/2025\/01\/logo-ENW-bianco.png","width":992,"height":974,"caption":"E.N.W. Ltd"},"image":{"@id":"https:\/\/www.enw-ltd.net\/#\/schema\/logo\/image\/"},"sameAs":["https:\/\/www.facebook.com\/groups\/126257133631"]}]}},"jetpack_sharing_enabled":true,"_links":{"self":[{"href":"https:\/\/www.enw-ltd.net\/index.php\/wp-json\/wp\/v2\/pages\/41","targetHints":{"allow":["GET"]}}],"collection":[{"href":"https:\/\/www.enw-ltd.net\/index.php\/wp-json\/wp\/v2\/pages"}],"about":[{"href":"https:\/\/www.enw-ltd.net\/index.php\/wp-json\/wp\/v2\/types\/page"}],"author":[{"embeddable":true,"href":"https:\/\/www.enw-ltd.net\/index.php\/wp-json\/wp\/v2\/users\/1"}],"replies":[{"embeddable":true,"href":"https:\/\/www.enw-ltd.net\/index.php\/wp-json\/wp\/v2\/comments?post=41"}],"version-history":[{"count":2,"href":"https:\/\/www.enw-ltd.net\/index.php\/wp-json\/wp\/v2\/pages\/41\/revisions"}],"predecessor-version":[{"id":646,"href":"https:\/\/www.enw-ltd.net\/index.php\/wp-json\/wp\/v2\/pages\/41\/revisions\/646"}],"wp:attachment":[{"href":"https:\/\/www.enw-ltd.net\/index.php\/wp-json\/wp\/v2\/media?parent=41"}],"curies":[{"name":"wp","href":"https:\/\/api.w.org\/{rel}","templated":true}]}}