{"id":48,"date":"2025-01-13T14:17:06","date_gmt":"2025-01-13T13:17:06","guid":{"rendered":"http:\/\/www.enw-ltd.net\/?page_id=48"},"modified":"2025-02-12T16:21:18","modified_gmt":"2025-02-12T15:21:18","slug":"virtual-office","status":"publish","type":"page","link":"https:\/\/www.enw-ltd.net\/index.php\/virtual-office\/","title":{"rendered":"Virtual Office"},"content":{"rendered":"\n<figure class=\"wp-block-image size-full is-resized\"><img loading=\"lazy\" decoding=\"async\" width=\"600\" height=\"500\" src=\"https:\/\/www.enw-ltd.net\/wp-content\/uploads\/2025\/01\/pngegg-10.png\" alt=\"\" class=\"wp-image-660\" style=\"width:404px;height:auto\" srcset=\"https:\/\/www.enw-ltd.net\/wp-content\/uploads\/2025\/01\/pngegg-10.png 600w, https:\/\/www.enw-ltd.net\/wp-content\/uploads\/2025\/01\/pngegg-10-300x250.png 300w\" sizes=\"auto, (max-width: 600px) 100vw, 600px\" \/><\/figure>\n\n\n\n<p>E&#8217;\u00a0<strong>un servizio indicato<\/strong>\u00a0per utenti che non hanno, ne il tempo e\/o mezzi per poter gestire la propria attivit\u00e0 su Internet.<br>E&#8217;\u00a0<strong>rivolto a privati<\/strong>, ditte individuali, aziende, societ\u00e0, liberi professionisti, associazioni ed enti.<br><strong>Il servizio consiste<\/strong>\u00a0nella gestione completa dell&#8217;attivit\u00e0 svolta dall&#8217;utente, sulla rete internet, anche attraverso il sito web gi\u00e0 esistente dell&#8217;utente, la nostra azienda si sostituir\u00e0 al personale che di solito gestisce le comunicazioni che riguardano la vostra attivit\u00e0 su Internet, siano esse chiamate telefoniche, fax o E-Mail, curando sia la ricezione che l&#8217;invio delle informazioni e\/o informazioni d&#8217;acquisto.<br><\/p>\n\n\n\n<h3 class=\"wp-block-heading\">Vantaggi<\/h3>\n\n\n\n<p><strong>I vantaggi<\/strong>\u00a0che una azienda pu\u00f2 avere da questo servizio con una minima spesa sono:<\/p>\n\n\n\n<ul class=\"wp-block-list\">\n<li>Una gestione pi\u00f9 mirata del personale, sia esso dipendente che collaboratore, consentendo di destinare ad altre attivit\u00e0 tale forza lavoro, che magari non sar\u00e0 impegnata al 100% nella gestione delle comunicazioni in entrata e in uscita, della vostra attivit\u00e0 su Internet.<\/li>\n\n\n\n<li>La sicurezza di non perdere nemmeno un cliente, anche fuori dall&#8217;orario e dai giorni di lavoro, 24h su 24h.<\/li>\n\n\n\n<li>Il risparmio su investimenti, che si dovrebbero fare per una corretta gestione della vostra attivit\u00e0 su Internet, sia come costi iniziali di acquisto di beni, che come costi di manutenzione e gestione e sia sulla forza lavoro.<\/li>\n<\/ul>\n\n\n\n<h3 class=\"wp-block-heading\">Cosa offriamo<\/h3>\n\n\n\n<p><br>La nostra azienda metter\u00e0 a disposizione dei clienti dell&#8217;utente un ufficio commerciale con le seguenti caratteristiche:<br><br><\/p>\n\n\n\n<ul class=\"wp-block-list\">\n<li>Un Telefono di rete fissa (a richiesta anche con&nbsp;<strong>numero verde<\/strong>&nbsp;&#8211; da preventivare a parte.<\/li>\n\n\n\n<li>Tre sistemi Fax con due numeri a disposizione.<\/li>\n\n\n\n<li>Tre caselle di posta elettronica E-Mail (o pre comunicate dall&#8217;utente o realizzate da noi)<\/li>\n\n\n\n<li>Una Segreteria Virtuale e una Reale.<\/li>\n\n\n\n<li>Una Home Page aziendale, con l&#8217;esposizione dei vostri principali prodotti\/servizi (max. 10 art.)<\/li>\n\n\n\n<li>La gestione di tutte le comunicazioni, sia per informazioni e sia per l&#8217;ordinazione dei vostri prodotti\/servizi.<\/li>\n<\/ul>\n\n\n\n<p>La gestione delle comunicazioni e delle ordinazioni, a mezzo telefono e il servizio di segreteria reale, saranno attivi dal Luned\u00ec al Venerd\u00ec, dalle ore 09:00 alle ore 12:30 e dalle ore 16:00 alle ore 19:00 escluso giorni festivi.<br>La ricezione delle comunicazioni Fax, E-Mail, Segreteria Virtuale e Home Page aziendale, sar\u00e0 attiva 24h su 24h.<\/p>\n\n\n\n<p><br>La gestione dei pagamenti dei vostri clienti, potr\u00e0 essere effettuata con Bonifico Bancario e\/o Postale, o Contrassegno, i dati per la gestione dei pagamenti saranno gli stessi che utilizzate normalmente, (nel caso di pagamenti con Carta di Credito on line, possiamo organizzare noi la gestione tramite Banca Sella, il costo dell&#8217;attivazione e della gestione da parte della Banca sono da preventivare a parte).<\/p>\n\n\n\n<p><br>Tutti i dati che riguardano i 10 prodotti\/servizi dell&#8217;utente da inserire nella Home Page aziendale, dovranno essere comunicati dall&#8217;utente stesso, all&#8217;atto della sottoscrizione del contratto e inseriti nella scheda tecnica,&nbsp;<strong>Dati per il servizio Gestione Ufficio Commerciale.<\/strong><br>Tutti gli altri dati utili per l&#8217;attivazione del servizio&nbsp;<strong>Gestione Ufficio Commerciale<\/strong>&nbsp;dovranno essere consegnati dall&#8217;utente sotto forma cartacea anche a mezzo depliant informativi, i quali dati saranno utilizzati solo dalla nostra azienda, per la gestione completa del servizio.<\/p>\n\n\n\n<p><br>La gestione della consegna dei prodotti\/servizi, sar\u00e0 curata dall&#8217;utente; (a richiesta possiamo consigliare noi il corriere).<br>Per quanto riguarda la realizzazione della Home Page aziendale, sar\u00e0 curata solo dalla nostra azienda, la quale sceglier\u00e0 sia il metodo di realizzazione, sia lo spazio hosting dove sar\u00e0 ospitata; (a richiesta possiamo realizzare una Home Page del tutto personalizzabile dall&#8217;utente.<\/p>\n\n\n\n<p><strong>Per info e preventivi<\/strong>:<\/p>\n\n\n\n<div class=\"wp-block-buttons has-white-background-color has-background is-layout-flex wp-block-buttons-is-layout-flex\">\n<div class=\"wp-block-button\"><a class=\"wp-block-button__link wp-element-button\" href=\"https:\/\/www.enw-ltd.net\/index.php\/contattaci\/\">Contattaci<\/a><\/div>\n<\/div>\n","protected":false},"excerpt":{"rendered":"<p>E&#8217;\u00a0un servizio indicato\u00a0per utenti che non hanno, ne il tempo e\/o mezzi per poter gestire la propria attivit\u00e0 su Internet.E&#8217;\u00a0rivolto a privati, ditte individuali, aziende, societ\u00e0, liberi professionisti, associazioni ed enti.Il servizio consiste\u00a0nella gestione completa dell&#8217;attivit\u00e0 svolta dall&#8217;utente, sulla rete internet, anche attraverso il sito web gi\u00e0 esistente dell&#8217;utente, la nostra azienda si sostituir\u00e0 al&hellip; <br \/> <a class=\"read-more\" href=\"https:\/\/www.enw-ltd.net\/index.php\/virtual-office\/\">Leggi tutto<\/a><\/p>\n","protected":false},"author":1,"featured_media":0,"parent":0,"menu_order":0,"comment_status":"closed","ping_status":"closed","template":"","meta":{"ngg_post_thumbnail":0,"footnotes":""},"class_list":["post-48","page","type-page","status-publish","hentry"],"yoast_head":"<!-- This site is optimized with the Yoast SEO plugin v27.0 - https:\/\/yoast.com\/product\/yoast-seo-wordpress\/ -->\n<title>Virtual Office - E.N.W. Ltd<\/title>\n<meta name=\"description\" content=\"Il Virtual Office \u00e8\u00a0un servizio indicato\u00a0per utenti che non hanno il tempo e\/o i mezzi per poter gestire la propria attivit\u00e0 su Internet.\" \/>\n<meta name=\"robots\" content=\"index, follow, max-snippet:-1, max-image-preview:large, max-video-preview:-1\" \/>\n<link rel=\"canonical\" href=\"https:\/\/www.enw-ltd.net\/index.php\/virtual-office\/\" \/>\n<meta property=\"og:locale\" content=\"it_IT\" \/>\n<meta property=\"og:type\" content=\"article\" \/>\n<meta property=\"og:title\" content=\"Virtual Office - E.N.W. Ltd\" \/>\n<meta property=\"og:description\" content=\"Il Virtual Office \u00e8\u00a0un servizio indicato\u00a0per utenti che non hanno il tempo e\/o i mezzi per poter gestire la propria attivit\u00e0 su Internet.\" \/>\n<meta property=\"og:url\" content=\"https:\/\/www.enw-ltd.net\/index.php\/virtual-office\/\" \/>\n<meta property=\"og:site_name\" content=\"E.N.W. Ltd\" \/>\n<meta property=\"article:publisher\" content=\"https:\/\/www.facebook.com\/groups\/126257133631\" \/>\n<meta property=\"article:modified_time\" content=\"2025-02-12T15:21:18+00:00\" \/>\n<meta property=\"og:image\" content=\"https:\/\/www.enw-ltd.net\/wp-content\/uploads\/2025\/01\/pngegg-10.png\" \/>\n<meta name=\"twitter:card\" content=\"summary_large_image\" \/>\n<meta name=\"twitter:label1\" content=\"Tempo di lettura stimato\" \/>\n\t<meta name=\"twitter:data1\" content=\"4 minuti\" \/>\n<script type=\"application\/ld+json\" class=\"yoast-schema-graph\">{\"@context\":\"https:\/\/schema.org\",\"@graph\":[{\"@type\":\"WebPage\",\"@id\":\"https:\/\/www.enw-ltd.net\/index.php\/virtual-office\/\",\"url\":\"https:\/\/www.enw-ltd.net\/index.php\/virtual-office\/\",\"name\":\"Virtual Office - E.N.W. Ltd\",\"isPartOf\":{\"@id\":\"https:\/\/www.enw-ltd.net\/#website\"},\"primaryImageOfPage\":{\"@id\":\"https:\/\/www.enw-ltd.net\/index.php\/virtual-office\/#primaryimage\"},\"image\":{\"@id\":\"https:\/\/www.enw-ltd.net\/index.php\/virtual-office\/#primaryimage\"},\"thumbnailUrl\":\"https:\/\/www.enw-ltd.net\/wp-content\/uploads\/2025\/01\/pngegg-10.png\",\"datePublished\":\"2025-01-13T13:17:06+00:00\",\"dateModified\":\"2025-02-12T15:21:18+00:00\",\"description\":\"Il Virtual Office \u00e8\u00a0un servizio indicato\u00a0per utenti che non hanno il tempo e\/o i mezzi per poter gestire la propria attivit\u00e0 su Internet.\",\"breadcrumb\":{\"@id\":\"https:\/\/www.enw-ltd.net\/index.php\/virtual-office\/#breadcrumb\"},\"inLanguage\":\"it-IT\",\"potentialAction\":[{\"@type\":\"ReadAction\",\"target\":[\"https:\/\/www.enw-ltd.net\/index.php\/virtual-office\/\"]}]},{\"@type\":\"ImageObject\",\"inLanguage\":\"it-IT\",\"@id\":\"https:\/\/www.enw-ltd.net\/index.php\/virtual-office\/#primaryimage\",\"url\":\"https:\/\/www.enw-ltd.net\/wp-content\/uploads\/2025\/01\/pngegg-10.png\",\"contentUrl\":\"https:\/\/www.enw-ltd.net\/wp-content\/uploads\/2025\/01\/pngegg-10.png\",\"width\":600,\"height\":500},{\"@type\":\"BreadcrumbList\",\"@id\":\"https:\/\/www.enw-ltd.net\/index.php\/virtual-office\/#breadcrumb\",\"itemListElement\":[{\"@type\":\"ListItem\",\"position\":1,\"name\":\"Home\",\"item\":\"https:\/\/www.enw-ltd.net\/\"},{\"@type\":\"ListItem\",\"position\":2,\"name\":\"Virtual Office\"}]},{\"@type\":\"WebSite\",\"@id\":\"https:\/\/www.enw-ltd.net\/#website\",\"url\":\"https:\/\/www.enw-ltd.net\/\",\"name\":\"www.enw-ltd.net\",\"description\":\"Aspire, Build, Achieve\",\"publisher\":{\"@id\":\"https:\/\/www.enw-ltd.net\/#organization\"},\"potentialAction\":[{\"@type\":\"SearchAction\",\"target\":{\"@type\":\"EntryPoint\",\"urlTemplate\":\"https:\/\/www.enw-ltd.net\/?s={search_term_string}\"},\"query-input\":{\"@type\":\"PropertyValueSpecification\",\"valueRequired\":true,\"valueName\":\"search_term_string\"}}],\"inLanguage\":\"it-IT\"},{\"@type\":\"Organization\",\"@id\":\"https:\/\/www.enw-ltd.net\/#organization\",\"name\":\"E.N.W. Ltd\",\"url\":\"https:\/\/www.enw-ltd.net\/\",\"logo\":{\"@type\":\"ImageObject\",\"inLanguage\":\"it-IT\",\"@id\":\"https:\/\/www.enw-ltd.net\/#\/schema\/logo\/image\/\",\"url\":\"https:\/\/www.enw-ltd.net\/wp-content\/uploads\/2025\/01\/logo-ENW-bianco.png\",\"contentUrl\":\"https:\/\/www.enw-ltd.net\/wp-content\/uploads\/2025\/01\/logo-ENW-bianco.png\",\"width\":992,\"height\":974,\"caption\":\"E.N.W. Ltd\"},\"image\":{\"@id\":\"https:\/\/www.enw-ltd.net\/#\/schema\/logo\/image\/\"},\"sameAs\":[\"https:\/\/www.facebook.com\/groups\/126257133631\"]}]}<\/script>\n<!-- \/ Yoast SEO plugin. -->","yoast_head_json":{"title":"Virtual Office - E.N.W. Ltd","description":"Il Virtual Office \u00e8\u00a0un servizio indicato\u00a0per utenti che non hanno il tempo e\/o i mezzi per poter gestire la propria attivit\u00e0 su Internet.","robots":{"index":"index","follow":"follow","max-snippet":"max-snippet:-1","max-image-preview":"max-image-preview:large","max-video-preview":"max-video-preview:-1"},"canonical":"https:\/\/www.enw-ltd.net\/index.php\/virtual-office\/","og_locale":"it_IT","og_type":"article","og_title":"Virtual Office - E.N.W. Ltd","og_description":"Il Virtual Office \u00e8\u00a0un servizio indicato\u00a0per utenti che non hanno il tempo e\/o i mezzi per poter gestire la propria attivit\u00e0 su Internet.","og_url":"https:\/\/www.enw-ltd.net\/index.php\/virtual-office\/","og_site_name":"E.N.W. Ltd","article_publisher":"https:\/\/www.facebook.com\/groups\/126257133631","article_modified_time":"2025-02-12T15:21:18+00:00","og_image":[{"url":"https:\/\/www.enw-ltd.net\/wp-content\/uploads\/2025\/01\/pngegg-10.png","type":"","width":"","height":""}],"twitter_card":"summary_large_image","twitter_misc":{"Tempo di lettura stimato":"4 minuti"},"schema":{"@context":"https:\/\/schema.org","@graph":[{"@type":"WebPage","@id":"https:\/\/www.enw-ltd.net\/index.php\/virtual-office\/","url":"https:\/\/www.enw-ltd.net\/index.php\/virtual-office\/","name":"Virtual Office - E.N.W. Ltd","isPartOf":{"@id":"https:\/\/www.enw-ltd.net\/#website"},"primaryImageOfPage":{"@id":"https:\/\/www.enw-ltd.net\/index.php\/virtual-office\/#primaryimage"},"image":{"@id":"https:\/\/www.enw-ltd.net\/index.php\/virtual-office\/#primaryimage"},"thumbnailUrl":"https:\/\/www.enw-ltd.net\/wp-content\/uploads\/2025\/01\/pngegg-10.png","datePublished":"2025-01-13T13:17:06+00:00","dateModified":"2025-02-12T15:21:18+00:00","description":"Il Virtual Office \u00e8\u00a0un servizio indicato\u00a0per utenti che non hanno il tempo e\/o i mezzi per poter gestire la propria attivit\u00e0 su Internet.","breadcrumb":{"@id":"https:\/\/www.enw-ltd.net\/index.php\/virtual-office\/#breadcrumb"},"inLanguage":"it-IT","potentialAction":[{"@type":"ReadAction","target":["https:\/\/www.enw-ltd.net\/index.php\/virtual-office\/"]}]},{"@type":"ImageObject","inLanguage":"it-IT","@id":"https:\/\/www.enw-ltd.net\/index.php\/virtual-office\/#primaryimage","url":"https:\/\/www.enw-ltd.net\/wp-content\/uploads\/2025\/01\/pngegg-10.png","contentUrl":"https:\/\/www.enw-ltd.net\/wp-content\/uploads\/2025\/01\/pngegg-10.png","width":600,"height":500},{"@type":"BreadcrumbList","@id":"https:\/\/www.enw-ltd.net\/index.php\/virtual-office\/#breadcrumb","itemListElement":[{"@type":"ListItem","position":1,"name":"Home","item":"https:\/\/www.enw-ltd.net\/"},{"@type":"ListItem","position":2,"name":"Virtual Office"}]},{"@type":"WebSite","@id":"https:\/\/www.enw-ltd.net\/#website","url":"https:\/\/www.enw-ltd.net\/","name":"www.enw-ltd.net","description":"Aspire, Build, Achieve","publisher":{"@id":"https:\/\/www.enw-ltd.net\/#organization"},"potentialAction":[{"@type":"SearchAction","target":{"@type":"EntryPoint","urlTemplate":"https:\/\/www.enw-ltd.net\/?s={search_term_string}"},"query-input":{"@type":"PropertyValueSpecification","valueRequired":true,"valueName":"search_term_string"}}],"inLanguage":"it-IT"},{"@type":"Organization","@id":"https:\/\/www.enw-ltd.net\/#organization","name":"E.N.W. Ltd","url":"https:\/\/www.enw-ltd.net\/","logo":{"@type":"ImageObject","inLanguage":"it-IT","@id":"https:\/\/www.enw-ltd.net\/#\/schema\/logo\/image\/","url":"https:\/\/www.enw-ltd.net\/wp-content\/uploads\/2025\/01\/logo-ENW-bianco.png","contentUrl":"https:\/\/www.enw-ltd.net\/wp-content\/uploads\/2025\/01\/logo-ENW-bianco.png","width":992,"height":974,"caption":"E.N.W. Ltd"},"image":{"@id":"https:\/\/www.enw-ltd.net\/#\/schema\/logo\/image\/"},"sameAs":["https:\/\/www.facebook.com\/groups\/126257133631"]}]}},"jetpack_sharing_enabled":true,"_links":{"self":[{"href":"https:\/\/www.enw-ltd.net\/index.php\/wp-json\/wp\/v2\/pages\/48","targetHints":{"allow":["GET"]}}],"collection":[{"href":"https:\/\/www.enw-ltd.net\/index.php\/wp-json\/wp\/v2\/pages"}],"about":[{"href":"https:\/\/www.enw-ltd.net\/index.php\/wp-json\/wp\/v2\/types\/page"}],"author":[{"embeddable":true,"href":"https:\/\/www.enw-ltd.net\/index.php\/wp-json\/wp\/v2\/users\/1"}],"replies":[{"embeddable":true,"href":"https:\/\/www.enw-ltd.net\/index.php\/wp-json\/wp\/v2\/comments?post=48"}],"version-history":[{"count":5,"href":"https:\/\/www.enw-ltd.net\/index.php\/wp-json\/wp\/v2\/pages\/48\/revisions"}],"predecessor-version":[{"id":941,"href":"https:\/\/www.enw-ltd.net\/index.php\/wp-json\/wp\/v2\/pages\/48\/revisions\/941"}],"wp:attachment":[{"href":"https:\/\/www.enw-ltd.net\/index.php\/wp-json\/wp\/v2\/media?parent=48"}],"curies":[{"name":"wp","href":"https:\/\/api.w.org\/{rel}","templated":true}]}}