{"id":49,"date":"2025-01-13T14:17:06","date_gmt":"2025-01-13T13:17:06","guid":{"rendered":"http:\/\/www.enw-ltd.net\/?page_id=49"},"modified":"2025-02-10T17:48:22","modified_gmt":"2025-02-10T16:48:22","slug":"telefonia-voip","status":"publish","type":"page","link":"https:\/\/www.enw-ltd.net\/index.php\/telefonia-voip\/","title":{"rendered":"Telefonia Voip"},"content":{"rendered":"\n<figure class=\"wp-block-image size-full is-resized\"><img loading=\"lazy\" decoding=\"async\" width=\"632\" height=\"464\" src=\"https:\/\/www.enw-ltd.net\/wp-content\/uploads\/2025\/01\/pngegg-11-2.png\" alt=\"\" class=\"wp-image-666\" style=\"width:399px;height:auto\" srcset=\"https:\/\/www.enw-ltd.net\/wp-content\/uploads\/2025\/01\/pngegg-11-2.png 632w, https:\/\/www.enw-ltd.net\/wp-content\/uploads\/2025\/01\/pngegg-11-2-300x220.png 300w\" sizes=\"auto, (max-width: 632px) 100vw, 632px\" \/><\/figure>\n\n\n\n<p>Internet ha consentito lo sviluppo della New Economy, dell&#8217;e-business,dell&#8217;E-commerce rivoluzionando il mondo dell&#8217;Informazione, della Tecnologia e delle Telecomunicazioni favorendo anche la crescita della Telefonia Voip. La Telefonia Voip, ovvero la trasmissione della voce basata sul protocollo IP, ha aperto un mondo completamente nuovo ai Partner che operano nel settore.<br><br>Grazie alla Telefonia Voip, \u00e8 possibile oggi integrare, in un&#8217;unica infrastruttura, le applicazioni di rete, voce e dati, realizzare nuovi servizi, risparmiare sui costi del traffico telefonico e su quelli di gestione della rete di telecomunicazioni.<br><br>Il mondo della telefonia tradizionale, al contrario del settore del networking, ha subito pochi cambiamenti negli ultimi decenni. Si basa ancora sui PABX (Private Automatic Branch eXchange), ovvero i centralini che permettono di effettuare le principali attivit\u00e0 di fonia. I PABX operano con la tecnologia a commutazione di circuito nata nel secolo scorso.<\/p>\n\n\n\n<figure class=\"wp-block-image size-large is-resized\"><img loading=\"lazy\" decoding=\"async\" width=\"1024\" height=\"621\" src=\"https:\/\/www.enw-ltd.net\/wp-content\/uploads\/2025\/01\/pngegg-12-1-1024x621.png\" alt=\"\" class=\"wp-image-667\" style=\"width:444px;height:auto\" srcset=\"https:\/\/www.enw-ltd.net\/wp-content\/uploads\/2025\/01\/pngegg-12-1-1024x621.png 1024w, https:\/\/www.enw-ltd.net\/wp-content\/uploads\/2025\/01\/pngegg-12-1-300x182.png 300w, https:\/\/www.enw-ltd.net\/wp-content\/uploads\/2025\/01\/pngegg-12-1-768x466.png 768w, https:\/\/www.enw-ltd.net\/wp-content\/uploads\/2025\/01\/pngegg-12-1-1536x931.png 1536w, https:\/\/www.enw-ltd.net\/wp-content\/uploads\/2025\/01\/pngegg-12-1-1782x1080.png 1782w, https:\/\/www.enw-ltd.net\/wp-content\/uploads\/2025\/01\/pngegg-12-1-1320x800.png 1320w, https:\/\/www.enw-ltd.net\/wp-content\/uploads\/2025\/01\/pngegg-12-1.png 1813w\" sizes=\"auto, (max-width: 1024px) 100vw, 1024px\" \/><\/figure>\n\n\n\n<p>Il mondo della trasmissione dati, invece, ha subito una grande rivoluzione quando \u00e0 entrato in scena un nuovo protagonista: il protocollo IP (Internet Protocol). Con la nascita della telefonia su IP, molti utenti hanno potuto far convergere il traffico dati e voce su un&#8217;unica rete ottenendo notevoli risparmi. I vantaggi dell&#8217;IP Telephony sono molti e altri se ne aggiungeranno. Ogni organizzazione in procinto di installare o sostituire un sistema telefonico valuter\u00e0 la Telefonia IP e vi trover\u00e0 decisivi benefici in termini di flessibilit\u00e0, convenienza e soprattutto disponibilit\u00e0 di applicazioni innovative.<br><br>Nella fonia tradizioale il collegamento tra due telefoni impegna la linea, preziosa risorsa, per tutta la durata della conversazione poich\u00e8 utilizza una tecnologia a &#8220;commutazione di pacchetto&#8221; (questo \u00e8 il motivo per cui le chiamate si pagano a tempo). Inoltre la tecnologia tradizionale prevede che l&#8217;ampiezza di banda dedicata sia superiore a quanto realmente serva per un&#8217;adeguata comprenzione vocale tra due persone (64Kb).<br><br>In ambiente IP, invece, grazie all&#8217;instradamento dei pacchetti, \u00e8 possibile ottimizzare la banda disponibile, consentendo al Router di instradare contemporaneamente i pacchetti relativi a chiamate differenti oppure occuparsi di altre attivit\u00e0 elaborative.<br>Tradizionalmente chi si occupa di fonia non si occupa di dati e viceversa. Due mondi separati, sia all&#8217;interno dell&#8217;azienda (con tecnici e responsabili diversi) sia all&#8217;esterno dell&#8217;azienda, con fornitori differenti per servizi di installazione e supporto. Con la Telefonia IP \u00e8 necessario un solo team interno ed un solo supporto esterno, visto che IP \u00e8 uno standard aperto.<br><br>Meno dispersione del personale e delle competenze, ma anche meno attivit\u00e0 time-consuming e ripetitive, come gestire gli spostamenti delle persone: con il protocollo IP, un dipendente pu\u00f2 cambiare postazione facilmente, senza perdere i servizi di cui disponeva prima e senza l&#8217;intervento di un tecnico.<\/p>\n\n\n\n<p>Una delle principali preoccupazioni delle aziende \u00e8 l&#8217;affidabilit\u00e0: la telefonia, per qualsiasi settore d&#8217;impresa, \u00e8 mission-critical. Un guasto di poche ore per un&#8217;azienda si traduce in un danno di grossa entit\u00e0. Inoltre, confrontando una tecnologia tradizionale e consolidata con una nuova e sofisticata i dubbi possono venire a chiunque. In realt\u00e0, l&#8217;;affidabilit\u00e0 dei centralini PABX \u00e8 legata pi\u00f9 alla loro rindondanza interna e alla continua manutenzione che a caratteristiche intrinseche della tecnologia. Il protocollo IP (nato per scopi militari legati alla sicurezza delle comunicazioni) non \u00e8 meno affidabile di una soluzione tradizionale, in una rete aziendale di Telefonia IP possono essere stabilite e implementate policy di protezione e rindondanza di livello &#8220;enterprise&#8221; per evitare qualsiasi &#8220;down&#8221; di sistema, il rischio del &#8220;single point of failure&#8221;.<br><br>Alcuni prodotti di PABX offrono la possibilit\u00e0 di inserire schede di fonia IP nei loro sistemi. Ma va detto che questo non abilita realmente l&#8217;IP Telephony. Consente di usare telefoni IP sulla rete, ma non offre il principale vantaggio della Telefonia IP: nuove applicazioni basate sul nuovo standard e la possibilit\u00e0 di utilizzarle in modo pi\u00f9 semplice. I PABX hanno gi\u00e0 molte funzioni. Ma la maggior parte sono complesse da impostare e poco usate, spesso sono funzioni che prevedono costi aggiuntivi. Invece la Telefonia IP apre la strada allo sviluppo software per i servizi vocali: spazio alla fantasia quindi per immaginare tutte le soluzioni verticali che possono essere introdotte in azienda (dal call center ai servizi dedicati per ogni dipendente) e i relativi aumenti della produttivit\u00e0 individuale.<br><strong>Per info e preventivi<\/strong>:<\/p>\n\n\n\n<div class=\"wp-block-buttons has-white-background-color has-background is-layout-flex wp-block-buttons-is-layout-flex\">\n<div class=\"wp-block-button\"><a class=\"wp-block-button__link wp-element-button\" href=\"https:\/\/www.enw-ltd.net\/index.php\/contattaci\/\">Contattaci<\/a><\/div>\n<\/div>\n","protected":false},"excerpt":{"rendered":"<p>Internet ha consentito lo sviluppo della New Economy, dell&#8217;e-business,dell&#8217;E-commerce rivoluzionando il mondo dell&#8217;Informazione, della Tecnologia e delle Telecomunicazioni favorendo anche la crescita della Telefonia Voip. La Telefonia Voip, ovvero la trasmissione della voce basata sul protocollo IP, ha aperto un mondo completamente nuovo ai Partner che operano nel settore. Grazie alla Telefonia Voip, \u00e8 possibile&hellip; <br \/> <a class=\"read-more\" href=\"https:\/\/www.enw-ltd.net\/index.php\/telefonia-voip\/\">Leggi tutto<\/a><\/p>\n","protected":false},"author":1,"featured_media":0,"parent":0,"menu_order":0,"comment_status":"closed","ping_status":"closed","template":"","meta":{"ngg_post_thumbnail":0,"footnotes":""},"class_list":["post-49","page","type-page","status-publish","hentry"],"yoast_head":"<!-- This site is optimized with the Yoast SEO plugin v27.0 - https:\/\/yoast.com\/product\/yoast-seo-wordpress\/ -->\n<title>Telefonia Voip - E.N.W. Ltd<\/title>\n<meta name=\"description\" content=\"La Telefonia Voip, ovvero la trasmissione della voce basata sul protocollo IP, ha aperto un mondo completamente nuovo.\" \/>\n<meta name=\"robots\" content=\"index, follow, max-snippet:-1, max-image-preview:large, max-video-preview:-1\" \/>\n<link rel=\"canonical\" href=\"https:\/\/www.enw-ltd.net\/index.php\/telefonia-voip\/\" \/>\n<meta property=\"og:locale\" content=\"it_IT\" \/>\n<meta property=\"og:type\" content=\"article\" \/>\n<meta property=\"og:title\" content=\"Telefonia Voip - E.N.W. Ltd\" \/>\n<meta property=\"og:description\" content=\"La Telefonia Voip, ovvero la trasmissione della voce basata sul protocollo IP, ha aperto un mondo completamente nuovo.\" \/>\n<meta property=\"og:url\" content=\"https:\/\/www.enw-ltd.net\/index.php\/telefonia-voip\/\" \/>\n<meta property=\"og:site_name\" content=\"E.N.W. Ltd\" \/>\n<meta property=\"article:publisher\" content=\"https:\/\/www.facebook.com\/groups\/126257133631\" \/>\n<meta property=\"article:modified_time\" content=\"2025-02-10T16:48:22+00:00\" \/>\n<meta property=\"og:image\" content=\"https:\/\/www.enw-ltd.net\/wp-content\/uploads\/2025\/01\/pngegg-11-2.png\" \/>\n<meta name=\"twitter:card\" content=\"summary_large_image\" \/>\n<meta name=\"twitter:label1\" content=\"Tempo di lettura stimato\" \/>\n\t<meta name=\"twitter:data1\" content=\"5 minuti\" \/>\n<script type=\"application\/ld+json\" class=\"yoast-schema-graph\">{\"@context\":\"https:\/\/schema.org\",\"@graph\":[{\"@type\":\"WebPage\",\"@id\":\"https:\/\/www.enw-ltd.net\/index.php\/telefonia-voip\/\",\"url\":\"https:\/\/www.enw-ltd.net\/index.php\/telefonia-voip\/\",\"name\":\"Telefonia Voip - E.N.W. Ltd\",\"isPartOf\":{\"@id\":\"https:\/\/www.enw-ltd.net\/#website\"},\"primaryImageOfPage\":{\"@id\":\"https:\/\/www.enw-ltd.net\/index.php\/telefonia-voip\/#primaryimage\"},\"image\":{\"@id\":\"https:\/\/www.enw-ltd.net\/index.php\/telefonia-voip\/#primaryimage\"},\"thumbnailUrl\":\"https:\/\/www.enw-ltd.net\/wp-content\/uploads\/2025\/01\/pngegg-11-2.png\",\"datePublished\":\"2025-01-13T13:17:06+00:00\",\"dateModified\":\"2025-02-10T16:48:22+00:00\",\"description\":\"La Telefonia Voip, ovvero la trasmissione della voce basata sul protocollo IP, ha aperto un mondo completamente nuovo.\",\"breadcrumb\":{\"@id\":\"https:\/\/www.enw-ltd.net\/index.php\/telefonia-voip\/#breadcrumb\"},\"inLanguage\":\"it-IT\",\"potentialAction\":[{\"@type\":\"ReadAction\",\"target\":[\"https:\/\/www.enw-ltd.net\/index.php\/telefonia-voip\/\"]}]},{\"@type\":\"ImageObject\",\"inLanguage\":\"it-IT\",\"@id\":\"https:\/\/www.enw-ltd.net\/index.php\/telefonia-voip\/#primaryimage\",\"url\":\"https:\/\/www.enw-ltd.net\/wp-content\/uploads\/2025\/01\/pngegg-11-2.png\",\"contentUrl\":\"https:\/\/www.enw-ltd.net\/wp-content\/uploads\/2025\/01\/pngegg-11-2.png\",\"width\":632,\"height\":464},{\"@type\":\"BreadcrumbList\",\"@id\":\"https:\/\/www.enw-ltd.net\/index.php\/telefonia-voip\/#breadcrumb\",\"itemListElement\":[{\"@type\":\"ListItem\",\"position\":1,\"name\":\"Home\",\"item\":\"https:\/\/www.enw-ltd.net\/\"},{\"@type\":\"ListItem\",\"position\":2,\"name\":\"Telefonia Voip\"}]},{\"@type\":\"WebSite\",\"@id\":\"https:\/\/www.enw-ltd.net\/#website\",\"url\":\"https:\/\/www.enw-ltd.net\/\",\"name\":\"www.enw-ltd.net\",\"description\":\"Aspire, Build, Achieve\",\"publisher\":{\"@id\":\"https:\/\/www.enw-ltd.net\/#organization\"},\"potentialAction\":[{\"@type\":\"SearchAction\",\"target\":{\"@type\":\"EntryPoint\",\"urlTemplate\":\"https:\/\/www.enw-ltd.net\/?s={search_term_string}\"},\"query-input\":{\"@type\":\"PropertyValueSpecification\",\"valueRequired\":true,\"valueName\":\"search_term_string\"}}],\"inLanguage\":\"it-IT\"},{\"@type\":\"Organization\",\"@id\":\"https:\/\/www.enw-ltd.net\/#organization\",\"name\":\"E.N.W. Ltd\",\"url\":\"https:\/\/www.enw-ltd.net\/\",\"logo\":{\"@type\":\"ImageObject\",\"inLanguage\":\"it-IT\",\"@id\":\"https:\/\/www.enw-ltd.net\/#\/schema\/logo\/image\/\",\"url\":\"https:\/\/www.enw-ltd.net\/wp-content\/uploads\/2025\/01\/logo-ENW-bianco.png\",\"contentUrl\":\"https:\/\/www.enw-ltd.net\/wp-content\/uploads\/2025\/01\/logo-ENW-bianco.png\",\"width\":992,\"height\":974,\"caption\":\"E.N.W. Ltd\"},\"image\":{\"@id\":\"https:\/\/www.enw-ltd.net\/#\/schema\/logo\/image\/\"},\"sameAs\":[\"https:\/\/www.facebook.com\/groups\/126257133631\"]}]}<\/script>\n<!-- \/ Yoast SEO plugin. -->","yoast_head_json":{"title":"Telefonia Voip - E.N.W. Ltd","description":"La Telefonia Voip, ovvero la trasmissione della voce basata sul protocollo IP, ha aperto un mondo completamente nuovo.","robots":{"index":"index","follow":"follow","max-snippet":"max-snippet:-1","max-image-preview":"max-image-preview:large","max-video-preview":"max-video-preview:-1"},"canonical":"https:\/\/www.enw-ltd.net\/index.php\/telefonia-voip\/","og_locale":"it_IT","og_type":"article","og_title":"Telefonia Voip - E.N.W. Ltd","og_description":"La Telefonia Voip, ovvero la trasmissione della voce basata sul protocollo IP, ha aperto un mondo completamente nuovo.","og_url":"https:\/\/www.enw-ltd.net\/index.php\/telefonia-voip\/","og_site_name":"E.N.W. Ltd","article_publisher":"https:\/\/www.facebook.com\/groups\/126257133631","article_modified_time":"2025-02-10T16:48:22+00:00","og_image":[{"url":"https:\/\/www.enw-ltd.net\/wp-content\/uploads\/2025\/01\/pngegg-11-2.png","type":"","width":"","height":""}],"twitter_card":"summary_large_image","twitter_misc":{"Tempo di lettura stimato":"5 minuti"},"schema":{"@context":"https:\/\/schema.org","@graph":[{"@type":"WebPage","@id":"https:\/\/www.enw-ltd.net\/index.php\/telefonia-voip\/","url":"https:\/\/www.enw-ltd.net\/index.php\/telefonia-voip\/","name":"Telefonia Voip - E.N.W. Ltd","isPartOf":{"@id":"https:\/\/www.enw-ltd.net\/#website"},"primaryImageOfPage":{"@id":"https:\/\/www.enw-ltd.net\/index.php\/telefonia-voip\/#primaryimage"},"image":{"@id":"https:\/\/www.enw-ltd.net\/index.php\/telefonia-voip\/#primaryimage"},"thumbnailUrl":"https:\/\/www.enw-ltd.net\/wp-content\/uploads\/2025\/01\/pngegg-11-2.png","datePublished":"2025-01-13T13:17:06+00:00","dateModified":"2025-02-10T16:48:22+00:00","description":"La Telefonia Voip, ovvero la trasmissione della voce basata sul protocollo IP, ha aperto un mondo completamente nuovo.","breadcrumb":{"@id":"https:\/\/www.enw-ltd.net\/index.php\/telefonia-voip\/#breadcrumb"},"inLanguage":"it-IT","potentialAction":[{"@type":"ReadAction","target":["https:\/\/www.enw-ltd.net\/index.php\/telefonia-voip\/"]}]},{"@type":"ImageObject","inLanguage":"it-IT","@id":"https:\/\/www.enw-ltd.net\/index.php\/telefonia-voip\/#primaryimage","url":"https:\/\/www.enw-ltd.net\/wp-content\/uploads\/2025\/01\/pngegg-11-2.png","contentUrl":"https:\/\/www.enw-ltd.net\/wp-content\/uploads\/2025\/01\/pngegg-11-2.png","width":632,"height":464},{"@type":"BreadcrumbList","@id":"https:\/\/www.enw-ltd.net\/index.php\/telefonia-voip\/#breadcrumb","itemListElement":[{"@type":"ListItem","position":1,"name":"Home","item":"https:\/\/www.enw-ltd.net\/"},{"@type":"ListItem","position":2,"name":"Telefonia Voip"}]},{"@type":"WebSite","@id":"https:\/\/www.enw-ltd.net\/#website","url":"https:\/\/www.enw-ltd.net\/","name":"www.enw-ltd.net","description":"Aspire, Build, Achieve","publisher":{"@id":"https:\/\/www.enw-ltd.net\/#organization"},"potentialAction":[{"@type":"SearchAction","target":{"@type":"EntryPoint","urlTemplate":"https:\/\/www.enw-ltd.net\/?s={search_term_string}"},"query-input":{"@type":"PropertyValueSpecification","valueRequired":true,"valueName":"search_term_string"}}],"inLanguage":"it-IT"},{"@type":"Organization","@id":"https:\/\/www.enw-ltd.net\/#organization","name":"E.N.W. Ltd","url":"https:\/\/www.enw-ltd.net\/","logo":{"@type":"ImageObject","inLanguage":"it-IT","@id":"https:\/\/www.enw-ltd.net\/#\/schema\/logo\/image\/","url":"https:\/\/www.enw-ltd.net\/wp-content\/uploads\/2025\/01\/logo-ENW-bianco.png","contentUrl":"https:\/\/www.enw-ltd.net\/wp-content\/uploads\/2025\/01\/logo-ENW-bianco.png","width":992,"height":974,"caption":"E.N.W. Ltd"},"image":{"@id":"https:\/\/www.enw-ltd.net\/#\/schema\/logo\/image\/"},"sameAs":["https:\/\/www.facebook.com\/groups\/126257133631"]}]}},"jetpack_sharing_enabled":true,"_links":{"self":[{"href":"https:\/\/www.enw-ltd.net\/index.php\/wp-json\/wp\/v2\/pages\/49","targetHints":{"allow":["GET"]}}],"collection":[{"href":"https:\/\/www.enw-ltd.net\/index.php\/wp-json\/wp\/v2\/pages"}],"about":[{"href":"https:\/\/www.enw-ltd.net\/index.php\/wp-json\/wp\/v2\/types\/page"}],"author":[{"embeddable":true,"href":"https:\/\/www.enw-ltd.net\/index.php\/wp-json\/wp\/v2\/users\/1"}],"replies":[{"embeddable":true,"href":"https:\/\/www.enw-ltd.net\/index.php\/wp-json\/wp\/v2\/comments?post=49"}],"version-history":[{"count":4,"href":"https:\/\/www.enw-ltd.net\/index.php\/wp-json\/wp\/v2\/pages\/49\/revisions"}],"predecessor-version":[{"id":903,"href":"https:\/\/www.enw-ltd.net\/index.php\/wp-json\/wp\/v2\/pages\/49\/revisions\/903"}],"wp:attachment":[{"href":"https:\/\/www.enw-ltd.net\/index.php\/wp-json\/wp\/v2\/media?parent=49"}],"curies":[{"name":"wp","href":"https:\/\/api.w.org\/{rel}","templated":true}]}}