{"id":50,"date":"2025-01-13T14:17:06","date_gmt":"2025-01-13T13:17:06","guid":{"rendered":"http:\/\/www.enw-ltd.net\/?page_id=50"},"modified":"2025-02-11T17:21:45","modified_gmt":"2025-02-11T16:21:45","slug":"fax-to-email","status":"publish","type":"page","link":"https:\/\/www.enw-ltd.net\/index.php\/fax-to-email\/","title":{"rendered":"Fax To Email"},"content":{"rendered":"\n<figure class=\"wp-block-image size-full is-resized\"><img loading=\"lazy\" decoding=\"async\" width=\"150\" height=\"131\" src=\"https:\/\/www.enw-ltd.net\/wp-content\/uploads\/2025\/01\/fax.png\" alt=\"\" class=\"wp-image-669\" style=\"width:178px;height:auto\"\/><\/figure>\n\n\n\n<p><strong>Questa \u00e8 la soluzione ideale per tutti coloro che usano i FAX!<\/strong><br><br>Non richiede ingombranti dispositivi n\u00e9 complicati software, non ha bisogno di una linea dedicata n\u00e9 delle spese che comporta.<br><br>Finalmente tutti potranno avere il proprio fax, senza gli aspetti negativi che spesso sono collegati a questi apparecchi: nessuna manutenzione, nessun acquisto, niente carta n\u00e9 toner.<br><br>Con questo servizio basta un accesso a Internet per ricevere i propri fax e avere subito una gestione digitale delle comunicazioni ricevute.<\/p>\n\n\n\n<figure class=\"wp-block-image size-full is-resized\"><img loading=\"lazy\" decoding=\"async\" width=\"250\" height=\"173\" src=\"https:\/\/www.enw-ltd.net\/wp-content\/uploads\/2025\/01\/fax2.png\" alt=\"\" class=\"wp-image-671\" style=\"width:261px;height:auto\"\/><\/figure>\n\n\n\n<p>La&nbsp;<strong>E.N.W. Ltd<\/strong>&nbsp;assegner\u00e0 un numero di fax geografico, che diventer\u00e0 di propriet\u00e0 del cliente, in base alla provincia richiesta, e tutti i fax inviati al quel numero, saranno inoltrati ad una vostra email sotto forma di allegati pdf o tiff.<br><br>Per i fax in uscita, sar\u00e0 sufficiente inviare tramite email l\u2019allegato pdf o altro formato, e immettere al posto dell\u2019indirizzo email, il numero di fax del destinatario.<br><br>Richiedeteci un numero di fax in prova per poter testare questo interessante servizio.<\/p>\n\n\n\n<figure class=\"wp-block-image size-full is-resized\"><img loading=\"lazy\" decoding=\"async\" width=\"600\" height=\"341\" src=\"https:\/\/www.enw-ltd.net\/wp-content\/uploads\/2025\/01\/fax3.png\" alt=\"\" class=\"wp-image-672\" style=\"width:615px;height:auto\" srcset=\"https:\/\/www.enw-ltd.net\/wp-content\/uploads\/2025\/01\/fax3.png 600w, https:\/\/www.enw-ltd.net\/wp-content\/uploads\/2025\/01\/fax3-300x171.png 300w\" sizes=\"auto, (max-width: 600px) 100vw, 600px\" \/><\/figure>\n\n\n\n<p><strong>Per info e preventivi<\/strong>:<\/p>\n\n\n\n<div class=\"wp-block-buttons has-white-background-color has-background is-layout-flex wp-block-buttons-is-layout-flex\">\n<div class=\"wp-block-button\"><a class=\"wp-block-button__link wp-element-button\" href=\"https:\/\/www.enw-ltd.net\/index.php\/contattaci\/\">Contattaci<\/a><\/div>\n<\/div>\n","protected":false},"excerpt":{"rendered":"<p>Questa \u00e8 la soluzione ideale per tutti coloro che usano i FAX! Non richiede ingombranti dispositivi n\u00e9 complicati software, non ha bisogno di una linea dedicata n\u00e9 delle spese che comporta. Finalmente tutti potranno avere il proprio fax, senza gli aspetti negativi che spesso sono collegati a questi apparecchi: nessuna manutenzione, nessun acquisto, niente carta&hellip; <br \/> <a class=\"read-more\" href=\"https:\/\/www.enw-ltd.net\/index.php\/fax-to-email\/\">Leggi tutto<\/a><\/p>\n","protected":false},"author":1,"featured_media":0,"parent":0,"menu_order":0,"comment_status":"closed","ping_status":"closed","template":"","meta":{"ngg_post_thumbnail":0,"footnotes":""},"class_list":["post-50","page","type-page","status-publish","hentry"],"yoast_head":"<!-- This site is optimized with the Yoast SEO plugin v27.0 - https:\/\/yoast.com\/product\/yoast-seo-wordpress\/ -->\n<title>Fax To Email - E.N.W. Ltd<\/title>\n<meta name=\"description\" content=\"Tutti potranno avere il proprio fax senza gli aspetti negativi legati a questi apparecchi: nessuna manutenzione, niente carta n\u00e9 toner.\" \/>\n<meta name=\"robots\" content=\"index, follow, max-snippet:-1, max-image-preview:large, max-video-preview:-1\" \/>\n<link rel=\"canonical\" href=\"https:\/\/www.enw-ltd.net\/index.php\/fax-to-email\/\" \/>\n<meta property=\"og:locale\" content=\"it_IT\" \/>\n<meta property=\"og:type\" content=\"article\" \/>\n<meta property=\"og:title\" content=\"Fax To Email - E.N.W. Ltd\" \/>\n<meta property=\"og:description\" content=\"Tutti potranno avere il proprio fax senza gli aspetti negativi legati a questi apparecchi: nessuna manutenzione, niente carta n\u00e9 toner.\" \/>\n<meta property=\"og:url\" content=\"https:\/\/www.enw-ltd.net\/index.php\/fax-to-email\/\" \/>\n<meta property=\"og:site_name\" content=\"E.N.W. Ltd\" \/>\n<meta property=\"article:publisher\" content=\"https:\/\/www.facebook.com\/groups\/126257133631\" \/>\n<meta property=\"article:modified_time\" content=\"2025-02-11T16:21:45+00:00\" \/>\n<meta property=\"og:image\" content=\"https:\/\/www.enw-ltd.net\/wp-content\/uploads\/2025\/01\/fax.png\" \/>\n<meta name=\"twitter:card\" content=\"summary_large_image\" \/>\n<meta name=\"twitter:label1\" content=\"Tempo di lettura stimato\" \/>\n\t<meta name=\"twitter:data1\" content=\"2 minuti\" \/>\n<script type=\"application\/ld+json\" class=\"yoast-schema-graph\">{\"@context\":\"https:\/\/schema.org\",\"@graph\":[{\"@type\":\"WebPage\",\"@id\":\"https:\/\/www.enw-ltd.net\/index.php\/fax-to-email\/\",\"url\":\"https:\/\/www.enw-ltd.net\/index.php\/fax-to-email\/\",\"name\":\"Fax To Email - E.N.W. Ltd\",\"isPartOf\":{\"@id\":\"https:\/\/www.enw-ltd.net\/#website\"},\"primaryImageOfPage\":{\"@id\":\"https:\/\/www.enw-ltd.net\/index.php\/fax-to-email\/#primaryimage\"},\"image\":{\"@id\":\"https:\/\/www.enw-ltd.net\/index.php\/fax-to-email\/#primaryimage\"},\"thumbnailUrl\":\"https:\/\/www.enw-ltd.net\/wp-content\/uploads\/2025\/01\/fax.png\",\"datePublished\":\"2025-01-13T13:17:06+00:00\",\"dateModified\":\"2025-02-11T16:21:45+00:00\",\"description\":\"Tutti potranno avere il proprio fax senza gli aspetti negativi legati a questi apparecchi: nessuna manutenzione, niente carta n\u00e9 toner.\",\"breadcrumb\":{\"@id\":\"https:\/\/www.enw-ltd.net\/index.php\/fax-to-email\/#breadcrumb\"},\"inLanguage\":\"it-IT\",\"potentialAction\":[{\"@type\":\"ReadAction\",\"target\":[\"https:\/\/www.enw-ltd.net\/index.php\/fax-to-email\/\"]}]},{\"@type\":\"ImageObject\",\"inLanguage\":\"it-IT\",\"@id\":\"https:\/\/www.enw-ltd.net\/index.php\/fax-to-email\/#primaryimage\",\"url\":\"https:\/\/www.enw-ltd.net\/wp-content\/uploads\/2025\/01\/fax.png\",\"contentUrl\":\"https:\/\/www.enw-ltd.net\/wp-content\/uploads\/2025\/01\/fax.png\",\"width\":150,\"height\":131},{\"@type\":\"BreadcrumbList\",\"@id\":\"https:\/\/www.enw-ltd.net\/index.php\/fax-to-email\/#breadcrumb\",\"itemListElement\":[{\"@type\":\"ListItem\",\"position\":1,\"name\":\"Home\",\"item\":\"https:\/\/www.enw-ltd.net\/\"},{\"@type\":\"ListItem\",\"position\":2,\"name\":\"Fax To Email\"}]},{\"@type\":\"WebSite\",\"@id\":\"https:\/\/www.enw-ltd.net\/#website\",\"url\":\"https:\/\/www.enw-ltd.net\/\",\"name\":\"www.enw-ltd.net\",\"description\":\"Aspire, Build, Achieve\",\"publisher\":{\"@id\":\"https:\/\/www.enw-ltd.net\/#organization\"},\"potentialAction\":[{\"@type\":\"SearchAction\",\"target\":{\"@type\":\"EntryPoint\",\"urlTemplate\":\"https:\/\/www.enw-ltd.net\/?s={search_term_string}\"},\"query-input\":{\"@type\":\"PropertyValueSpecification\",\"valueRequired\":true,\"valueName\":\"search_term_string\"}}],\"inLanguage\":\"it-IT\"},{\"@type\":\"Organization\",\"@id\":\"https:\/\/www.enw-ltd.net\/#organization\",\"name\":\"E.N.W. Ltd\",\"url\":\"https:\/\/www.enw-ltd.net\/\",\"logo\":{\"@type\":\"ImageObject\",\"inLanguage\":\"it-IT\",\"@id\":\"https:\/\/www.enw-ltd.net\/#\/schema\/logo\/image\/\",\"url\":\"https:\/\/www.enw-ltd.net\/wp-content\/uploads\/2025\/01\/logo-ENW-bianco.png\",\"contentUrl\":\"https:\/\/www.enw-ltd.net\/wp-content\/uploads\/2025\/01\/logo-ENW-bianco.png\",\"width\":992,\"height\":974,\"caption\":\"E.N.W. Ltd\"},\"image\":{\"@id\":\"https:\/\/www.enw-ltd.net\/#\/schema\/logo\/image\/\"},\"sameAs\":[\"https:\/\/www.facebook.com\/groups\/126257133631\"]}]}<\/script>\n<!-- \/ Yoast SEO plugin. -->","yoast_head_json":{"title":"Fax To Email - E.N.W. Ltd","description":"Tutti potranno avere il proprio fax senza gli aspetti negativi legati a questi apparecchi: nessuna manutenzione, niente carta n\u00e9 toner.","robots":{"index":"index","follow":"follow","max-snippet":"max-snippet:-1","max-image-preview":"max-image-preview:large","max-video-preview":"max-video-preview:-1"},"canonical":"https:\/\/www.enw-ltd.net\/index.php\/fax-to-email\/","og_locale":"it_IT","og_type":"article","og_title":"Fax To Email - E.N.W. Ltd","og_description":"Tutti potranno avere il proprio fax senza gli aspetti negativi legati a questi apparecchi: nessuna manutenzione, niente carta n\u00e9 toner.","og_url":"https:\/\/www.enw-ltd.net\/index.php\/fax-to-email\/","og_site_name":"E.N.W. Ltd","article_publisher":"https:\/\/www.facebook.com\/groups\/126257133631","article_modified_time":"2025-02-11T16:21:45+00:00","og_image":[{"url":"https:\/\/www.enw-ltd.net\/wp-content\/uploads\/2025\/01\/fax.png","type":"","width":"","height":""}],"twitter_card":"summary_large_image","twitter_misc":{"Tempo di lettura stimato":"2 minuti"},"schema":{"@context":"https:\/\/schema.org","@graph":[{"@type":"WebPage","@id":"https:\/\/www.enw-ltd.net\/index.php\/fax-to-email\/","url":"https:\/\/www.enw-ltd.net\/index.php\/fax-to-email\/","name":"Fax To Email - E.N.W. Ltd","isPartOf":{"@id":"https:\/\/www.enw-ltd.net\/#website"},"primaryImageOfPage":{"@id":"https:\/\/www.enw-ltd.net\/index.php\/fax-to-email\/#primaryimage"},"image":{"@id":"https:\/\/www.enw-ltd.net\/index.php\/fax-to-email\/#primaryimage"},"thumbnailUrl":"https:\/\/www.enw-ltd.net\/wp-content\/uploads\/2025\/01\/fax.png","datePublished":"2025-01-13T13:17:06+00:00","dateModified":"2025-02-11T16:21:45+00:00","description":"Tutti potranno avere il proprio fax senza gli aspetti negativi legati a questi apparecchi: nessuna manutenzione, niente carta n\u00e9 toner.","breadcrumb":{"@id":"https:\/\/www.enw-ltd.net\/index.php\/fax-to-email\/#breadcrumb"},"inLanguage":"it-IT","potentialAction":[{"@type":"ReadAction","target":["https:\/\/www.enw-ltd.net\/index.php\/fax-to-email\/"]}]},{"@type":"ImageObject","inLanguage":"it-IT","@id":"https:\/\/www.enw-ltd.net\/index.php\/fax-to-email\/#primaryimage","url":"https:\/\/www.enw-ltd.net\/wp-content\/uploads\/2025\/01\/fax.png","contentUrl":"https:\/\/www.enw-ltd.net\/wp-content\/uploads\/2025\/01\/fax.png","width":150,"height":131},{"@type":"BreadcrumbList","@id":"https:\/\/www.enw-ltd.net\/index.php\/fax-to-email\/#breadcrumb","itemListElement":[{"@type":"ListItem","position":1,"name":"Home","item":"https:\/\/www.enw-ltd.net\/"},{"@type":"ListItem","position":2,"name":"Fax To Email"}]},{"@type":"WebSite","@id":"https:\/\/www.enw-ltd.net\/#website","url":"https:\/\/www.enw-ltd.net\/","name":"www.enw-ltd.net","description":"Aspire, Build, Achieve","publisher":{"@id":"https:\/\/www.enw-ltd.net\/#organization"},"potentialAction":[{"@type":"SearchAction","target":{"@type":"EntryPoint","urlTemplate":"https:\/\/www.enw-ltd.net\/?s={search_term_string}"},"query-input":{"@type":"PropertyValueSpecification","valueRequired":true,"valueName":"search_term_string"}}],"inLanguage":"it-IT"},{"@type":"Organization","@id":"https:\/\/www.enw-ltd.net\/#organization","name":"E.N.W. Ltd","url":"https:\/\/www.enw-ltd.net\/","logo":{"@type":"ImageObject","inLanguage":"it-IT","@id":"https:\/\/www.enw-ltd.net\/#\/schema\/logo\/image\/","url":"https:\/\/www.enw-ltd.net\/wp-content\/uploads\/2025\/01\/logo-ENW-bianco.png","contentUrl":"https:\/\/www.enw-ltd.net\/wp-content\/uploads\/2025\/01\/logo-ENW-bianco.png","width":992,"height":974,"caption":"E.N.W. Ltd"},"image":{"@id":"https:\/\/www.enw-ltd.net\/#\/schema\/logo\/image\/"},"sameAs":["https:\/\/www.facebook.com\/groups\/126257133631"]}]}},"jetpack_sharing_enabled":true,"_links":{"self":[{"href":"https:\/\/www.enw-ltd.net\/index.php\/wp-json\/wp\/v2\/pages\/50","targetHints":{"allow":["GET"]}}],"collection":[{"href":"https:\/\/www.enw-ltd.net\/index.php\/wp-json\/wp\/v2\/pages"}],"about":[{"href":"https:\/\/www.enw-ltd.net\/index.php\/wp-json\/wp\/v2\/types\/page"}],"author":[{"embeddable":true,"href":"https:\/\/www.enw-ltd.net\/index.php\/wp-json\/wp\/v2\/users\/1"}],"replies":[{"embeddable":true,"href":"https:\/\/www.enw-ltd.net\/index.php\/wp-json\/wp\/v2\/comments?post=50"}],"version-history":[{"count":4,"href":"https:\/\/www.enw-ltd.net\/index.php\/wp-json\/wp\/v2\/pages\/50\/revisions"}],"predecessor-version":[{"id":910,"href":"https:\/\/www.enw-ltd.net\/index.php\/wp-json\/wp\/v2\/pages\/50\/revisions\/910"}],"wp:attachment":[{"href":"https:\/\/www.enw-ltd.net\/index.php\/wp-json\/wp\/v2\/media?parent=50"}],"curies":[{"name":"wp","href":"https:\/\/api.w.org\/{rel}","templated":true}]}}