{"id":51,"date":"2025-01-13T14:17:06","date_gmt":"2025-01-13T13:17:06","guid":{"rendered":"http:\/\/www.enw-ltd.net\/?page_id=51"},"modified":"2025-02-10T17:51:30","modified_gmt":"2025-02-10T16:51:30","slug":"telefonia-wireless","status":"publish","type":"page","link":"https:\/\/www.enw-ltd.net\/index.php\/telefonia-wireless\/","title":{"rendered":"Telefonia Wireless"},"content":{"rendered":"\n<figure class=\"wp-block-image size-full is-resized\"><img loading=\"lazy\" decoding=\"async\" width=\"500\" height=\"500\" src=\"https:\/\/www.enw-ltd.net\/wp-content\/uploads\/2025\/01\/pngegg13.png\" alt=\"\" class=\"wp-image-675\" style=\"width:303px;height:auto\" srcset=\"https:\/\/www.enw-ltd.net\/wp-content\/uploads\/2025\/01\/pngegg13.png 500w, https:\/\/www.enw-ltd.net\/wp-content\/uploads\/2025\/01\/pngegg13-300x300.png 300w, https:\/\/www.enw-ltd.net\/wp-content\/uploads\/2025\/01\/pngegg13-150x150.png 150w\" sizes=\"auto, (max-width: 500px) 100vw, 500px\" \/><\/figure>\n\n\n\n<p>Il&nbsp;<strong>VoIP<\/strong>&nbsp;permette di canalizzare telefonate vocali a terminali normali attraverso Internet, facendo risparmiare in modo considerevole il costo delle bollette telefoniche. Perch\u00e9 ci\u00f2 avvenga \u00e8 necessario per\u00f2 che si disponga di un PC, di un microfono e di cuffie, spesso scomode e ingombranti. Un&nbsp;<em>telefono cordless<\/em>&nbsp;connesso ad una unit\u00e0 ATA per telefonia VOIP d\u00e0 modo di superare tutti questi problemi.<br><br>Grazie alla tecnologia&nbsp;<em>Wi-Fi finder<\/em>&nbsp;il nostro telefono cordless individua immediatamente le reti wireless disponibili ed \u00e8 in grado di connettersi direttamente senza bisogno del computer con cui interfacciarsi. Se le reti sono senza criptazione dell\u2019ingresso basata sugli algoritmi WEP e WPA, si potr\u00e0 allora avviare una chiamata immediatamente. Se invece la rete richiede un\u2019autenticazione, \u00e8 possibile settare il cordless in modo da registrare i codici di accesso \u2013 se si conoscono \u2013 ed entrare anche in questo caso.<\/p>\n\n\n\n<p><strong>Per info e preventivi<\/strong>:<\/p>\n\n\n\n<div class=\"wp-block-buttons has-white-background-color has-background is-layout-flex wp-block-buttons-is-layout-flex\">\n<div class=\"wp-block-button\"><a class=\"wp-block-button__link wp-element-button\" href=\"https:\/\/www.enw-ltd.net\/index.php\/contattaci\/\">Contattaci<\/a><\/div>\n<\/div>\n","protected":false},"excerpt":{"rendered":"<p>Il&nbsp;VoIP&nbsp;permette di canalizzare telefonate vocali a terminali normali attraverso Internet, facendo risparmiare in modo considerevole il costo delle bollette telefoniche. Perch\u00e9 ci\u00f2 avvenga \u00e8 necessario per\u00f2 che si disponga di un PC, di un microfono e di cuffie, spesso scomode e ingombranti. Un&nbsp;telefono cordless&nbsp;connesso ad una unit\u00e0 ATA per telefonia VOIP d\u00e0 modo di superare&hellip; <br \/> <a class=\"read-more\" href=\"https:\/\/www.enw-ltd.net\/index.php\/telefonia-wireless\/\">Leggi tutto<\/a><\/p>\n","protected":false},"author":1,"featured_media":0,"parent":0,"menu_order":0,"comment_status":"closed","ping_status":"closed","template":"","meta":{"ngg_post_thumbnail":0,"footnotes":""},"class_list":["post-51","page","type-page","status-publish","hentry"],"yoast_head":"<!-- This site is optimized with the Yoast SEO plugin v27.0 - https:\/\/yoast.com\/product\/yoast-seo-wordpress\/ -->\n<title>Telefonia Wireless - E.N.W. Ltd<\/title>\n<meta name=\"description\" content=\"Il\u00a0VoIP\u00a0permette di canalizzare telefonate vocali a terminali normali attraverso Internet risparmiando nel costo delle bollette.\" \/>\n<meta name=\"robots\" content=\"index, follow, max-snippet:-1, max-image-preview:large, max-video-preview:-1\" \/>\n<link rel=\"canonical\" href=\"https:\/\/www.enw-ltd.net\/index.php\/telefonia-wireless\/\" \/>\n<meta property=\"og:locale\" content=\"it_IT\" \/>\n<meta property=\"og:type\" content=\"article\" \/>\n<meta property=\"og:title\" content=\"Telefonia Wireless - E.N.W. Ltd\" \/>\n<meta property=\"og:description\" content=\"Il\u00a0VoIP\u00a0permette di canalizzare telefonate vocali a terminali normali attraverso Internet risparmiando nel costo delle bollette.\" \/>\n<meta property=\"og:url\" content=\"https:\/\/www.enw-ltd.net\/index.php\/telefonia-wireless\/\" \/>\n<meta property=\"og:site_name\" content=\"E.N.W. Ltd\" \/>\n<meta property=\"article:publisher\" content=\"https:\/\/www.facebook.com\/groups\/126257133631\" \/>\n<meta property=\"article:modified_time\" content=\"2025-02-10T16:51:30+00:00\" \/>\n<meta property=\"og:image\" content=\"https:\/\/www.enw-ltd.net\/wp-content\/uploads\/2025\/01\/pngegg13.png\" \/>\n<meta name=\"twitter:card\" content=\"summary_large_image\" \/>\n<meta name=\"twitter:label1\" content=\"Tempo di lettura stimato\" \/>\n\t<meta name=\"twitter:data1\" content=\"1 minuto\" \/>\n<script type=\"application\/ld+json\" class=\"yoast-schema-graph\">{\"@context\":\"https:\/\/schema.org\",\"@graph\":[{\"@type\":\"WebPage\",\"@id\":\"https:\/\/www.enw-ltd.net\/index.php\/telefonia-wireless\/\",\"url\":\"https:\/\/www.enw-ltd.net\/index.php\/telefonia-wireless\/\",\"name\":\"Telefonia Wireless - E.N.W. Ltd\",\"isPartOf\":{\"@id\":\"https:\/\/www.enw-ltd.net\/#website\"},\"primaryImageOfPage\":{\"@id\":\"https:\/\/www.enw-ltd.net\/index.php\/telefonia-wireless\/#primaryimage\"},\"image\":{\"@id\":\"https:\/\/www.enw-ltd.net\/index.php\/telefonia-wireless\/#primaryimage\"},\"thumbnailUrl\":\"https:\/\/www.enw-ltd.net\/wp-content\/uploads\/2025\/01\/pngegg13.png\",\"datePublished\":\"2025-01-13T13:17:06+00:00\",\"dateModified\":\"2025-02-10T16:51:30+00:00\",\"description\":\"Il\u00a0VoIP\u00a0permette di canalizzare telefonate vocali a terminali normali attraverso Internet risparmiando nel costo delle bollette.\",\"breadcrumb\":{\"@id\":\"https:\/\/www.enw-ltd.net\/index.php\/telefonia-wireless\/#breadcrumb\"},\"inLanguage\":\"it-IT\",\"potentialAction\":[{\"@type\":\"ReadAction\",\"target\":[\"https:\/\/www.enw-ltd.net\/index.php\/telefonia-wireless\/\"]}]},{\"@type\":\"ImageObject\",\"inLanguage\":\"it-IT\",\"@id\":\"https:\/\/www.enw-ltd.net\/index.php\/telefonia-wireless\/#primaryimage\",\"url\":\"https:\/\/www.enw-ltd.net\/wp-content\/uploads\/2025\/01\/pngegg13.png\",\"contentUrl\":\"https:\/\/www.enw-ltd.net\/wp-content\/uploads\/2025\/01\/pngegg13.png\",\"width\":500,\"height\":500},{\"@type\":\"BreadcrumbList\",\"@id\":\"https:\/\/www.enw-ltd.net\/index.php\/telefonia-wireless\/#breadcrumb\",\"itemListElement\":[{\"@type\":\"ListItem\",\"position\":1,\"name\":\"Home\",\"item\":\"https:\/\/www.enw-ltd.net\/\"},{\"@type\":\"ListItem\",\"position\":2,\"name\":\"Telefonia Wireless\"}]},{\"@type\":\"WebSite\",\"@id\":\"https:\/\/www.enw-ltd.net\/#website\",\"url\":\"https:\/\/www.enw-ltd.net\/\",\"name\":\"www.enw-ltd.net\",\"description\":\"Aspire, Build, Achieve\",\"publisher\":{\"@id\":\"https:\/\/www.enw-ltd.net\/#organization\"},\"potentialAction\":[{\"@type\":\"SearchAction\",\"target\":{\"@type\":\"EntryPoint\",\"urlTemplate\":\"https:\/\/www.enw-ltd.net\/?s={search_term_string}\"},\"query-input\":{\"@type\":\"PropertyValueSpecification\",\"valueRequired\":true,\"valueName\":\"search_term_string\"}}],\"inLanguage\":\"it-IT\"},{\"@type\":\"Organization\",\"@id\":\"https:\/\/www.enw-ltd.net\/#organization\",\"name\":\"E.N.W. Ltd\",\"url\":\"https:\/\/www.enw-ltd.net\/\",\"logo\":{\"@type\":\"ImageObject\",\"inLanguage\":\"it-IT\",\"@id\":\"https:\/\/www.enw-ltd.net\/#\/schema\/logo\/image\/\",\"url\":\"https:\/\/www.enw-ltd.net\/wp-content\/uploads\/2025\/01\/logo-ENW-bianco.png\",\"contentUrl\":\"https:\/\/www.enw-ltd.net\/wp-content\/uploads\/2025\/01\/logo-ENW-bianco.png\",\"width\":992,\"height\":974,\"caption\":\"E.N.W. Ltd\"},\"image\":{\"@id\":\"https:\/\/www.enw-ltd.net\/#\/schema\/logo\/image\/\"},\"sameAs\":[\"https:\/\/www.facebook.com\/groups\/126257133631\"]}]}<\/script>\n<!-- \/ Yoast SEO plugin. -->","yoast_head_json":{"title":"Telefonia Wireless - E.N.W. Ltd","description":"Il\u00a0VoIP\u00a0permette di canalizzare telefonate vocali a terminali normali attraverso Internet risparmiando nel costo delle bollette.","robots":{"index":"index","follow":"follow","max-snippet":"max-snippet:-1","max-image-preview":"max-image-preview:large","max-video-preview":"max-video-preview:-1"},"canonical":"https:\/\/www.enw-ltd.net\/index.php\/telefonia-wireless\/","og_locale":"it_IT","og_type":"article","og_title":"Telefonia Wireless - E.N.W. Ltd","og_description":"Il\u00a0VoIP\u00a0permette di canalizzare telefonate vocali a terminali normali attraverso Internet risparmiando nel costo delle bollette.","og_url":"https:\/\/www.enw-ltd.net\/index.php\/telefonia-wireless\/","og_site_name":"E.N.W. Ltd","article_publisher":"https:\/\/www.facebook.com\/groups\/126257133631","article_modified_time":"2025-02-10T16:51:30+00:00","og_image":[{"url":"https:\/\/www.enw-ltd.net\/wp-content\/uploads\/2025\/01\/pngegg13.png","type":"","width":"","height":""}],"twitter_card":"summary_large_image","twitter_misc":{"Tempo di lettura stimato":"1 minuto"},"schema":{"@context":"https:\/\/schema.org","@graph":[{"@type":"WebPage","@id":"https:\/\/www.enw-ltd.net\/index.php\/telefonia-wireless\/","url":"https:\/\/www.enw-ltd.net\/index.php\/telefonia-wireless\/","name":"Telefonia Wireless - E.N.W. Ltd","isPartOf":{"@id":"https:\/\/www.enw-ltd.net\/#website"},"primaryImageOfPage":{"@id":"https:\/\/www.enw-ltd.net\/index.php\/telefonia-wireless\/#primaryimage"},"image":{"@id":"https:\/\/www.enw-ltd.net\/index.php\/telefonia-wireless\/#primaryimage"},"thumbnailUrl":"https:\/\/www.enw-ltd.net\/wp-content\/uploads\/2025\/01\/pngegg13.png","datePublished":"2025-01-13T13:17:06+00:00","dateModified":"2025-02-10T16:51:30+00:00","description":"Il\u00a0VoIP\u00a0permette di canalizzare telefonate vocali a terminali normali attraverso Internet risparmiando nel costo delle bollette.","breadcrumb":{"@id":"https:\/\/www.enw-ltd.net\/index.php\/telefonia-wireless\/#breadcrumb"},"inLanguage":"it-IT","potentialAction":[{"@type":"ReadAction","target":["https:\/\/www.enw-ltd.net\/index.php\/telefonia-wireless\/"]}]},{"@type":"ImageObject","inLanguage":"it-IT","@id":"https:\/\/www.enw-ltd.net\/index.php\/telefonia-wireless\/#primaryimage","url":"https:\/\/www.enw-ltd.net\/wp-content\/uploads\/2025\/01\/pngegg13.png","contentUrl":"https:\/\/www.enw-ltd.net\/wp-content\/uploads\/2025\/01\/pngegg13.png","width":500,"height":500},{"@type":"BreadcrumbList","@id":"https:\/\/www.enw-ltd.net\/index.php\/telefonia-wireless\/#breadcrumb","itemListElement":[{"@type":"ListItem","position":1,"name":"Home","item":"https:\/\/www.enw-ltd.net\/"},{"@type":"ListItem","position":2,"name":"Telefonia Wireless"}]},{"@type":"WebSite","@id":"https:\/\/www.enw-ltd.net\/#website","url":"https:\/\/www.enw-ltd.net\/","name":"www.enw-ltd.net","description":"Aspire, Build, Achieve","publisher":{"@id":"https:\/\/www.enw-ltd.net\/#organization"},"potentialAction":[{"@type":"SearchAction","target":{"@type":"EntryPoint","urlTemplate":"https:\/\/www.enw-ltd.net\/?s={search_term_string}"},"query-input":{"@type":"PropertyValueSpecification","valueRequired":true,"valueName":"search_term_string"}}],"inLanguage":"it-IT"},{"@type":"Organization","@id":"https:\/\/www.enw-ltd.net\/#organization","name":"E.N.W. Ltd","url":"https:\/\/www.enw-ltd.net\/","logo":{"@type":"ImageObject","inLanguage":"it-IT","@id":"https:\/\/www.enw-ltd.net\/#\/schema\/logo\/image\/","url":"https:\/\/www.enw-ltd.net\/wp-content\/uploads\/2025\/01\/logo-ENW-bianco.png","contentUrl":"https:\/\/www.enw-ltd.net\/wp-content\/uploads\/2025\/01\/logo-ENW-bianco.png","width":992,"height":974,"caption":"E.N.W. Ltd"},"image":{"@id":"https:\/\/www.enw-ltd.net\/#\/schema\/logo\/image\/"},"sameAs":["https:\/\/www.facebook.com\/groups\/126257133631"]}]}},"jetpack_sharing_enabled":true,"_links":{"self":[{"href":"https:\/\/www.enw-ltd.net\/index.php\/wp-json\/wp\/v2\/pages\/51","targetHints":{"allow":["GET"]}}],"collection":[{"href":"https:\/\/www.enw-ltd.net\/index.php\/wp-json\/wp\/v2\/pages"}],"about":[{"href":"https:\/\/www.enw-ltd.net\/index.php\/wp-json\/wp\/v2\/types\/page"}],"author":[{"embeddable":true,"href":"https:\/\/www.enw-ltd.net\/index.php\/wp-json\/wp\/v2\/users\/1"}],"replies":[{"embeddable":true,"href":"https:\/\/www.enw-ltd.net\/index.php\/wp-json\/wp\/v2\/comments?post=51"}],"version-history":[{"count":3,"href":"https:\/\/www.enw-ltd.net\/index.php\/wp-json\/wp\/v2\/pages\/51\/revisions"}],"predecessor-version":[{"id":904,"href":"https:\/\/www.enw-ltd.net\/index.php\/wp-json\/wp\/v2\/pages\/51\/revisions\/904"}],"wp:attachment":[{"href":"https:\/\/www.enw-ltd.net\/index.php\/wp-json\/wp\/v2\/media?parent=51"}],"curies":[{"name":"wp","href":"https:\/\/api.w.org\/{rel}","templated":true}]}}